{"id":42,"date":"2012-12-27T18:59:38","date_gmt":"2012-12-27T18:59:38","guid":{"rendered":"http:\/\/blog.uclm.es\/luisarroyo\/?page_id=42"},"modified":"2012-12-27T18:59:38","modified_gmt":"2012-12-27T18:59:38","slug":"2012-2","status":"publish","type":"page","link":"https:\/\/blog.uclm.es\/ada\/publicaciones-publications\/2012-2\/","title":{"rendered":"2012"},"content":{"rendered":"<div>\n<div>\n<p>Consuelo Alonso Garc\u00eda, \u201cLa contaminaci\u00f3n ac\u00fastica\u201d y \u201cLa protecci\u00f3n de la atm\u00f3sfera\u201d, en <em>Tratado de Derecho Ambiental<\/em>, L. Ortega y C. Alonso (Dirs.), Tirant lo Blanch, Valencia, 2012.<\/p>\n<p>Consuelo Alonso Garc\u00eda, \u201cMujeres, medio ambienta, desarrollo sostenible y pobreza<em>\u201d, <\/em>en VV. AA.,<em>\u00a0G\u00e9nero y Mujer desde una perspectiva multidisciplinar<\/em>, Aranzadi, Cizur Menor, 2012.<\/p>\n<p>Consuelo Alonso Garc\u00eda, \u201cEl nuevo r\u00e9gimen jur\u00eddico del mercado europeo de derechos de emisi\u00f3n de gases de efecto invernadero\u201d, <em>Justicia administrativa<\/em>, n\u00fam. 56, 2012.<\/p>\n<p>Consuelo Alonso Garc\u00eda, \u201c\u00bfHacia una articulaci\u00f3n de licencias urban\u00edsticas y ambientales?\u201d, <em>Revista de Urbanismo y Edificaci\u00f3n<\/em>,\u00a0 n\u00fam. 25, 2012.<\/p>\n<p>Luis Arroyo Jim\u00e9nez y M\u00f3nica Dom\u00ednguez Mart\u00edn, \u00abComunidades Aut\u00f3nomas y Municipios en la gesti\u00f3n del Sistema de Autonom\u00eda y Atenci\u00f3n a la Dependencia\u00bb, en J. M\u00aa. Rodr\u00edguez de Santiago y S. D\u00edez Sastre (Coords.), <em>La Administraci\u00f3n de la Ley de Dependencia<\/em>, Marcial Pons, 2012, Madrid\/Barcelona, 53-94.<\/p>\n<p>Miguel Beltr\u00e1n de Felipe y Ad\u00e1n Nieto Mart\u00edn, \u00abPost 9\/11Trends in International Judicial Cooperation. Human Rights as a Constraint on Extradition in Death Penalty Cases\u00bb, <em>Journal of International Criminal Justice<\/em> 10 (2012), 581-604.<\/p>\n<p>Josefa Cantero Mart\u00ednez, \u201cLa incidencia de la crisis en el personal del sector p\u00fablico instrumental: el mito de la flexibilidad del Derecho Laboral\u201d, en <em>Actas congreso AEPDA Tarragona 2012<\/em>, 2012, pp. 305-315.<\/p>\n<p>Josefa Cantero Mart\u00ednez, \u201cEl debate sobre la externalizaci\u00f3n y el n\u00famero de funcionarios en nuestras Administraciones P\u00fablicas\u201d, en <em>Crisis econ\u00f3mica y Funci\u00f3n P\u00fablica<\/em>, Fuentetaja Pastor y Cantero Mart\u00ednez (Dir.):<em> <\/em>Tecnos, Madrid, 2012, pp. 151-193.<\/p>\n<p>Josefa Cantero Mart\u00ednez, \u201cLas situaciones administrativas del empleado p\u00fablico local\u201d, en <em>Empleo p\u00fablico local. Prontuario para la selecci\u00f3n, organizaci\u00f3n y gesti\u00f3n del personal de las Entidades Locales<\/em>, La Ley, Madrid, pp. 385-502.<\/p>\n<p>Josefa Cantero Mart\u00ednez, \u201cLas medidas de racionalizaci\u00f3n de plantillas en el empleo p\u00fablico local y en un contexto de contenci\u00f3n fiscal\u201d, <em>Cuadernos de Derecho Local<\/em>, vol. 28, 2012, pp. 1-63.<\/p>\n<p>Josefa Cantero Mart\u00ednez, \u201cMar adentro. Vida, dignidad y derecho a morir, testamento vital, eutanasia\u201d en <em>Materiales did\u00e1cticos para la ense\u00f1anza del Derecho a trav\u00e9s del cine<\/em>, Revista Proyecto DeCine (ISSN, 1989-8592 e ISBN 978-84-9749-498-4). Tambi\u00e9n en \u201cEl Derecho Administrativo en el Cine\u201d, UDC, 2012, <a href=\"http:\/\/www.revistaproyectodecine.com\/\">www.revistaproyectodecine.com<\/a>.<\/p>\n<p>Francisco Delgado Piqueras, \u201cToward a European regulatory scheme for the promotion of green power: ensuring energy supply, environmental protection and sustainable development\u201d, Internetowy Przegl\u0105d Prawniczy TBSP UJ (Revista Jur\u00eddica en Internet, Universidad Jagellonia, Polonia), N\u00ba 1\/2012 (8), p\u00e1gs. 81 a 95,\u00a0 <a href=\"http:\/\/www.tbsp.pl\/\" rel=\"nofollow\">http:\/\/www.tbsp.pl<\/a>.<\/p>\n<p>Alma Patricia Dom\u00ednguez y Jos\u00e9 Antonio Moreno Molina,\u00a0\u201cSuma y sigue: el Real Decreto Legislativo 3\/2011, de 14 de noviembre, por el que se aprueba el Texto Refundido de la Ley de Contratos del Sector P\u00fablico\u201d, Diario La Ley n\u00ba 7772 (2012), Secci\u00f3n Tribuna, pp.12-16.<\/p>\n<p>Alma Patricia Dom\u00ednguez, \u201cLa incorporaci\u00f3n en el Derecho de la Uni\u00f3n Europea de la Convenci\u00f3n de la ONU sobre los Derechos de las personas con discapacidad\u201d, <em>Revista General de Derecho Administrativo<\/em>, n\u00ba 29 (2012).<\/p>\n<p>Alma Patricia Dom\u00ednguez, \u201cLa reciente legislaci\u00f3n sobre montes y recursos forestales de Castilla-la Mancha\u201d, <em>Actualidad Jur\u00eddica Ambiental<\/em>, n\u00ba 9 (2012), p\u00e1gs. 1 a 18.<\/p>\n<p>Alma Patricia Dom\u00ednguez, \u201cMedidas cautelares en la contrataci\u00f3n p\u00fablica en el Derecho de la Uni\u00f3n Europea\u201d, en AAVV, <em>Mecanismos de impugnaci\u00f3n y soluci\u00f3n de controversias con \u00e9nfasis en contrataci\u00f3n p\u00fablica<\/em>, Consultores Estrat\u00e9gicos Asociados CEAS, Quito, 2012, p\u00e1gs. 167-196.<\/p>\n<p>Isabel Gallego C\u00f3rcoles, \u201cObservatorio de jurisprudencia en materia de contratos p\u00fablicos\u201d, en <em>Observatorio de Contratos P\u00fablicos 2011, <\/em>Gimeno Feli\u00fa (Dir.), Civitas, 2012, pp. 133 a 178,<\/p>\n<p>Isabel Gallego C\u00f3rcoles, \u00abLa incidencia de la Directiva de Servicios en el medio ambiente\u00bb, en <em>Tratado de Derecho Ambiental,\u00a0<\/em>\u00a0en <em>Tratado de Derecho Ambiental<\/em>, L. Ortega y C. Alonso (Dirs.), Tirant lo Blanch, Valencia, 2012, pp. 145-195.<\/p>\n<p>Isabel Gallego C\u00f3rcoles, \u00abPublic Procurement Law in the Netherlands\u00bb, en Public Procurement in The European Union, and its Member States, S\u00e1nchez Mor\u00f3n (dir.), Lex Nova, 2012, pp. 349-389.<\/p>\n<p>Isabel Gallego C\u00f3rcoles, \u201c\u00bfPueden incluirse cl\u00e1usulas sociales en la contrataci\u00f3n p\u00fablica (y II)?\u201d, <em>Contrataci\u00f3n administrativa pr\u00e1ctica,\u00a0<\/em>\u00a0n\u00ba. 116, 2012, p\u00e1gs. 60-68<\/p>\n<p>Isabel Gallego C\u00f3rcoles, \u201cJurisprudencia europea y recurso especial en materia de contrataci\u00f3n\u201d, <em>Contrataci\u00f3n administrativa pr\u00e1ctica,<\/em> n\u00ba. 117, 2012, p\u00e1g. 48 y ss.<\/p>\n<p>Isabel Gallego C\u00f3rcoles, \u201cLa ampliaci\u00f3n del plazo concesional como f\u00f3rmula del restablecimiento del equilibrio econ\u00f3mico del contrato\u201d, <em>Contrataci\u00f3n administrativa pr\u00e1ctica,<\/em>\u00a0 n\u00ba. 118, 2012, p\u00e1gs. 54-61.<\/p>\n<p>Isabel Gallego C\u00f3rcoles, \u201cLa racionalizaci\u00f3n t\u00e9cnica de la contrataci\u00f3n: aspectos pr\u00e1cticos\u201d, <em>Contrataci\u00f3n administrativa pr\u00e1ctica,<\/em> n\u00ba. 120, 2012, p\u00e1gs. 88-103.<\/p>\n<p>Isabel Gallego C\u00f3rcoles, \u201cCriterios de valoraci\u00f3n de las ofertas\u201d, <em>Contrataci\u00f3n administrativa pr\u00e1ctica,<\/em> n\u00ba. 119, 2012, p\u00e1gs. 56-69.<\/p>\n<p>Isabel Gallego C\u00f3rcoles, \u201cRenuncia a la celebraci\u00f3n del contrato y desistimiento del procedimiento de adjudicaci\u00f3n\u201d<em> Contrataci\u00f3n administrativa pr\u00e1ctica,<\/em>\u00a0 n\u00ba. 121, 2012, p\u00e1gs. 102-109.<\/p>\n<p>Isabel Gallego C\u00f3rcoles, \u201cModificaci\u00f3n \u201ca la baja\u201d del contrato p\u00fablico\u201d,<em> Contrataci\u00f3n administrativa pr\u00e1ctica,<\/em>\u00a0 n\u00ba. 121, 2012, p\u00e1gs. 110-116.<\/p>\n<p>Isabel Gallego C\u00f3rcoles, \u201cLa suspensi\u00f3n de la ejecuci\u00f3n del contrato administrativo como causa de resoluci\u00f3n\u201d,<em> Contrataci\u00f3n administrativa pr\u00e1ctica,<\/em>\u00a0 n\u00ba. 122, 2012, p\u00e1gs. 86-92.<\/p>\n<p>Isabel Gallego C\u00f3rcoles, \u201cDesistimiento de la administraci\u00f3n y resoluci\u00f3n del contrato\u201d, <em>Contrataci\u00f3n administrativa pr\u00e1ctica,<\/em>\u00a0 N\u00ba. 122, 2012, p\u00e1gs. 78-85.<\/p>\n<p>Luis F. Maeso Seco, \u201cSobre el r\u00e9gimen jur\u00eddico de la cuesti\u00f3n prejudicial tras el tratado de Lisboa y el ATC. 86\/2011, de 9 de junio\u201d, <em>Justicia administrativa<\/em>, n\u00ba5, 2012, 7-48.<\/p>\n<p>Pablo Meix Cereceda, \u201cGovernance Through Assessment in Spain\u2019s Education System: Reflections on the Role of Educational Policy\u201d, en las Actas de la <em>II World Conference on the Right to Education and Rights in Education<\/em>, celebrada en Bruselas, 8-10 de noviembre de 2012.<\/p>\n<p>Pablo Meix Cereceda, \u201cConvivencia en el sistema educativo y autoridad del profesorado: planteamiento de un problema y respuestas en la legislaci\u00f3n auton\u00f3mica\u201d, <em>Revista espa\u00f1ola de Derecho Administrativo<\/em>, n\u00fam. 153, 2012, pp. 277-308.<\/p>\n<p>Juana Morcillo Moreno, \u201cUna crisis marcada por la globalizaci\u00f3n: intervenci\u00f3n, desregulaci\u00f3n y autorregulaci\u00f3n regulada\u201d, en <em>El Derecho p\u00fablico de la crisis econ\u00f3mica. Transparencia y sector p\u00fablico. Hacia un nuevo Derecho administrativo,\u00a0<\/em>INAP, Madrid, 2012, pp. 445-459.<\/p>\n<p>Juana Morcillo Moreno, \u201cLa devaluaci\u00f3n de los derechos estatutarios y sus garant\u00edas\u201d, <em>Revista de Administraci\u00f3n P\u00fablica<\/em>, n\u00fam. 188 (2012).<\/p>\n<p>Jos\u00e9 Antonio Moreno Molina, \u201cEl sometimiento de todos los contratos p\u00fablicos a los principios generales de contrataci\u00f3n. Sentencia del Tribunal de Justicia de la Uni\u00f3n Europea de 20 de mayo de 2010, en el asunto T-258\/06, Alemania contra Comisi\u00f3n Europea\u201d, en <em>Administraci\u00f3n y Justicia. Un an\u00e1lisis jurisprudencial. Liber amicorum Tom\u00e1s-Ram\u00f3n Fern\u00e1ndez<\/em>, vol. II, E. Garc\u00eda de Enterr\u00eda y R. Alonso (Coords.),<em> <\/em>Civitas, Pamplona, 2012, pp. 3429-3455.<\/p>\n<p>Jos\u00e9 Antonio Moreno Molina, \u201cCrisis y contrataci\u00f3n local desde la perspectiva de la Administraci\u00f3n\u201d, en <em>Anuario del Gobierno Local. Gobierno local: \u00bfCrisis o renovaci\u00f3n?<\/em>, Institut de Dret Public, Barcelona, 2012, p\u00e1gs. 117-145.<\/p>\n<p>Jos\u00e9 Antonio Moreno Molina, \u201cEl nuevo Texto Refundido de la Ley de Contratos del Sector P\u00fablico\u201d, <em>Contrataci\u00f3n Administrativa Pr\u00e1ctica<\/em> n\u00ba 115 (2012), p\u00e1gs. 5 a 24.<\/p>\n<p>Eva Nieto Garrido, \u201cLa fauna y flora silvestre\u201d, en <em>Tratado de Derecho Ambiental<\/em>, L. Ortega y C. Alonso (Dirs.), Tirant lo Blanch, Valencia, 2012.<\/p>\n<p>Eva Nieto Garrido, \u201cPossible developments of Article 298 TFUE: Towards and open, efficient and independent European administration\u201d, <em>European Public Law<\/em>, vol. 18, issue 2, 2012.<\/p>\n<p>Francisco Puerta Seguido, \u201cLa evoluci\u00f3n legal del r\u00e9gimen jur\u00eddico del contrato de concesi\u00f3n de obra p\u00fablica en el ordenamiento espa\u00f1ol\u201d, \u00a0en <em>Mecanismos de impugnaci\u00f3n y soluci\u00f3n de controversias con \u00e9nfasis en contrataci\u00f3n p\u00fablica<\/em>, Consultores Estrat\u00e9gicos Asociados Ceas C\u00eda. Ltda. (Ecuador)-Universidad de\u00a0 Castilla-La Mancha, 2012.<\/p>\n<p>Jes\u00fas Punz\u00f3n Moraleda, Francisco\u00a0S\u00e1nchez Rodr\u00edguez y Antonio Villanueva Cuevas, \u201cLas protecci\u00f3n ambiental de las costas\u201d, en <em>Tratado de Derecho Ambiental<\/em>, L. Ortega y C. Alonso (Dirs.), Tirant lo Blanch, Valencia, 2012.<\/p>\n<p>Rub\u00e9n Serrano Lozano y Jes\u00fas Punz\u00f3n Moraleda, \u201cEl modelo espa\u00f1ol de Estado de las autonom\u00edas como modelo para la descentralizaci\u00f3n pol\u00edtica en Chile\u201d, en <em>Descentralizaci\u00f3n en Iberoam\u00e9rica: el caso de Chile<\/em>, A. Iglesias Su\u00e1rez (coord.), Editorial Complutense\/FIIAPP, 2012.<\/p>\n<p>Rub\u00e9n Serrano Lozano, \u201cLa nueva regulaci\u00f3n marco de los residuos\u201d, en <em>Tratado de Derecho Ambiental<\/em>, L. Ortega y C. Alonso (Dirs.), Tirant lo Blanch, Valencia, 2012.<\/p>\n<p>Rub\u00e9n Serrano Lozano, \u201cTema 4: Las Federaciones Deportivas\u201d y \u201cTema 12: Las Subvenciones y la Financiaci\u00f3n del Deporte\u201d, en <em>Fundamentos de Derecho Deportivo<\/em>, Eduardo Gamero Casado (Coord.), Tecnos, Madrid, 2012.<\/p>\n<p>Rub\u00e9n Serrano Lozano, \u201cQuelques Nouveautes Dans Le Droit De L\u2019environnement En Espagne: \u00c0 Propos De La Directive 2006\/123\/Ce, Relative Aux Services Dans Le March\u00e9 Interieur\u201d, <em>Revue Europeenne De Droit De L\u2019Environnement<\/em>, 2012, 2.<\/p>\n<p>Dolores Utrilla Fern\u00e1ndez-Bermejo, <em>Las garant\u00edas del derecho de propiedad privada en Europa<\/em>, Thomson-Civitas, Madrid, 2012.<\/p>\n<p>Antonio Villanueva Cuevas, <em>El turismo como \u00e1mbito de intervenci\u00f3n administrativa: desde la parcialidad a la globalidad<\/em>, Alfons\u00edpolis, Cuenca, 2012.<\/p>\n<p>Antonio Villanueva Cuevas, <em>La pol\u00edtica de la Uni\u00f3n Europea en materia de turismo y sus repercusiones en la legislaci\u00f3n tur\u00edstica espa\u00f1ola<\/em>, Reus, Madrid, 2012.<\/p>\n<p>Antonio Villanueva Cuevas, \u201cLa sostenibilidad como criterio de intervenci\u00f3n p\u00fablica en materia de turismo: el ejemplo de Canarias\u201d, en VV.AA., <em>Investigaciones en materia de turismo<\/em>, Editorial Acad\u00e9mica Espa\u00f1ola, Madrid, 2012.<\/p>\n<p>Antonio Villanueva Cuevas, \u201cLa protecci\u00f3n ambiental en el sector tur\u00edstico\u201d, en L. Ortega y C. Alonso (Dirs.), <em>Tratado de Derecho Ambiental<\/em>, Tirant lo Blanch, Valencia, 2012.<\/p>\n<p>Antonio Villanueva Cuevas, \u201cLas nuevas formas de turismo como instrumento para lograr un desarrollo sostenible e integrador\u201d, <em>Actualidad Jur\u00eddica Ambiental<\/em>, abril, 2012, pgs. 1-14.<\/p>\n<p>Antonio Villanueva Cuevas, \u201c\u00bfEs posible implantar en Espa\u00f1a un modelo de desarrollo tur\u00edstico basado en la sostenibilidad y la calidad?\u201d, <em>Revista Ius, Derecho, Sociedad y Estado<\/em>, n\u00ba 19, 2012.<\/p>\n<\/div>\n<\/div>\n","protected":false},"excerpt":{"rendered":"<p>Consuelo Alonso Garc\u00eda, \u201cLa contaminaci\u00f3n ac\u00fastica\u201d y \u201cLa protecci\u00f3n de la atm\u00f3sfera\u201d, en Tratado de Derecho Ambiental, L. Ortega y C. Alonso (Dirs.), Tirant lo Blanch, Valencia, 2012. Consuelo Alonso Garc\u00eda, \u201cMujeres, medio ambienta, desarrollo sostenible y pobreza\u201d, en VV. AA.,\u00a0G\u00e9nero y Mujer desde una perspectiva multidisciplinar, Aranzadi, Cizur Menor, 2012. Consuelo Alonso Garc\u00eda, \u201cEl &hellip; <a href=\"https:\/\/blog.uclm.es\/ada\/publicaciones-publications\/2012-2\/\" class=\"more-link\">Continuar leyendo<span class=\"screen-reader-text\"> \u00ab2012\u00bb<\/span><\/a><\/p>\n","protected":false},"author":11,"featured_media":0,"parent":10,"menu_order":1,"comment_status":"open","ping_status":"open","template":"","meta":{"footnotes":""},"class_list":["post-42","page","type-page","status-publish","hentry"],"_links":{"self":[{"href":"https:\/\/blog.uclm.es\/ada\/wp-json\/wp\/v2\/pages\/42","targetHints":{"allow":["GET"]}}],"collection":[{"href":"https:\/\/blog.uclm.es\/ada\/wp-json\/wp\/v2\/pages"}],"about":[{"href":"https:\/\/blog.uclm.es\/ada\/wp-json\/wp\/v2\/types\/page"}],"author":[{"embeddable":true,"href":"https:\/\/blog.uclm.es\/ada\/wp-json\/wp\/v2\/users\/11"}],"replies":[{"embeddable":true,"href":"https:\/\/blog.uclm.es\/ada\/wp-json\/wp\/v2\/comments?post=42"}],"version-history":[{"count":0,"href":"https:\/\/blog.uclm.es\/ada\/wp-json\/wp\/v2\/pages\/42\/revisions"}],"up":[{"embeddable":true,"href":"https:\/\/blog.uclm.es\/ada\/wp-json\/wp\/v2\/pages\/10"}],"wp:attachment":[{"href":"https:\/\/blog.uclm.es\/ada\/wp-json\/wp\/v2\/media?parent=42"}],"curies":[{"name":"wp","href":"https:\/\/api.w.org\/{rel}","templated":true}]}}