{"id":39,"date":"2012-12-27T18:56:44","date_gmt":"2012-12-27T18:56:44","guid":{"rendered":"http:\/\/blog.uclm.es\/luisarroyo\/?page_id=39"},"modified":"2012-12-27T18:56:44","modified_gmt":"2012-12-27T18:56:44","slug":"tesis-doctorales","status":"publish","type":"page","link":"https:\/\/blog.uclm.es\/ada\/investigacion-2\/tesis-doctorales\/","title":{"rendered":"Tesis doctorales"},"content":{"rendered":"<p><strong>Tesis doctorales en elaboraci\u00f3n<\/strong><\/p>\n<p>Irene Ruiz Olmo, <em>El r\u00e9gimen jur\u00eddico de la energ\u00eda fotovoltaica. Especial referencia a su r\u00e9gimen retributivo.<\/em>\u00a0Direcci\u00f3n: Francisco Delgado Piqueras.<\/p>\n<p>Pedro L\u00f3pez Becerra, <em>La restructuraci\u00f3n administrativa de la tauromaquia<\/em>. Direcci\u00f3n: Nuria Garrido Cuenca e Isabel Gallego C\u00f3rcoles.<\/p>\n<p>M\u00aa Carmen Fajardo, <em>El Estatuto B\u00e1sico de las Personas con Discapacidad<\/em>. Direcci\u00f3n: Juana Morcillo Moreno y Jos\u00e9 Antonio Moreno Molina.<\/p>\n<p>Bel\u00e9n L\u00f3pez Donaire, <i>Impacto del Derecho ambiental en la empresa. Directores: M\u00aa Consuelo Alonso Garc\u00eda y Francisco Puerta Seguido <\/i><\/p>\n<p><strong>Tesis doctorales le\u00eddas<\/strong><\/p>\n<p>Pedro Padilla Ruiz, <em>La evaluaci\u00f3n de desempe\u00f1o en un contexto de mejora de la gesti\u00f3n del empleo p\u00fablico, <\/em>18\/12\/2015. Direcci\u00f3n: Josefa Cantero Mart\u00ednez.<\/p>\n<p>Estela V\u00e1zquez Lacunza, <em>Equilibrio econ\u00f3mico y revisi\u00f3n de precios en los contratos administrativos de servicios.\u00a0<\/em>2015.\u00a0Direcci\u00f3n: Isabel Gallego C\u00f3rcoles.<\/p>\n<p>Viviane Passos Gomes,\u00a0<em>La gesti\u00f3n integrada y participativa de las aguas en Brasil y Espa\u00f1a: un an\u00e1lisis de derecho comparado<\/em>, le\u00edda en la Universidad\u00a0de Sevilla el 23-6-2015.\u00a0Direcci\u00f3n: M\u00aa Carmen Ortiz de Tena y Francisco Delgado Piqueras.<\/p>\n<p>Dolores Utrilla Fern\u00e1ndez-Bermejo, <em>Expropiaci\u00f3n forzosa y beneficiario privado: bases constitucionales, r\u00e9gimen administrativo y Derecho europeo<\/em>. 2014. Direcci\u00f3n: Luis Ortega y Luis Arroyo.<\/p>\n<p>Antonio Toledo Picazo,\u00a0<em>El restablecimiento y sanci\u00f3n administrativa de la legalidad urban\u00edstica alterada<\/em>, 2012. Director: Francisco Delgado Piqueras.<\/p>\n<p>Antonio P\u00e9rez Ramos, <i>Las cl\u00e1usulas sociales en la regulaci\u00f3n de los contratos del sector p\u00fablico<\/i>, 2011. Directores: M\u00aa Consuelo Alonso Garc\u00eda y Jes\u00fas Punz\u00f3n Moraleda.<\/p>\n<p>Antonio Villanueva Cuevas, <em>Derecho Administrativa y turismo: la necesidad de un nuevo marco legislativo de intervenci\u00f3n jur\u00eddico-p\u00fablica<\/em>, 2011. Directores: Jos\u00e9 Antonio Moreno Molina y Eva Nieto Garrido.<\/p>\n<p>Juan Manuel G\u00f3mez Rodr\u00edguez, <em>Hacia una democracia ambiental administrativa para el siglo XXI<\/em>, 2010. Director: Luis Ortega \u00c1lvarez.<\/p>\n<p>Mar\u00eda Teresa Brunete de la Llave, <em>Los contratos de colaboraci\u00f3n p\u00fablico-privada. Especial aplicaci\u00f3n a las entidades locales<\/em>, 2009. Director: Jos\u00e9 Antonio Moreno Molina.<\/p>\n<p>Antonio Ju\u00e1rez Tercero, <em>Marco jur\u00eddico de las energ\u00edas renovables y el ahorro energ\u00e9tico en la Uni\u00f3n Europea: su concreci\u00f3n a Castilla-la Mancha<\/em>, 2008. Director: Jos\u00e9 Antonio Moreno Molina.<\/p>\n<p>Alessio Parente, <em>Principios de Derecho comunitario de la energ\u00eda<\/em>, 2008. Director: Luis Ortega \u00c1lvarez.<\/p>\n<p>Pablo \u00c1lvarez L\u00f3pez, <i>El procedimiento administrativo en la adopci\u00f3n internacional<\/i>, 2007. Directora: M\u00aa Consuelo Alonso Garc\u00eda.<\/p>\n<p>Luis Maeso Seco, <em>R\u00e9gimen de los directivos p\u00fablicos<\/em>, 2007. Director: Luis Ortega \u00c1lvarez.<\/p>\n<p>Alma Patricia Dom\u00ednguez Alonso, <em>La organizaci\u00f3n administrativa del agua en M\u00e9xico. Un estudio comparado desde el Derecho espa\u00f1ol<\/em>, 2007. Director: Francisco Delgado Piqueras.<\/p>\n<p>Jos\u00e9 Gerardo G\u00f3mez Melero, <em>La intervenci\u00f3n administrativa sobre la edificaci\u00f3n y usos del suelo en Castilla-La Mancha<\/em>, 2006. Francisco Delgado Piqueras.<\/p>\n<p>Francisco S\u00e1nchez Rodr\u00edguez, <em>Los servicios de inter\u00e9s econ\u00f3mico general<\/em>, 2004. Director: Luis Ortega \u00c1lvarez.<\/p>\n<p>Isaac Mart\u00edn Delgado, <em>La ejecuci\u00f3n de sentencias en la jurisdicci\u00f3n contencioso-administrativa<\/em>, 2004 (Universit\u00e0 degli Studi di Bologna). Director: Luis Ortega \u00c1lvarez.<\/p>\n<p>Isabel Gallego C\u00f3rcoles, <em>La reversi\u00f3n expropiatoria<\/em>, 2004. Directora: Dra. Carmen Chinchilla Mar\u00edn.<\/p>\n<p>Juana Morcillo Moreno, <em>Prejudicialidad y Derecho Administrativo<\/em>, 2004. Directores: Carmen Chinchilla Mar\u00edn y Francisco Delgado Piqueras.<\/p>\n<p>Julio Olmedo \u00c1lvarez, <em>La iniciativa privada empresarial en la ejecuci\u00f3n del planeamiento urban\u00edstico. Un estudio sobre la figura del agente urbanizador en el Derecho auton\u00f3mico espa\u00f1ol<\/em>, 2004. Director: Francisco Delgado Piqueras.<\/p>\n<p>Luis Arroyo Jim\u00e9nez, <em>Libre empresa y t\u00edtulos habilitantes. Especial consideraci\u00f3n de los servicios energ\u00e9ticos y de telecomunicaciones<\/em>, 2003. Director: Luis Ortega \u00c1lvarez.<\/p>\n<p>Rub\u00e9n Serrano Lozano, <em>Los residuos de envases dom\u00e9sticos<\/em>, 2002. Director: Luis Ortega \u00c1lvarez.<\/p>\n<p>Antonio Iglesias Mart\u00edn, Autonom\u00eda <em>municipal, descentralizaci\u00f3n e integraci\u00f3n europea de las entidades locales,<\/em> 2001. Director: Jos\u00e9 Antonio Moreno Molina.<\/p>\n<p>Francisco Puerta Seguido, <em>M\u00e9rito y capacidad en el acceso al empleo p\u00fablico<\/em>, 2001. Director: Luis Ortega \u00c1lvarez.<\/p>\n<p>Josefa Cantero Mart\u00ednez, <em>El empleo p\u00fablico: entre estatuto funcionarial y contrato laboral<\/em>, 1999. Director: Luis Ortega \u00c1lvarez.<\/p>\n<p>Jos\u00e9 Mar\u00eda Mag\u00e1n, <em>La circulaci\u00f3n de bienes culturales<\/em>, 1998. Director: Luis Ortega \u00c1lvarez.<\/p>\n<p>Jes\u00fas Punz\u00f3n Moraleda, <em>La acci\u00f3n de indemnizaci\u00f3n por responsabilidad extracontractual seg\u00fan el art.215.2 del T. CEE<\/em>., 1998. Director: Luis Ortega \u00c1lvarez.<\/p>\n<p>Nuria\u00a0 Garrido Cuenca, <em>El acto de gobierno<\/em>, 1996. Director: Luis Ortega \u00c1lvarez.<\/p>\n<p>Agust\u00edn Diez Moreno, Planes <em>especiales de conjuntos hist\u00f3ricos y propiedad privada. Especial referencia a Toledo<\/em>, 1996. Director: Luis Ortega \u00c1lvarez.<\/p>\n<p>Eugenio P\u00e9rez de Francisco, <em>La pol\u00edtica com\u00fan de transportes en la Comunidad Europea<\/em>, 1996. Director: Luis Ortega \u00c1lvarez.<\/p>\n<p>Luis Herrera D\u00edaz-Aguado, <em>Servicios intercomunitarios y acuerdos de cooperaci\u00f3n entre Comunidades Aut\u00f3nomas<\/em>, 1995. Director: Luis Ortega \u00c1lvarez.<\/p>\n<p>Jos\u00e9 Antonio Moreno Molina, <em>El r\u00e9gimen jur\u00eddico de la contrataci\u00f3n p\u00fablica en el Derecho comunitario europeo<\/em>, 1995. Director: Jos\u00e9 Luis Pi\u00f1ar Ma\u00f1as.<\/p>\n<p>Consuelo Alonso Garc\u00eda, <em>La protecci\u00f3n del medio urbano en Espa\u00f1a\u00a0 el tratamiento jur\u00eddico de la contaminaci\u00f3n atmosf\u00e9rica<\/em>, 1994. Director: Luis Ortega \u00c1lvarez.<\/p>\n<p>Francisco Delgado Piqueras, <em>Derecho de aguas y medio ambiente<\/em>, 1991. Director: Luis Ortega \u00c1lvarez.<\/p>\n","protected":false},"excerpt":{"rendered":"<p>Tesis doctorales en elaboraci\u00f3n Irene Ruiz Olmo, El r\u00e9gimen jur\u00eddico de la energ\u00eda fotovoltaica. Especial referencia a su r\u00e9gimen retributivo.\u00a0Direcci\u00f3n: Francisco Delgado Piqueras. Pedro L\u00f3pez Becerra, La restructuraci\u00f3n administrativa de la tauromaquia. Direcci\u00f3n: Nuria Garrido Cuenca e Isabel Gallego C\u00f3rcoles. M\u00aa Carmen Fajardo, El Estatuto B\u00e1sico de las Personas con Discapacidad. Direcci\u00f3n: Juana Morcillo Moreno &hellip; <a href=\"https:\/\/blog.uclm.es\/ada\/investigacion-2\/tesis-doctorales\/\" class=\"more-link\">Continuar leyendo<span class=\"screen-reader-text\"> \u00abTesis doctorales\u00bb<\/span><\/a><\/p>\n","protected":false},"author":11,"featured_media":0,"parent":12,"menu_order":4,"comment_status":"open","ping_status":"open","template":"","meta":{"footnotes":""},"class_list":["post-39","page","type-page","status-publish","hentry"],"_links":{"self":[{"href":"https:\/\/blog.uclm.es\/ada\/wp-json\/wp\/v2\/pages\/39","targetHints":{"allow":["GET"]}}],"collection":[{"href":"https:\/\/blog.uclm.es\/ada\/wp-json\/wp\/v2\/pages"}],"about":[{"href":"https:\/\/blog.uclm.es\/ada\/wp-json\/wp\/v2\/types\/page"}],"author":[{"embeddable":true,"href":"https:\/\/blog.uclm.es\/ada\/wp-json\/wp\/v2\/users\/11"}],"replies":[{"embeddable":true,"href":"https:\/\/blog.uclm.es\/ada\/wp-json\/wp\/v2\/comments?post=39"}],"version-history":[{"count":0,"href":"https:\/\/blog.uclm.es\/ada\/wp-json\/wp\/v2\/pages\/39\/revisions"}],"up":[{"embeddable":true,"href":"https:\/\/blog.uclm.es\/ada\/wp-json\/wp\/v2\/pages\/12"}],"wp:attachment":[{"href":"https:\/\/blog.uclm.es\/ada\/wp-json\/wp\/v2\/media?parent=39"}],"curies":[{"name":"wp","href":"https:\/\/api.w.org\/{rel}","templated":true}]}}