{"id":33,"date":"2012-12-27T18:55:26","date_gmt":"2012-12-27T18:55:26","guid":{"rendered":"http:\/\/blog.uclm.es\/luisarroyo\/?page_id=33"},"modified":"2012-12-27T18:55:26","modified_gmt":"2012-12-27T18:55:26","slug":"lineas-de-investigacion","status":"publish","type":"page","link":"https:\/\/blog.uclm.es\/ada\/investigacion-2\/lineas-de-investigacion\/","title":{"rendered":"Lineas de investigaci\u00f3n"},"content":{"rendered":"<p><strong>Derecho administrativo europeo<\/strong><\/p>\n<p>Luis Ortega, Eva Nieto, Carmen Plaza, Isaac Mart\u00edn, Luis Arroyo, Susana de la Sierra<\/p>\n<p><strong>Derecho administrativo general<\/strong><\/p>\n<p>Luis Ortega, Francisco Delgado, Jos\u00e9 A. Moreno,\u00a0Carmen Plaza, Luis Arroyo, Juana Morcillo, Dolores Utrilla<\/p>\n<p><strong>Derecho auton\u00f3mico<\/strong><\/p>\n<p>Luis Ortega, Nuria Garrido, Juana Morcillo, Luis Arroyo, Pablo Meix<\/p>\n<p><strong>Derecho local<\/strong><\/p>\n<p>Luis Ortega, Miguel Beltr\u00e1n, Francisco Delgado, Juana Morcillo<\/p>\n<p><strong>Derecho del medio ambiente<\/strong><\/p>\n<p>Luis Ortega, Consuelo Alonso, Carmen Plaza, Rub\u00e9n Serrano<\/p>\n<p><strong>Contratos del sector p\u00fablico<\/strong><\/p>\n<p>Jos\u00e9 A. Moreno, Isabel Gallego<\/p>\n<p><strong>Bienes p\u00fablicos<\/strong><\/p>\n<p>Francisco Delgado, Isabel Gallego, Carmen Plaza<\/p>\n<p><strong>Urbanismo y vivienda<\/strong><\/p>\n<p>Miguel Beltr\u00e1n, Jos\u00e9 A. Moreno, Francisco Delgado<\/p>\n<p><strong>Justicia administrativa<\/strong><\/p>\n<p>Susana de la Sierra, Isaac Mart\u00edn, Juana Morcillo<\/p>\n<p><strong>Empleo\u00a0p\u00fablico<\/strong><\/p>\n<p>Luis Ortega, Josefa Cantero, Francisco Puerta, Luis F. Maeso<\/p>\n<p><strong>Derecho p\u00fablico econ\u00f3mico<\/strong><\/p>\n<p>Luis Ortega, Luis Arroyo, Dolores Utrilla<\/p>\n<p><strong>Propiedad, expropiaci\u00f3n y responsabilidad<\/strong><\/p>\n<p>Consuelo Alonso, Jes\u00fas Punz\u00f3n,\u00a0Isabel Gallego, Dolores Utrilla<\/p>\n<p><strong>Administraci\u00f3n electr\u00f3nica<\/strong><\/p>\n<p>Isaac Mart\u00edn, Jes\u00fas Punz\u00f3n, Juana Morcillo<\/p>\n<p><strong>Derecho sanitario<\/strong><\/p>\n<p>Nuria Garrido, Josefa Cantero<\/p>\n<p><strong>Derecho de la educaci\u00f3n<\/strong><\/p>\n<p>Pablo Meix<\/p>\n<p><strong>Discapacidad y pol\u00edticas sociales<\/strong><\/p>\n<p>Jos\u00e9 A.\u00a0Moreno, Juana Morcillo<\/p>\n","protected":false},"excerpt":{"rendered":"<p>Derecho administrativo europeo Luis Ortega, Eva Nieto, Carmen Plaza, Isaac Mart\u00edn, Luis Arroyo, Susana de la Sierra Derecho administrativo general Luis Ortega, Francisco Delgado, Jos\u00e9 A. Moreno,\u00a0Carmen Plaza, Luis Arroyo, Juana Morcillo, Dolores Utrilla Derecho auton\u00f3mico Luis Ortega, Nuria Garrido, Juana Morcillo, Luis Arroyo, Pablo Meix Derecho local Luis Ortega, Miguel Beltr\u00e1n, Francisco Delgado, Juana &hellip; <a href=\"https:\/\/blog.uclm.es\/ada\/investigacion-2\/lineas-de-investigacion\/\" class=\"more-link\">Continuar leyendo<span class=\"screen-reader-text\"> \u00abLineas de investigaci\u00f3n\u00bb<\/span><\/a><\/p>\n","protected":false},"author":11,"featured_media":0,"parent":12,"menu_order":1,"comment_status":"open","ping_status":"open","template":"","meta":{"footnotes":""},"class_list":["post-33","page","type-page","status-publish","hentry"],"_links":{"self":[{"href":"https:\/\/blog.uclm.es\/ada\/wp-json\/wp\/v2\/pages\/33","targetHints":{"allow":["GET"]}}],"collection":[{"href":"https:\/\/blog.uclm.es\/ada\/wp-json\/wp\/v2\/pages"}],"about":[{"href":"https:\/\/blog.uclm.es\/ada\/wp-json\/wp\/v2\/types\/page"}],"author":[{"embeddable":true,"href":"https:\/\/blog.uclm.es\/ada\/wp-json\/wp\/v2\/users\/11"}],"replies":[{"embeddable":true,"href":"https:\/\/blog.uclm.es\/ada\/wp-json\/wp\/v2\/comments?post=33"}],"version-history":[{"count":0,"href":"https:\/\/blog.uclm.es\/ada\/wp-json\/wp\/v2\/pages\/33\/revisions"}],"up":[{"embeddable":true,"href":"https:\/\/blog.uclm.es\/ada\/wp-json\/wp\/v2\/pages\/12"}],"wp:attachment":[{"href":"https:\/\/blog.uclm.es\/ada\/wp-json\/wp\/v2\/media?parent=33"}],"curies":[{"name":"wp","href":"https:\/\/api.w.org\/{rel}","templated":true}]}}