{"id":21,"date":"2012-12-27T18:49:27","date_gmt":"2012-12-27T18:49:27","guid":{"rendered":"http:\/\/blog.uclm.es\/luisarroyo\/?page_id=21"},"modified":"2012-12-27T18:49:27","modified_gmt":"2012-12-27T18:49:27","slug":"docencia-2","status":"publish","type":"page","link":"https:\/\/blog.uclm.es\/ada\/docencia-2\/","title":{"rendered":"Docencia"},"content":{"rendered":"<p>Los profesores del \u00e1rea de Derecho administrativo imparten docencia de grado y postgrado en los cuatro campus de la UCLM, tanto en las Facultades de Derecho como en otros centros (Facultades de Ciencias Ambientales, Medicina, Ciencias del Trabajo, etc.). Adem\u00e1s de la docencia de las asignaturas de Derecho administrativo, imparten otras como Derecho ambiental, Derecho p\u00fablico de la econom\u00eda o Derecho de la Uni\u00f3n Europea. Para obtener m\u00e1s informaci\u00f3n acceda a la web de cada uno de los <a title=\"centros\" href=\"http:\/\/www.uclm.es\/centros\" target=\"_blank\" rel=\"noopener\">centros <\/a>de la UCLM o a la informaci\u00f3n relativa a los <a title=\"estudios\" href=\"http:\/\/www.uclm.es\/estudios\" target=\"_blank\" rel=\"noopener\">estudios <\/a>que imparte.<\/p>\n","protected":false},"excerpt":{"rendered":"<p>Los profesores del \u00e1rea de Derecho administrativo imparten docencia de grado y postgrado en los cuatro campus de la UCLM, tanto en las Facultades de Derecho como en otros centros (Facultades de Ciencias Ambientales, Medicina, Ciencias del Trabajo, etc.). Adem\u00e1s de la docencia de las asignaturas de Derecho administrativo, imparten otras como Derecho ambiental, Derecho &hellip; <a href=\"https:\/\/blog.uclm.es\/ada\/docencia-2\/\" class=\"more-link\">Continuar leyendo<span class=\"screen-reader-text\"> \u00abDocencia\u00bb<\/span><\/a><\/p>\n","protected":false},"author":11,"featured_media":0,"parent":0,"menu_order":4,"comment_status":"open","ping_status":"closed","template":"","meta":{"footnotes":""},"class_list":["post-21","page","type-page","status-publish","hentry"],"_links":{"self":[{"href":"https:\/\/blog.uclm.es\/ada\/wp-json\/wp\/v2\/pages\/21","targetHints":{"allow":["GET"]}}],"collection":[{"href":"https:\/\/blog.uclm.es\/ada\/wp-json\/wp\/v2\/pages"}],"about":[{"href":"https:\/\/blog.uclm.es\/ada\/wp-json\/wp\/v2\/types\/page"}],"author":[{"embeddable":true,"href":"https:\/\/blog.uclm.es\/ada\/wp-json\/wp\/v2\/users\/11"}],"replies":[{"embeddable":true,"href":"https:\/\/blog.uclm.es\/ada\/wp-json\/wp\/v2\/comments?post=21"}],"version-history":[{"count":0,"href":"https:\/\/blog.uclm.es\/ada\/wp-json\/wp\/v2\/pages\/21\/revisions"}],"wp:attachment":[{"href":"https:\/\/blog.uclm.es\/ada\/wp-json\/wp\/v2\/media?parent=21"}],"curies":[{"name":"wp","href":"https:\/\/api.w.org\/{rel}","templated":true}]}}