{"id":200,"date":"2013-02-18T09:56:03","date_gmt":"2013-02-18T08:56:03","guid":{"rendered":"http:\/\/blog.uclm.es\/ada\/?page_id=200"},"modified":"2013-02-18T09:56:03","modified_gmt":"2013-02-18T08:56:03","slug":"2013-2","status":"publish","type":"page","link":"https:\/\/blog.uclm.es\/ada\/publicaciones-publications\/2013-2\/","title":{"rendered":"2013"},"content":{"rendered":"<p>Arroyo Jim\u00e9nez, Luis, \u00ab<span style=\"color: #000000\">Hacia la normalizaci\u00f3n constitucional del Derecho de la Uni\u00f3n Europea (a prop\u00f3sito de la STC 145\/2012, de 2 de junio\u00bb, <\/span><span style=\"color: #000000\">en <i>Revista Espa\u00f1ola de Derecho Europeo<\/i>, n\u00ba. 45, 2013, pp. 139-169<\/span>.<\/p>\n<p>Arroyo Jim\u00e9nez, Luis, \u00abPuig Panella c. Espa\u00f1a. La presunci\u00f3n de inocencia y la responsabilidad patrimonial del Estado por prisi\u00f3n provisional\u00bb, en <em>Di\u00e1logo y conflicto con Europa. Las condenas a Espa\u00f1a del Tribunal Europeo de Derechos Humanos<\/em>, Rafael Alcacer, Jos\u00e9 M. S\u00e1nchez Tom\u00e1s, Margarita Belad\u00edez (eds.), Aranzadi, Pamplona, 2013.<\/p>\n<p>Cantero Mart\u00ednez, J., \u201cConstituci\u00f3n y Derecho a la protecci\u00f3n de la salud. \u00bfExiste alg\u00fan l\u00edmite frente a los recortes sanitarios?\u00bb,\u00a0<i>Revista CESCO de Derecho de Consumo.\u00a0<\/i><a href=\"http:\/\/cesco.revista.uclm.es\/index.php\/cesco\">http:\/\/cesco.revista.uclm.es\/index.php\/cesco<\/a>,\u00a0<i>N<\/i>\u00famero\u00a0 8, 2013,\u00a0Pp. 1-26, 2013,\u00a0ISSN: 2254-2582<\/p>\n<p>Cantero Mart\u00ednez, J., \u00a0\u201cLos criterios para la clasificaci\u00f3n del empleado p\u00fablico: \u00bffuncionario o laboral\u201d,\u00a0<i>Revista Vasca de Gesti\u00f3n de Personas y Organizaciones P\u00fablicas,\u00a0<\/i>N\u00famero\u00a0 5, 2013. Pp.\u00a082-99.<\/p>\n<p>Cantero Mart\u00ednez, J.,\u00a0\u201cLas pol\u00edticas sanitarias de car\u00e1cter regresivo: \u00bfQu\u00e9 niveles de protecci\u00f3n ofrece nuestro ordenamiento jur\u00eddico?, en<i>\u00a0Derecho y Salud ISS<\/i><i>N: 1133-7400,\u00a0<\/i>volumen 23, n\u00famero 2, julio-diciembre de\u00a0 2013, pp.\u00a0107-131<\/p>\n<p>Cantero Mart\u00ednez, J.,\u00a0<i>Recensi\u00f3n al libro: Despidos y otras medidas de (re) estructuraci\u00f3n de plantillas laborales en el sector p\u00fablico. Autora, Susana Rodr\u00edguez Escanciano. Editado por Iustel y la Fundaci\u00f3n Democracia y Gobierno Local, Madrid, 2013, en\u00a0<\/i><em>Actualidad Laboral<\/em>, n\u00ba 6, junio de 2013, pp.\u00a0894-897.<\/p>\n<p>Cantero Mart\u00ednez, J.,\u00a0\u201cLa Directiva 2011\/24\/UE, de 9 de marzo, relativa a los derechos de los pacientes en la asistencia sanitaria transfronteriza\u201d,\u00a02013<\/p>\n<p>Cantero Mart\u00ednez, J.: \u00ab<i>El despido colectivo de los empleados p\u00fablicos locales a la luz del Real Decreto 1484\/2012, de 29 de octubre. Primeras impresiones\u00bb,\u00a0<\/i><em>Revista de Estudios Locales<\/em>, n\u00ba 154, 2013, pp.\u00a052-68.<\/p>\n<p>Cantero Mart\u00ednez, J.: \u00ab<i>La asistencia sanitaria p\u00fablica al extranjero no comunitario y, en especial, al que carece de autorizaci\u00f3n administrativa de residencia legal en Espa\u00f1a\u00bb, en Cantero Mart\u00ednez y Palomar Olmeda (Dirs.):\u00a0<\/i><i>Tratado de Derecho Sanitario, pp.<\/i><i>\u00a0305-315, 2013, Ed. Ar<\/i><i>anzadi, Navarra.<\/i><\/p>\n<p>Delgado Piqueras, Francisco, \u00abLa protecci\u00f3n ambiental de las aguas continentales\u00bb, en <em>Tratado de Derecho Ambiental<\/em>, L. Ortega Alvarez y C. Alonso Garc\u00eda (dirs) Tirant Lo Blanch, Valencia, 2013, ISBN 978-84-9004-787-3.<\/p>\n<p>Delgado Piqueras, Francisco, \u00abLos espacios naturales protegidos\u00bb, en <em>Tratado de Derecho Ambiental<\/em>, L. Ortega Alvarez y C. Alonso Garc\u00eda (dirs) Tirant Lo Blanch, Valencia, 2013, ISBN 978-84-9004-787-3.<\/p>\n<p>Delgado Piqueras, Francisco y\u00a0Gallego C\u00f3rcoles, Isabel:\u00a0\u201cLos servicios p\u00fablicos de abastecimiento de agua y saneamiento en Castilla-La Mancha\u201d, en el libro <em>Derecho Local de Castilla-La Mancha<\/em>, ed. Iustel, p\u00e1gs. 493 a 541, 2013; ISBN978-84-9890-228-0.<\/p>\n<p>Delgado Piqueras, Francisco: \u00abAgua, Demarcaciones, Planes Y Trasvases En La Reciente Jurisprudencia Constitucional\u201d, REDA n\u00ba 174, 2015, P\u00c1GS. 317-330.<\/p>\n<p>Gallego, Isabel; Garrido, Nuria;\u00a0Delgado Piqueras, Francisco, \u201cThe Implementation of the Water Framework Directive and Territorial Disputes in Spanish Law\u201d; European Public Law vol. 2013, p\u00e1gs. 675 a 686, ISSN 1354-3725, Kluwer Law International.<\/p>\n<p>Gallego C\u00f3rcoles, Isabel, \u00abLa e-Administraci\u00f3n: un apoyo para la Agenda Local 21\u00bb, en Agenda Local 21 como instrumento de revalorizaci\u00f3n local, I.S.B.N.:978-84-7052-645-9, La Ley, 2013.<\/p>\n<p>Gallego C\u00f3rcoles, Isabel, \u00abLa incidencia de la directiva de servicios en el medio ambiente\u00bb, en Tratado de Derecho Ambiental, L. Ortega Alvarez y C. Alonso Garc\u00eda (dirs) Tirant Lo Blanch, Valencia, 2013, ISBN 978-84-9004-787-3.<\/p>\n<p>Gallego C\u00f3rcoles, Isabel, \u00abDerecho al agua, \u00bfderecho al trasvase?\u00bb en Planificaci\u00f3n y gesti\u00f3n del agua ante el cambio clim\u00e1tico: experiencias comparadas y el caso de Madrid, I.S.B.N.: 78-84-9020-124-4, La Ley, 2013.<\/p>\n<p>Gallego C\u00f3rcoles, Isabel, \u00abLa indemnizaci\u00f3n de los da\u00f1os y perjuicios ocasionados por la suspensi\u00f3n del contrato\u00bb en Contrataci\u00f3n Administrativa Pr\u00e1ctica (CAP) I.S.S.N.: 1579-3036, Volumen: 123, P\u00e1ginas 90-99, 2013.<\/p>\n<p>Garrido Cuenca, Nuria, \u00abEvaluaci\u00f3n ambiental de proyectos, planes y programas\u00bb, en Tratado de Derecho Ambiental, L. Ortega \u00c1lvarez y C. Alonso Garc\u00eda (dirs.), Ed. Tirant lo Blanch, Valencia, 2013, ISBN 978-84-9004-787-3.<\/p>\n<p>Meix Cereceda, Pablo,\u00a0<em>Descentralizaci\u00f3n de la ense\u00f1anza y derechos fundamentales. Un estudio comparado entre Espa\u00f1a y Alemania<\/em>, Ed. Instituto Nacional de Administraci\u00f3n P\u00fablica, Madrid, 2013.<\/p>\n<p>Meix Cereceda, Pablo, \u00abLa disciplina en las aulas y las recientes leyes auton\u00f3micas de autoridad del profesorado en la ense\u00f1anza obligatoria\u00bb, en Dur\u00e1n Ruiz, F. J. (Coord.): I Congreso sobre retos sociales y jur\u00eddicos para\u00a0los menores y j\u00f3venes del siglo XXI.<\/p>\n<p>Meix Cereceda, Pablo: \u201cEl Espacio Europeo de Educaci\u00f3n Superior y la evaluaci\u00f3n del profesorado en Espa\u00f1a\u201d, Documento de trabajo 2013\/3 del Seminario Permanente de Ciencias Sociales, Facultad de Ciencias Sociales de Cuenca, 2013, accesible en <a href=\"http:\/\/www.uclm.es\/CU\/csociales\/pdf\/documentosTrabajo\/2013\/3.pdf\">http:\/\/www.uclm.es\/CU\/csociales\/pdf\/documentosTrabajo\/2013\/3.pdf<\/a>.<\/p>\n<p>Morcillo Moreno, Juana, \u201cLa protecci\u00f3n de los consumidores y usuarios en el \u00e1mbito local de Castilla-La Mancha\u201d, en\u00a0<i>Derecho Local de Castilla-La Mancha<\/i>, dirigido por el prof. Delgado Piqueras, ed. Iustel, Madrid, 2013, pp. 457 a 492.<\/p>\n<p>Morcillo Moreno, Juana, \u00abLa devaluaci\u00f3n de los derechos estatutarios y sus garant\u00edas\u201d,\u00a0<i>Revista de Administraci\u00f3n P\u00fablica,\u00a0<\/i>n\u00fam. 188 (2012), pp. 99 a 144.<\/p>\n<p>Plaza Mart\u00edn,\u00a0Carmen,\u00a0\u201cMedio Ambiente en la Uni\u00f3n Europea\u201d<b>,<\/b> en L. Ortega y C. Alonso (Dir.), <i>Tratado de Derecho Ambiental<\/i>, Tirant Lo Blanch, 2013, pp. 79-142.<\/p>\n<p>VVAA. \u00abDerecho Local de Castilla-La Mancha\u00bb (director: Francisco Delgado Piqueras), ed. Iustel, p\u00e1gs. 493 a 541, 2013; ISBN978-84-9890-228-0<\/p>\n<p>VVAA. (director: Francisco Delgado Piqueras): \u00abLas Novedades del R\u00e9gimen Legal de las Aguas Subterr\u00e1neas\u00bb, n\u00famero monogr\u00e1fico de la RJCM n\u00ba 54, 2013. ISBN 84-505-64-73-5.<\/p>\n","protected":false},"excerpt":{"rendered":"<p>Arroyo Jim\u00e9nez, Luis, \u00abHacia la normalizaci\u00f3n constitucional del Derecho de la Uni\u00f3n Europea (a prop\u00f3sito de la STC 145\/2012, de 2 de junio\u00bb, en Revista Espa\u00f1ola de Derecho Europeo, n\u00ba. 45, 2013, pp. 139-169. Arroyo Jim\u00e9nez, Luis, \u00abPuig Panella c. Espa\u00f1a. La presunci\u00f3n de inocencia y la responsabilidad patrimonial del Estado por prisi\u00f3n provisional\u00bb, en &hellip; <a href=\"https:\/\/blog.uclm.es\/ada\/publicaciones-publications\/2013-2\/\" class=\"more-link\">Continuar leyendo<span class=\"screen-reader-text\"> \u00ab2013\u00bb<\/span><\/a><\/p>\n","protected":false},"author":20,"featured_media":0,"parent":10,"menu_order":0,"comment_status":"closed","ping_status":"open","template":"","meta":{"footnotes":""},"class_list":["post-200","page","type-page","status-publish","hentry"],"_links":{"self":[{"href":"https:\/\/blog.uclm.es\/ada\/wp-json\/wp\/v2\/pages\/200","targetHints":{"allow":["GET"]}}],"collection":[{"href":"https:\/\/blog.uclm.es\/ada\/wp-json\/wp\/v2\/pages"}],"about":[{"href":"https:\/\/blog.uclm.es\/ada\/wp-json\/wp\/v2\/types\/page"}],"author":[{"embeddable":true,"href":"https:\/\/blog.uclm.es\/ada\/wp-json\/wp\/v2\/users\/20"}],"replies":[{"embeddable":true,"href":"https:\/\/blog.uclm.es\/ada\/wp-json\/wp\/v2\/comments?post=200"}],"version-history":[{"count":0,"href":"https:\/\/blog.uclm.es\/ada\/wp-json\/wp\/v2\/pages\/200\/revisions"}],"up":[{"embeddable":true,"href":"https:\/\/blog.uclm.es\/ada\/wp-json\/wp\/v2\/pages\/10"}],"wp:attachment":[{"href":"https:\/\/blog.uclm.es\/ada\/wp-json\/wp\/v2\/media?parent=200"}],"curies":[{"name":"wp","href":"https:\/\/api.w.org\/{rel}","templated":true}]}}