{"id":1769,"date":"2013-03-25T22:34:28","date_gmt":"2013-03-25T21:34:28","guid":{"rendered":"http:\/\/blog.uclm.es\/ada\/?page_id=317"},"modified":"2024-10-28T11:59:21","modified_gmt":"2024-10-28T10:59:21","slug":"isabel-gallego-corcoles","status":"publish","type":"page","link":"https:\/\/blog.uclm.es\/ada\/profesorado\/isabel-gallego-corcoles\/","title":{"rendered":"Isabel Gallego C\u00f3rcoles"},"content":{"rendered":"<p><a href=\"https:\/\/blog.uclm.es\/ada\/wp-content\/uploads\/sites\/149\/2013\/03\/foto_isabel_gallego.jpg\"><img loading=\"lazy\" decoding=\"async\" class=\"alignnone size-full wp-image-318\" src=\"https:\/\/blog.uclm.es\/ada\/wp-content\/uploads\/sites\/149\/2013\/03\/foto_isabel_gallego.jpg\" alt=\"\" width=\"152\" height=\"150\" \/><\/a><\/p>\n<p>Doctora en Derecho (2004). Catedr\u00e1tica de Derecho Administrativo de la Universidad de Castilla-La Mancha desde el a\u00f1o 2021. Secretaria acad\u00e9mica de la Revista Contrataci\u00f3n administrativa pr\u00e1ctica (Wolters Kluwer, La Ley) desde su creaci\u00f3n. Codirectora del M\u00e1ster en Derecho de la Contrataci\u00f3n P\u00fablica de la Universidad de Castilla-La Mancha, que actualmente imparte su VII Edici\u00f3n. Es adem\u00e1s uno de los miembros impulsores del Observatorio de la Contrataci\u00f3n P\u00fablica.<\/p>\n<p>Sus l\u00edneas de investigaci\u00f3n m\u00e1s consolidadas son el estudio de las privaciones coactivas de la propiedad, el Derecho de aguas y el Derecho de la contrataci\u00f3n p\u00fablica.<\/p>\n<p>MATERIALES DOCENTES<br \/>\nDERECHO ADMINISTRATIVO II. SEMANA 20-25 ABRIL 2015. Versar\u00e1n sobre estos DOS archivos:<\/p>\n<p><a href=\"https:\/\/blog.uclm.es\/ada\/wp-content\/uploads\/sites\/149\/2013\/03\/contratos-1-2014.docx\">contratos 1 2014<\/a><br \/>\n<a href=\"https:\/\/blog.uclm.es\/ada\/wp-content\/uploads\/sites\/149\/2013\/03\/contratos-2.docx\">contratos 2<\/a><\/p>\n","protected":false},"excerpt":{"rendered":"<p>Doctora en Derecho (2004). Catedr\u00e1tica de Derecho Administrativo de la Universidad de Castilla-La Mancha desde el a\u00f1o 2021. Secretaria acad\u00e9mica de la Revista Contrataci\u00f3n administrativa pr\u00e1ctica (Wolters Kluwer, La Ley) desde su creaci\u00f3n. Codirectora del M\u00e1ster en Derecho de la Contrataci\u00f3n P\u00fablica de la Universidad de Castilla-La Mancha, que actualmente imparte su VII Edici\u00f3n. Es &hellip; <a href=\"https:\/\/blog.uclm.es\/ada\/profesorado\/isabel-gallego-corcoles\/\" class=\"more-link\">Continuar leyendo<span class=\"screen-reader-text\"> \u00abIsabel Gallego C\u00f3rcoles\u00bb<\/span><\/a><\/p>\n","protected":false},"author":19,"featured_media":0,"parent":1624,"menu_order":0,"comment_status":"closed","ping_status":"closed","template":"","meta":{"footnotes":""},"class_list":["post-1769","page","type-page","status-publish","hentry"],"_links":{"self":[{"href":"https:\/\/blog.uclm.es\/ada\/wp-json\/wp\/v2\/pages\/1769","targetHints":{"allow":["GET"]}}],"collection":[{"href":"https:\/\/blog.uclm.es\/ada\/wp-json\/wp\/v2\/pages"}],"about":[{"href":"https:\/\/blog.uclm.es\/ada\/wp-json\/wp\/v2\/types\/page"}],"author":[{"embeddable":true,"href":"https:\/\/blog.uclm.es\/ada\/wp-json\/wp\/v2\/users\/19"}],"replies":[{"embeddable":true,"href":"https:\/\/blog.uclm.es\/ada\/wp-json\/wp\/v2\/comments?post=1769"}],"version-history":[{"count":3,"href":"https:\/\/blog.uclm.es\/ada\/wp-json\/wp\/v2\/pages\/1769\/revisions"}],"predecessor-version":[{"id":1809,"href":"https:\/\/blog.uclm.es\/ada\/wp-json\/wp\/v2\/pages\/1769\/revisions\/1809"}],"up":[{"embeddable":true,"href":"https:\/\/blog.uclm.es\/ada\/wp-json\/wp\/v2\/pages\/1624"}],"wp:attachment":[{"href":"https:\/\/blog.uclm.es\/ada\/wp-json\/wp\/v2\/media?parent=1769"}],"curies":[{"name":"wp","href":"https:\/\/api.w.org\/{rel}","templated":true}]}}