{"id":1767,"date":"2012-12-27T18:56:20","date_gmt":"2012-12-27T18:56:20","guid":{"rendered":"http:\/\/blog.uclm.es\/luisarroyo\/?page_id=37"},"modified":"2012-12-27T18:56:20","modified_gmt":"2012-12-27T18:56:20","slug":"contratos-de-asesoramiento","status":"publish","type":"page","link":"https:\/\/blog.uclm.es\/ada\/investigacion-2\/contratos-de-asesoramiento\/","title":{"rendered":"Contratos de asesoramiento"},"content":{"rendered":"<p style=\"text-align: justify\">Los miembros del \u00e1rea de Derecho administrativo de la UCLM realizan labores de <strong>asesoramiento<\/strong> a empresas privadas, Administraciones p\u00fablicas y otras instituciones en el marco del art\u00edculo 83 LOU. Los trabajos comprenden la elaboraci\u00f3n de informes, dict\u00e1menes y proyectos normativos en los \u00e1mbitos\u00a0que integran nuestras <a href=\"http:\/\/blog.uclm.es\/ada\/investigacion\/lineas-de-investigacion\/\">l\u00edneas de investigaci\u00f3n<\/a>.<\/p>\n","protected":false},"excerpt":{"rendered":"<p>Los miembros del \u00e1rea de Derecho administrativo de la UCLM realizan labores de asesoramiento a empresas privadas, Administraciones p\u00fablicas y otras instituciones en el marco del art\u00edculo 83 LOU. Los trabajos comprenden la elaboraci\u00f3n de informes, dict\u00e1menes y proyectos normativos en los \u00e1mbitos\u00a0que integran nuestras l\u00edneas de investigaci\u00f3n.<\/p>\n","protected":false},"author":11,"featured_media":0,"parent":12,"menu_order":3,"comment_status":"open","ping_status":"open","template":"","meta":{"footnotes":""},"class_list":["post-1767","page","type-page","status-publish","hentry"],"_links":{"self":[{"href":"https:\/\/blog.uclm.es\/ada\/wp-json\/wp\/v2\/pages\/1767","targetHints":{"allow":["GET"]}}],"collection":[{"href":"https:\/\/blog.uclm.es\/ada\/wp-json\/wp\/v2\/pages"}],"about":[{"href":"https:\/\/blog.uclm.es\/ada\/wp-json\/wp\/v2\/types\/page"}],"author":[{"embeddable":true,"href":"https:\/\/blog.uclm.es\/ada\/wp-json\/wp\/v2\/users\/11"}],"replies":[{"embeddable":true,"href":"https:\/\/blog.uclm.es\/ada\/wp-json\/wp\/v2\/comments?post=1767"}],"version-history":[{"count":0,"href":"https:\/\/blog.uclm.es\/ada\/wp-json\/wp\/v2\/pages\/1767\/revisions"}],"up":[{"embeddable":true,"href":"https:\/\/blog.uclm.es\/ada\/wp-json\/wp\/v2\/pages\/12"}],"wp:attachment":[{"href":"https:\/\/blog.uclm.es\/ada\/wp-json\/wp\/v2\/media?parent=1767"}],"curies":[{"name":"wp","href":"https:\/\/api.w.org\/{rel}","templated":true}]}}