{"id":1624,"date":"2012-12-27T18:48:22","date_gmt":"2012-12-27T18:48:22","guid":{"rendered":"http:\/\/blog.uclm.es\/luisarroyo\/?page_id=17"},"modified":"2024-10-28T11:57:59","modified_gmt":"2024-10-28T10:57:59","slug":"profesorado","status":"publish","type":"page","link":"https:\/\/blog.uclm.es\/ada\/profesorado\/","title":{"rendered":"Profesorado"},"content":{"rendered":"<p><strong><a title=\"Luis Ortega \u00c1lvarez\" href=\"http:\/\/blog.uclm.es\/ada\/profesorado\/luis-ortega-alvarez\" target=\"_blank\" rel=\"noopener\">Luis Ortega \u00c1lvarez<\/a>.<\/strong>\u00a0Catedr\u00e1tico de Universidad. Magistrado del Tribunal Constitucional (fallecido en 2015)<\/p>\n<p><a title=\"Consuelo Alonso Garc\u00eda\" href=\"http:\/\/blog.uclm.es\/ada\/profesorado\/consuelo-alonso-garcia\/\"><strong>Consuelo Alonso Garc\u00eda<\/strong><\/a>. Catedr\u00e1tica de Universidad<\/p>\n<p><a title=\"Luis Arroyo Jim\u00e9nez\" href=\"http:\/\/blog.uclm.es\/luisarroyo\/\" target=\"_blank\" rel=\"noopener\"><strong>Luis Arroyo Jim\u00e9nez<\/strong><\/a>. Catedr\u00e1tico de Universidad.<\/p>\n<p><a title=\"Miguel Beltr\u00e1n de Felipe\" href=\"http:\/\/blog.uclm.es\/ada\/profesorado\/426-2\/\" target=\"_blank\" rel=\"noopener\"><strong>Miguel Beltr\u00e1n de Felipe<\/strong><\/a>. Catedr\u00e1tico de Universidad<\/p>\n<p><a href=\"http:\/\/blog.uclm.es\/ada\/profesorado\/josefa-cantero-martinez\/\"><strong>Josefa Cantero Mart\u00ednez<\/strong><\/a>. Catedr\u00e1tica de Universidad<\/p>\n<p><a title=\"Francisco Delgado Piqueras\" href=\"http:\/\/blog.uclm.es\/ada\/profesorado\/delgadopiqueras\"><strong>Francisco Delgado Piqueras<\/strong><\/a>. Catedr\u00e1tico de Universidad<\/p>\n<p><a title=\"Susana de la Sierra\" href=\"http:\/\/blog.uclm.es\/ada\/profesorado\/susana-de-la-sierra\/\" target=\"_blank\" rel=\"noopener\"><strong>Susana de la Sierra<\/strong><\/a>. Catedr\u00e1tica de Universidad<\/p>\n<p><strong>Alma Patricia Dom\u00ednguez Alonso<\/strong>. Titular de Universidad<\/p>\n<p><strong><a href=\"http:\/\/blog.uclm.es\/ada\/profesorado\/isabel-gallego-corcoles\/\">Isabel Gallego C\u00f3rcoles<\/a><\/strong>. Catedr\u00e1tica de Universidad<\/p>\n<p><strong>Nuria Garrido Cuenca<\/strong>. Catedr\u00e1tica de Universidad<\/p>\n<p><strong>Luis F. Maeso Seco<\/strong>. Profesor Titular de Universidad<\/p>\n<p><strong>Isaac Mart\u00edn Delgado<\/strong>. Catedr\u00e1tico de Universidad<\/p>\n<p><strong>Pablo Meix Cereceda<\/strong>. Profesor Titular de Universidad<\/p>\n<p><a title=\"Juani Morcillo Moreno\" href=\"http:\/\/blog.uclm.es\/ada\/profesorado\/juani-morcillo-moreno\/\" target=\"_blank\" rel=\"noopener\"><strong>Juana Morcillo Moreno<\/strong><\/a>. Catedr\u00e1tica de Universidad<\/p>\n<p><a title=\"P\u00e1gina personal de Jos\u00e9 Antonio Moreno Molina\" href=\"http:\/\/www.uclm.es\/profesorado\/jamoreno\/\" target=\"_blank\" rel=\"noopener\"><strong>Jos\u00e9 Antonio Moreno Molina<\/strong><\/a>. Catedr\u00e1tico de Universidad<\/p>\n<p><strong><a title=\"Eva Nieto Garrido\" href=\"http:\/\/blog.uclm.es\/ada\/profesorado\/eva-nieto-garrido\">Eva Nieto Garrido<\/a><\/strong><strong>.<\/strong> Catedr\u00e1tica de Universidad<\/p>\n<p><strong>Francisco Puerta Seguido<\/strong>. Profesor Titular de Universidad (acreditado CU)<\/p>\n<p><strong>Jes\u00fas Punz\u00f3n Moraleda<\/strong>. Profesor Contratado Doctor<\/p>\n<p><strong>Francisco S\u00e1nchez Rodr\u00edguez<\/strong>. Profesor Contratado Doctor<\/p>\n<p><strong>Rub\u00e9n Serrano Lozano<\/strong>. Profesor Contratado Doctor<\/p>\n<p><a title=\"Dolores Utrilla Fern\u00e1ndez-Bermejo\" href=\"http:\/\/blog.uclm.es\/ada\/profesorado\/dolores-utrilla\/\" target=\"_blank\" rel=\"noopener\"><strong>Dolores Utrilla Fern\u00e1ndez-Bermejo<\/strong><\/a>. Titular de Universidad (servicios especiales)<\/p>\n<p><strong>Antonio Villanueva Cuevas<\/strong>. Profesor Titular de Universidad<\/p>\n","protected":false},"excerpt":{"rendered":"<p>Luis Ortega \u00c1lvarez.\u00a0Catedr\u00e1tico de Universidad. Magistrado del Tribunal Constitucional (fallecido en 2015) Consuelo Alonso Garc\u00eda. Catedr\u00e1tica de Universidad Luis Arroyo Jim\u00e9nez. Catedr\u00e1tico de Universidad. Miguel Beltr\u00e1n de Felipe. Catedr\u00e1tico de Universidad Josefa Cantero Mart\u00ednez. Catedr\u00e1tica de Universidad Francisco Delgado Piqueras. Catedr\u00e1tico de Universidad Susana de la Sierra. Catedr\u00e1tica de Universidad Alma Patricia Dom\u00ednguez Alonso. Titular &hellip; <a href=\"https:\/\/blog.uclm.es\/ada\/profesorado\/\" class=\"more-link\">Continuar leyendo<span class=\"screen-reader-text\"> \u00abProfesorado\u00bb<\/span><\/a><\/p>\n","protected":false},"author":11,"featured_media":0,"parent":0,"menu_order":1,"comment_status":"open","ping_status":"closed","template":"","meta":{"footnotes":""},"class_list":["post-1624","page","type-page","status-publish","hentry"],"_links":{"self":[{"href":"https:\/\/blog.uclm.es\/ada\/wp-json\/wp\/v2\/pages\/1624","targetHints":{"allow":["GET"]}}],"collection":[{"href":"https:\/\/blog.uclm.es\/ada\/wp-json\/wp\/v2\/pages"}],"about":[{"href":"https:\/\/blog.uclm.es\/ada\/wp-json\/wp\/v2\/types\/page"}],"author":[{"embeddable":true,"href":"https:\/\/blog.uclm.es\/ada\/wp-json\/wp\/v2\/users\/11"}],"replies":[{"embeddable":true,"href":"https:\/\/blog.uclm.es\/ada\/wp-json\/wp\/v2\/comments?post=1624"}],"version-history":[{"count":1,"href":"https:\/\/blog.uclm.es\/ada\/wp-json\/wp\/v2\/pages\/1624\/revisions"}],"predecessor-version":[{"id":1808,"href":"https:\/\/blog.uclm.es\/ada\/wp-json\/wp\/v2\/pages\/1624\/revisions\/1808"}],"wp:attachment":[{"href":"https:\/\/blog.uclm.es\/ada\/wp-json\/wp\/v2\/media?parent=1624"}],"curies":[{"name":"wp","href":"https:\/\/api.w.org\/{rel}","templated":true}]}}