{"id":1556,"date":"2019-01-21T11:36:04","date_gmt":"2019-01-21T10:36:04","guid":{"rendered":"http:\/\/blog.uclm.es\/ada\/?page_id=1556"},"modified":"2019-01-21T11:36:04","modified_gmt":"2019-01-21T10:36:04","slug":"videos-congreso-internacional","status":"publish","type":"page","link":"https:\/\/blog.uclm.es\/ada\/videos-congreso-internacional\/","title":{"rendered":"CICP&#8217;19"},"content":{"rendered":"<p><strong>Congreso<\/strong> <strong>Internacional Contrataci\u00f3n P\u00fablica 2019<\/strong><\/p>\n<p><strong>VIDEOS<\/strong> (Cuenca, 16 a 18 de enero de 2019)<\/p>\n\n\n<figure class=\"wp-block-image is-resized\"><img loading=\"lazy\" decoding=\"async\" src=\"https:\/\/blog.uclm.es\/ada\/files\/2019\/02\/190117_CCP19-1Panel-28.jpg\" alt=\"\" class=\"wp-image-1649\" width=\"339\" height=\"225\" srcset=\"https:\/\/blog.uclm.es\/ada\/wp-content\/uploads\/sites\/149\/2019\/02\/190117_CCP19-1Panel-28.jpg 960w, https:\/\/blog.uclm.es\/ada\/wp-content\/uploads\/sites\/149\/2019\/02\/190117_CCP19-1Panel-28-300x199.jpg 300w, https:\/\/blog.uclm.es\/ada\/wp-content\/uploads\/sites\/149\/2019\/02\/190117_CCP19-1Panel-28-768x510.jpg 768w\" sizes=\"auto, (max-width: 339px) 85vw, 339px\" \/><\/figure>\n\n\n\n<p><strong>PRIMER PANEL:<\/strong> LA LCSP UN A\u00d1O DESPU\u00c9S. Moreno Molina\/Gallego C\u00f3rcoles (<a href=\"https:\/\/www.youtube.com\/watch?v=lsQziMz9wZA\">aqu\u00ed<\/a>)<\/p>\n\n\n\n<p><strong>SEGUNDO PANEL:&nbsp;<\/strong>R\u00c9GIMEN ECON\u00d3MICO DEL CONTRATO. G\u00f3mez Guzman\/Robles Calvo (<a href=\"https:\/\/www.youtube.com\/watch?v=JlN1lQHgLy0&amp;list=PLgZv1chO1OgCzH3riQxJ-jDA5T-YMxdci&amp;index=4\">aqu\u00ed<\/a>)<\/p>\n\n\n\n<p><strong>TERCER PANEL:<\/strong>LAS ALTERNATIVAS AL CONTRATO MENOR . Batet\/Orquin\/Ballina (<a href=\"https:\/\/www.youtube.com\/watch?v=wC33e6mHNYA&amp;index=5&amp;list=PLgZv1chO1OgCzH3riQxJ-jDA5T-YMxdci\">aqu\u00ed<\/a>)<\/p>\n\n\n\n<p><strong>CUARTO PANEL:<\/strong>CONTRATACI\u00d3N P\u00daBLICA ELECTR\u00d3NICA, SISTEMAS DE ADQUISICI\u00d3N DIN\u00c1MICO E INTEROPERABILIDAD. Pintos\/Mart\u00ednez Guti\u00e9rrez\/Alba (<a href=\"https:\/\/www.youtube.com\/watch?v=jO3ubcZrxEQ&amp;list=PLgZv1chO1OgCzH3riQxJ-jDA5T-YMxdci&amp;index=6\">aqu\u00ed<\/a>).<\/p>\n\n\n\n<p><strong>QUINTO PANEL:<\/strong>LA EMPRESA FRENTE A LA LCSP. Fern\u00e1ndez Ruiz\/Pe\u00f1a\/Lucena (<a href=\"https:\/\/www.youtube.com\/watch?v=0FtrE7AxuYg&amp;index=7&amp;list=PLgZv1chO1OgCzH3riQxJ-jDA5T-YMxdci\">aqu\u00ed<\/a>)<\/p>\n\n\n\n<p><strong>SEXTO PANEL:<\/strong>EXPERIENCIAS COMPARADAS. Can\u00f3nico\/D\u00edaz Bravo\/Cancino (<a href=\"https:\/\/www.youtube.com\/watch?v=BLxIuIt5ixw\">aqu\u00ed<\/a>).<\/p>\n\n\n\n<p><strong>S\u00c9PTIMO PANEL:<\/strong>LOS RIESGOS EN LA EJECUCI\u00d3N DE LOS CONTRATOS P\u00daBLICOS. V\u00e1zquez Matilla\/Sardina C\u00e1mara (<a href=\"https:\/\/www.youtube.com\/watch?v=uQxQ04gaPnY&amp;list=PLgZv1chO1OgCzH3riQxJ-jDA5T-YMxdci&amp;index=8\">aqu\u00ed<\/a>)<\/p>\n\n\n\n<p><strong>OCTAVO PANEL:<\/strong>INCLUSI\u00d3N DE CL\u00c1USULAS SOCIALES, MEDIOAMBIENTALES Y DE INNOVACI\u00d3N EN LOS CONTRATOS. Hern\u00e1ez Salguero\/Alonso Garc\u00eda\/L\u00f3pez Donaire (<a href=\"https:\/\/www.youtube.com\/watch?v=suOZ_EXNJwk&amp;list=PLgZv1chO1OgCzH3riQxJ-jDA5T-YMxdci&amp;index=9\">aqu\u00ed<\/a>).<\/p>\n\n\n\n<p><strong>NOVENO PANEL:<\/strong>TRANSPARENCIA Y CONTRATACI\u00d3N P\u00daBLICA. Carbonero\/Ya\u00f1ez\/Campos (<a href=\"https:\/\/www.youtube.com\/watch?v=fabkgLOjKgw&amp;list=PLgZv1chO1OgCzH3riQxJ-jDA5T-YMxdci&amp;index=10\">aqu\u00ed<\/a>).<\/p>\n\n\n\n<p><strong>D\u00c9CIMO PANEL:<\/strong>RETOS Y FUTUROS DE LA CONTRATACI\u00d3N P\u00daBLICA EN ESPA\u00d1A. Maria Jos\u00e9 Santiago Fern\u00e1ndez (Presidenta OIRSCP) y Carlos Balmisa (Director Dpto Control Interno CNMC) (<a href=\"https:\/\/www.youtube.com\/watch?v=Yn6KuxyEJ2U&amp;index=11&amp;list=PLgZv1chO1OgCzH3riQxJ-jDA5T-YMxdci\">aqu\u00ed<\/a>).<\/p>\n","protected":false},"excerpt":{"rendered":"<p>Congreso Internacional Contrataci\u00f3n P\u00fablica 2019 VIDEOS (Cuenca, 16 a 18 de enero de 2019) PRIMER PANEL: LA LCSP UN A\u00d1O DESPU\u00c9S. Moreno Molina\/Gallego C\u00f3rcoles (aqu\u00ed) SEGUNDO PANEL:&nbsp;R\u00c9GIMEN ECON\u00d3MICO DEL CONTRATO. G\u00f3mez Guzman\/Robles Calvo (aqu\u00ed) TERCER PANEL:LAS ALTERNATIVAS AL CONTRATO MENOR . Batet\/Orquin\/Ballina (aqu\u00ed) CUARTO PANEL:CONTRATACI\u00d3N P\u00daBLICA ELECTR\u00d3NICA, SISTEMAS DE ADQUISICI\u00d3N DIN\u00c1MICO E INTEROPERABILIDAD. Pintos\/Mart\u00ednez Guti\u00e9rrez\/Alba &hellip; <a href=\"https:\/\/blog.uclm.es\/ada\/videos-congreso-internacional\/\" class=\"more-link\">Continuar leyendo<span class=\"screen-reader-text\"> \u00abCICP&#8217;19\u00bb<\/span><\/a><\/p>\n","protected":false},"author":19,"featured_media":0,"parent":0,"menu_order":0,"comment_status":"closed","ping_status":"closed","template":"","meta":{"footnotes":""},"class_list":["post-1556","page","type-page","status-publish","hentry"],"_links":{"self":[{"href":"https:\/\/blog.uclm.es\/ada\/wp-json\/wp\/v2\/pages\/1556","targetHints":{"allow":["GET"]}}],"collection":[{"href":"https:\/\/blog.uclm.es\/ada\/wp-json\/wp\/v2\/pages"}],"about":[{"href":"https:\/\/blog.uclm.es\/ada\/wp-json\/wp\/v2\/types\/page"}],"author":[{"embeddable":true,"href":"https:\/\/blog.uclm.es\/ada\/wp-json\/wp\/v2\/users\/19"}],"replies":[{"embeddable":true,"href":"https:\/\/blog.uclm.es\/ada\/wp-json\/wp\/v2\/comments?post=1556"}],"version-history":[{"count":0,"href":"https:\/\/blog.uclm.es\/ada\/wp-json\/wp\/v2\/pages\/1556\/revisions"}],"wp:attachment":[{"href":"https:\/\/blog.uclm.es\/ada\/wp-json\/wp\/v2\/media?parent=1556"}],"curies":[{"name":"wp","href":"https:\/\/api.w.org\/{rel}","templated":true}]}}