{"id":122,"date":"2013-01-22T17:47:52","date_gmt":"2013-01-22T16:47:52","guid":{"rendered":"http:\/\/blog.uclm.es\/ada\/?page_id=122"},"modified":"2013-01-22T17:47:52","modified_gmt":"2013-01-22T16:47:52","slug":"delgadopiqueras","status":"publish","type":"page","link":"https:\/\/blog.uclm.es\/ada\/profesorado\/delgadopiqueras\/","title":{"rendered":"Francisco Delgado Piqueras"},"content":{"rendered":"<p><a href=\"https:\/\/blog.uclm.es\/ada\/wp-content\/uploads\/sites\/149\/2013\/01\/fdp.jpg\"><img loading=\"lazy\" decoding=\"async\" class=\"alignnone  wp-image-149\" src=\"https:\/\/blog.uclm.es\/ada\/wp-content\/uploads\/sites\/149\/2013\/01\/fdp.jpg\" alt=\"\" width=\"154\" height=\"211\" srcset=\"https:\/\/blog.uclm.es\/ada\/wp-content\/uploads\/sites\/149\/2013\/01\/fdp.jpg 257w, https:\/\/blog.uclm.es\/ada\/wp-content\/uploads\/sites\/149\/2013\/01\/fdp-219x300.jpg 219w\" sizes=\"auto, (max-width: 154px) 85vw, 154px\" \/><\/a>Doctor en Derecho. Catedr\u00e1tico de Derecho Administrativo de la Universidad de Castilla-La Mancha. Investigador en las Universidades de Florencia\u00a0 (1991) y Harvard (1992). Magistrado suplente del TSJ de CLM (1995-2000). Miembro del Ilustre Colegio de Abogados de Albacete.<\/p>\n<p>Especialista en Derecho Administrativo, siendo autor de varias monograf\u00edas y un centenar de art\u00edculos publicados en revistas cient\u00edficas sobre teor\u00eda general de Derecho Administrativo ( La terminaci\u00f3n convencional del procedimiento administrativo, Aranzadi, 1995; Los \u00f3rganos dela Jurisdicci\u00f3n Contencioso-Administrativay sus competencias\u00bb,\u00a0 del libro Comentarios ala nueva Leyde la Jurisdicci\u00f3n, Lex Nova, 1999; \u201cA prop\u00f3sito de Duguit y el reto de conceptuar el derecho administrativo\u201d, en el libro Ensayos de Derecho P\u00fablico en conmemoraci\u00f3n del sesquicentenario del natalicio de Le\u00f3n Duguit, Lazcano Garza Editores, Monterrey (M\u00e9xico), 2011.<\/p>\n<p>Entre los sectores especiales, destacan sus trabajos sobre derecho de medio ambiente y aguas (Derecho de aguas y medio ambiente: La protecci\u00f3n de los humedales, Tecnos, 1992; La nueva pol\u00edtica comunitaria de aguas: la Directiva 2000\/60\/CE, Esperia Publications Ltd, Londres, 2001; Aguas subterr\u00e1neas privadas, teledetecci\u00f3n y riego. Un estudio jurisprudencial, Bomarzo,\u00a0 2007) y \u00a0urbanismo (\u201cLos convenios urban\u00edsticos\u201d y \u201cPatrimonios p\u00fablicos de suelo\u201d, en el libro Derecho de la Ordenaci\u00f3n del Territorio y Urban\u00edstico de Castilla-La Mancha, Aranzadi-Thomson Reuters 2009.)<\/p>\n<p>Los trabajos m\u00e1s recientes est\u00e1n relacionados con el r\u00e9gimen jur\u00eddico de las energ\u00edas renovables: \u201cLa pol\u00edtica europea de fomento de las energ\u00edas renovables frente al cambio clim\u00e1tico\u201d (en Derecho y Cambio Clim\u00e1tico, Univ. Externado de Colombia, 2010), \u201cLa naturaleza jur\u00eddica de la energ\u00eda e\u00f3lica\u201d (en el libro \u201cEnerg\u00eda e\u00f3lica: cuestiones jur\u00eddicas, econ\u00f3micas y ambientales\u201d, Civitas, 2010),\u00a0 \u201cEl marco jur\u00eddico de la pol\u00edtica energ\u00e9tica europea, con especial referencia a la \u201celectricidad verde\u201d (Estudios de la Uni\u00f3n Europea,\u00a0 UCLM, Toledo, 2011), \u201cEl r\u00e9gimen de aprovechamiento de la energ\u00eda e\u00f3lica en Castilla-La Mancha\u201d; Medio Ambiente &amp; Derecho. Revista Electr\u00f3nica de Derecho Ambiental, n\u00ba 21, 2010), <strong>\u201c<\/strong>Towards a European scheme for the promotion of green power: ensuring energy supply, environmental protection and sustainable development\u201d, European Public Law Review (2012).<\/p>\n<p>Sobre esta materia ha dictado conferencias en\u00a0la Universidad\u00a0 Externadode Colombia (2010),\u00a0 la\u00a0 Universidad de Mendoza (Argentina) yla Universidad Jagiellloniande Cracowia (Polonia) (2011), \u00a0entre otras.<\/p>\n","protected":false},"excerpt":{"rendered":"<p>Doctor en Derecho. Catedr\u00e1tico de Derecho Administrativo de la Universidad de Castilla-La Mancha. Investigador en las Universidades de Florencia\u00a0 (1991) y Harvard (1992). Magistrado suplente del TSJ de CLM (1995-2000). Miembro del Ilustre Colegio de Abogados de Albacete. Especialista en Derecho Administrativo, siendo autor de varias monograf\u00edas y un centenar de art\u00edculos publicados en revistas &hellip; <a href=\"https:\/\/blog.uclm.es\/ada\/profesorado\/delgadopiqueras\/\" class=\"more-link\">Continuar leyendo<span class=\"screen-reader-text\"> \u00abFrancisco Delgado Piqueras\u00bb<\/span><\/a><\/p>\n","protected":false},"author":11,"featured_media":149,"parent":1624,"menu_order":0,"comment_status":"closed","ping_status":"open","template":"","meta":{"footnotes":""},"class_list":["post-122","page","type-page","status-publish","has-post-thumbnail","hentry"],"_links":{"self":[{"href":"https:\/\/blog.uclm.es\/ada\/wp-json\/wp\/v2\/pages\/122","targetHints":{"allow":["GET"]}}],"collection":[{"href":"https:\/\/blog.uclm.es\/ada\/wp-json\/wp\/v2\/pages"}],"about":[{"href":"https:\/\/blog.uclm.es\/ada\/wp-json\/wp\/v2\/types\/page"}],"author":[{"embeddable":true,"href":"https:\/\/blog.uclm.es\/ada\/wp-json\/wp\/v2\/users\/11"}],"replies":[{"embeddable":true,"href":"https:\/\/blog.uclm.es\/ada\/wp-json\/wp\/v2\/comments?post=122"}],"version-history":[{"count":0,"href":"https:\/\/blog.uclm.es\/ada\/wp-json\/wp\/v2\/pages\/122\/revisions"}],"up":[{"embeddable":true,"href":"https:\/\/blog.uclm.es\/ada\/wp-json\/wp\/v2\/pages\/1624"}],"wp:featuredmedia":[{"embeddable":true,"href":"https:\/\/blog.uclm.es\/ada\/wp-json\/wp\/v2\/media\/149"}],"wp:attachment":[{"href":"https:\/\/blog.uclm.es\/ada\/wp-json\/wp\/v2\/media?parent=122"}],"curies":[{"name":"wp","href":"https:\/\/api.w.org\/{rel}","templated":true}]}}