{"id":1143,"date":"2016-09-29T10:35:47","date_gmt":"2016-09-29T09:35:47","guid":{"rendered":"http:\/\/blog.uclm.es\/ada\/?page_id=1143"},"modified":"2024-10-28T11:40:25","modified_gmt":"2024-10-28T10:40:25","slug":"josefa-cantero-martinez","status":"publish","type":"page","link":"https:\/\/blog.uclm.es\/ada\/profesorado\/josefa-cantero-martinez\/","title":{"rendered":"Josefa Cantero Mart\u00ednez"},"content":{"rendered":"<p><a href=\"http:\/\/blog.uclm.es\/ada\/profesorado\/josefa-cantero-martinez\/foto-josefa-cantero\/\" rel=\"attachment wp-att-1144\"><img loading=\"lazy\" decoding=\"async\" class=\"alignleft wp-image-1144 size-medium\" src=\"https:\/\/blog.uclm.es\/ada\/wp-content\/uploads\/sites\/149\/2016\/09\/Foto.Josefa-Cantero-225x300.jpg\" alt=\"foto-josefa-cantero\" width=\"225\" height=\"300\" srcset=\"https:\/\/blog.uclm.es\/ada\/wp-content\/uploads\/sites\/149\/2016\/09\/Foto.Josefa-Cantero-225x300.jpg 225w, https:\/\/blog.uclm.es\/ada\/wp-content\/uploads\/sites\/149\/2016\/09\/Foto.Josefa-Cantero-768x1024.jpg 768w, https:\/\/blog.uclm.es\/ada\/wp-content\/uploads\/sites\/149\/2016\/09\/Foto.Josefa-Cantero-1152x1536.jpg 1152w, https:\/\/blog.uclm.es\/ada\/wp-content\/uploads\/sites\/149\/2016\/09\/Foto.Josefa-Cantero-1536x2048.jpg 1536w, https:\/\/blog.uclm.es\/ada\/wp-content\/uploads\/sites\/149\/2016\/09\/Foto.Josefa-Cantero.jpg 1772w\" sizes=\"auto, (max-width: 225px) 85vw, 225px\" \/><\/a><\/p>\n<p><span style=\"font-size: 14pt\"><strong>Josefa Cantero Mart\u00ednez<\/strong><\/span><\/p>\n<p><span style=\"font-size: 14pt\">Catedr\u00e1tica de Universidad en el \u00e1rea de Derecho Administrativo (Facultad de Derecho de Albacete)<\/span><\/p>\n<p><strong><a href=\"http:\/\/blog.uclm.es\/ada\/completo-josefa-cantero\/\">Curriculum vitae completo<\/a><\/strong>\u00a0(septiembre de 2016)<\/p>\n<p><strong><a href=\"http:\/\/blog.uclm.es\/ada\/breve-josefa-cantero\/\">Curriculum vitae abreviado<\/a><\/strong><\/p>\n","protected":false},"excerpt":{"rendered":"<p>Josefa Cantero Mart\u00ednez Catedr\u00e1tica de Universidad en el \u00e1rea de Derecho Administrativo (Facultad de Derecho de Albacete) Curriculum vitae completo\u00a0(septiembre de 2016) Curriculum vitae abreviado<\/p>\n","protected":false},"author":20,"featured_media":0,"parent":1624,"menu_order":0,"comment_status":"closed","ping_status":"closed","template":"","meta":{"footnotes":""},"class_list":["post-1143","page","type-page","status-publish","hentry"],"_links":{"self":[{"href":"https:\/\/blog.uclm.es\/ada\/wp-json\/wp\/v2\/pages\/1143","targetHints":{"allow":["GET"]}}],"collection":[{"href":"https:\/\/blog.uclm.es\/ada\/wp-json\/wp\/v2\/pages"}],"about":[{"href":"https:\/\/blog.uclm.es\/ada\/wp-json\/wp\/v2\/types\/page"}],"author":[{"embeddable":true,"href":"https:\/\/blog.uclm.es\/ada\/wp-json\/wp\/v2\/users\/20"}],"replies":[{"embeddable":true,"href":"https:\/\/blog.uclm.es\/ada\/wp-json\/wp\/v2\/comments?post=1143"}],"version-history":[{"count":1,"href":"https:\/\/blog.uclm.es\/ada\/wp-json\/wp\/v2\/pages\/1143\/revisions"}],"predecessor-version":[{"id":1804,"href":"https:\/\/blog.uclm.es\/ada\/wp-json\/wp\/v2\/pages\/1143\/revisions\/1804"}],"up":[{"embeddable":true,"href":"https:\/\/blog.uclm.es\/ada\/wp-json\/wp\/v2\/pages\/1624"}],"wp:attachment":[{"href":"https:\/\/blog.uclm.es\/ada\/wp-json\/wp\/v2\/media?parent=1143"}],"curies":[{"name":"wp","href":"https:\/\/api.w.org\/{rel}","templated":true}]}}