{"id":1131,"date":"2016-09-28T12:09:41","date_gmt":"2016-09-28T11:09:41","guid":{"rendered":"http:\/\/blog.uclm.es\/ada\/?page_id=1131"},"modified":"2016-09-28T12:09:41","modified_gmt":"2016-09-28T11:09:41","slug":"2016-2","status":"publish","type":"page","link":"https:\/\/blog.uclm.es\/ada\/publicaciones-publications\/2016-2\/","title":{"rendered":"2016"},"content":{"rendered":"<p style=\"text-align: justify\">Arroyo Jim\u00e9nez, Luis: <em>Empat\u00eda constitucional. Derecho de la Uni\u00f3n Europea y Constituci\u00f3n interna<\/em>, Marcial Pons, 2016.<\/p>\n<p style=\"text-align: justify\">Cantero Mart\u00ednez, Josefa: <em>Claves para la modernizaci\u00f3n de la estructura funcionarial: la coexistencia ordenada de cuerpos y puestos de trabajo, <\/em>380 p\u00e1ginas, Thomson-Reuters \u00a0Aranzadi, 2016. ISBN 978-84-9135-506-9.<\/p>\n<p style=\"text-align: justify\">Cantero Mart\u00ednez, Josefa: \u201cCrisis y mutaci\u00f3n del servicio p\u00fablico sanitario en Espa\u00f1a\u201d, Revista Derecho PUCP. Monogr\u00e1fico sobre <em>Regulaci\u00f3n de Servicios P\u00fablicos y\u00a0<\/em><em>Competencia,\u00a0<\/em>n\u00ba 76, pp. 1 &#8211; 23. Pontificia Universidad Cat\u00f3lica de Per\u00fa, 2016.<\/p>\n<p style=\"text-align: justify\">Cantero Mart\u00ednez, Josefa: \u201cArbitraje internacional de inversiones y derecho a regular de los Estados. El nuevo enfoque comunitario en la negociaci\u00f3n del TTIP\u201d, <em>Revista Espa\u00f1ola de Derecho Europeo (REDE)<\/em>, 58, 2016, pp. 12 &#8211; 40.<\/p>\n<p style=\"text-align: justify\">Cantero Mart\u00ednez, Josefa: \u201cSulla necessit\u00e0 in Spagna di avanzare verso un Patto sulla sanit\u00e0 che garantisca la sua sostenibilit\u00e0 sociale\u201d, en <em>La sostenibilit\u00e0 del Diritto alla salute nei patti fra Stato e Regioni,<\/em> dirigido por Roberto Nania (Quaderni di Sanit\u00e0 Pubblica). 87 &#8211; 116. (Italia): Maggioli Editore, 2016. ISBN ISO 9001:2008<\/p>\n<p style=\"text-align: justify\">Cantero Mart\u00ednez, Josefa: \u201cPrestaciones sanitarias (un dif\u00edcil equilibrio entre la sostenibilidad econ\u00f3mica del modelo y su sostenibilidad social<em>)\u201d, <\/em><em>Crisis econ\u00f3mica y Derecho administrativo (una visi\u00f3n general y sectorial de las reformas implantadas con ocasi\u00f3n de la crisis econ\u00f3mica, <\/em>obra dirigida por Antonio Ezquerra Huerva. 175 &#8211; 224. Thomson-Reuters Aranzadi, 2016. ISBN 978-84-9135-249-5.<\/p>\n<p style=\"text-align: justify\">Cantero Mart\u00ednez, Josefa:\u00a0<em>Derecho P\u00fablico de Castilla-La Mancha.<\/em> Libro homenaje al Profesor Luis Ortega. Empleo p\u00fablico (cap\u00edtulo 16). pp. 435 &#8211; 458: Iustel, 2016. ISBN 978-84-9890-3.<\/p>\n<p style=\"text-align: justify\">Cantero Mart\u00ednez, Josefa: \u00abL\u00b4Incidenza della crisi economica sulla configurazione del Servizio sanitario pubblico in Spagna\u201d, en <em>Unione Europea e Diritto alla tutela della salute: problematiche giuridiche comparate,<\/em> cap\u00edtulo de libro, dirigido por Livio Pietro Tronconi, p\u00e1gs. 43 \u2013 76, Maggioli Editori, 2016.<\/p>\n<p style=\"text-align: justify\">Delgado Piqueras, Francisco y Passos Gomes, Viviane:\u00a0\u201cThe role of the Amazon Cooperation Treaty for shared water management\u201d, Revista electr\u00f3nica Actualidad Jur\u00eddica Ambiental, 11-1-2016; ISSN 1989-5666.<\/p>\n<p style=\"text-align: justify\">Delgado Piqueras, Francisco y Garrido Cuenca, Nuria: \u00abCastilla-La Mancha: \u00bfReforma Legal De La Caza Contra El Activismo Judicial Ecol\u00f3gico?\u00bb,\u00a0 Observatorio de Politicas Ambientales 2015, Thomsom-Aranzadi.<\/p>\n<p style=\"text-align: justify\">Delgado Piqueras, Francisco: \u00abLa cuenca hidrogr\u00e1fica como \u00e1mbito territorial para la gobernanza del agua en el derecho espa\u00f1ol y europeo\u00bb en el libro Memorial para la reforma del Estado, coord.. por J.M. Ba\u00f1o Le\u00f3n, ed. CEPC, Madrid, 2016. Isbn 978-84-259-1696-0<\/p>\n<p style=\"text-align: justify\">Delgado Piqueras, Francisco: El ciclo urbano del agua, trasvases y planes hidrol\u00f3gicos, en el libro \u201cDerecho P\u00fablico de Castilla-La Mancha\u201d, Iustel, 2016, ISBN\u00a0 978-84-9890-304-1, pags. 787 a 818.<\/p>\n<p style=\"text-align: justify\">\n<p style=\"text-align: justify\">Meix Cereceda, Pablo: \u00abEducaci\u00f3n\u00bb, en Alonso, C., Beltr\u00e1n, M., Delgado, F. y Moreno, J.A. (Dirs.): <em>Tratado de Derecho P\u00fablico de Castilla-La Mancha. Libro Homenaje al Profesor Luis Ortega<\/em>, Ed. Iustel, 2016, pp. 594 ss.<\/p>\n<p>Meix Cereceda, Pablo: \u00abLa ordenaci\u00f3n del patrimonio cultural en Castilla-La Mancha\u00bb, en\u00a0<em>Patrimonio Cultural y Derecho<\/em>, n\u00fam. 20, 2016.<\/p>\n<p>Morcillo Moreno, Juana: \u00abLas cl\u00e1usulas sociales en la contrataci\u00f3n p\u00fablica como garant\u00eda frente al dumping social intracomunitario\u00bb, en <em>Revista Aragonesa de Administraci\u00f3n P\u00fablica<\/em>, n\u00fam. 47-48, 2016, pp. 180-209.<\/p>\n<p>Morcillo Moreno, Juana: \u00abServicios sociales, dependencia y discapacidad\u00bb,\u00a0en Alonso, C., Beltr\u00e1n, M., Delgado, F. y Moreno, J.A. (Dirs.):\u00a0<em>Tratado de Derecho P\u00fablico de Castilla-La Mancha. Libro Homenaje al Profesor Luis Ortega<\/em>, Ed. Iustel, 2016, pp. 577-610.<\/p>\n<p>&nbsp;<\/p>\n","protected":false},"excerpt":{"rendered":"<p>Arroyo Jim\u00e9nez, Luis: Empat\u00eda constitucional. Derecho de la Uni\u00f3n Europea y Constituci\u00f3n interna, Marcial Pons, 2016. Cantero Mart\u00ednez, Josefa: Claves para la modernizaci\u00f3n de la estructura funcionarial: la coexistencia ordenada de cuerpos y puestos de trabajo, 380 p\u00e1ginas, Thomson-Reuters \u00a0Aranzadi, 2016. ISBN 978-84-9135-506-9. Cantero Mart\u00ednez, Josefa: \u201cCrisis y mutaci\u00f3n del servicio p\u00fablico sanitario en Espa\u00f1a\u201d, &hellip; <a href=\"https:\/\/blog.uclm.es\/ada\/publicaciones-publications\/2016-2\/\" class=\"more-link\">Continuar leyendo<span class=\"screen-reader-text\"> \u00ab2016\u00bb<\/span><\/a><\/p>\n","protected":false},"author":20,"featured_media":0,"parent":10,"menu_order":0,"comment_status":"closed","ping_status":"closed","template":"","meta":{"footnotes":""},"class_list":["post-1131","page","type-page","status-publish","hentry"],"_links":{"self":[{"href":"https:\/\/blog.uclm.es\/ada\/wp-json\/wp\/v2\/pages\/1131","targetHints":{"allow":["GET"]}}],"collection":[{"href":"https:\/\/blog.uclm.es\/ada\/wp-json\/wp\/v2\/pages"}],"about":[{"href":"https:\/\/blog.uclm.es\/ada\/wp-json\/wp\/v2\/types\/page"}],"author":[{"embeddable":true,"href":"https:\/\/blog.uclm.es\/ada\/wp-json\/wp\/v2\/users\/20"}],"replies":[{"embeddable":true,"href":"https:\/\/blog.uclm.es\/ada\/wp-json\/wp\/v2\/comments?post=1131"}],"version-history":[{"count":0,"href":"https:\/\/blog.uclm.es\/ada\/wp-json\/wp\/v2\/pages\/1131\/revisions"}],"up":[{"embeddable":true,"href":"https:\/\/blog.uclm.es\/ada\/wp-json\/wp\/v2\/pages\/10"}],"wp:attachment":[{"href":"https:\/\/blog.uclm.es\/ada\/wp-json\/wp\/v2\/media?parent=1131"}],"curies":[{"name":"wp","href":"https:\/\/api.w.org\/{rel}","templated":true}]}}