{"id":17,"date":"2022-07-25T12:26:29","date_gmt":"2022-07-25T12:26:29","guid":{"rendered":"https:\/\/blogdev.uclm.es\/fullsite\/?page_id=17"},"modified":"2026-02-13T10:29:41","modified_gmt":"2026-02-13T10:29:41","slug":"publicaciones","status":"publish","type":"page","link":"https:\/\/blog.uclm.es\/Geon\/publicaciones\/","title":{"rendered":"Highlighted publications"},"content":{"rendered":"\n<section class=\"wp-block-group alignfull has-foreground-color has-text-color has-link-color has-background-background-color has-background is-content-justification-center is-nowrap is-layout-flex wp-container-core-group-is-layout-23441af8 wp-block-group-is-layout-flex\">\n<div class=\"wp-block-group alignfull is-layout-constrained wp-container-core-group-is-layout-da976f36 wp-block-group-is-layout-constrained\" style=\"padding-top:0px;padding-right:0px;padding-bottom:0px;padding-left:0px\">\n<h4 class=\"wp-block-heading has-system-font-font-family\">2026<\/h4>\n\n\n\n<ul class=\"wp-block-list\">\n<li><a href=\"https:\/\/pubmed.ncbi.nlm.nih.gov\/41265813\/\">Development of in vitro DNA damage assays to properly assess the genotoxicity of graphene and other 2D materials.<\/a> Garc\u00eda-Carpintero S, Jehov\u00e1 Gonz\u00e1lez V, Esteban-Arranz A, Fronti\u00f1\u00e1n-Rubio J, V\u00e1zquez E,\u00a0Dur\u00e1n-Prado M.Chem Biol Interact. 2026 Jan 5;423:111834. doi: 10.1016\/j.cbi.2025.111834. Epub 2025 Nov 19.PMID:\u00a041265813<\/li>\n<\/ul>\n\n\n\n<h4 class=\"wp-block-heading has-system-font-font-family\">2025<\/h4>\n\n\n\n<ul class=\"wp-block-list\">\n<li><a href=\"https:\/\/pubmed.ncbi.nlm.nih.gov\/40961088\/\">Tick saliva protein fraction inhibits breast cancer by decreasing cell viability and promoting apoptosis in vitro.<\/a> Prado Sousa AC,\u00a0Dur\u00e1n-Prado M, Villar M, Gonz\u00e1lez-Garc\u00eda A, Szab\u00f3 MPJ, de la Fuente J.PLoS One. 2025 Sep 17;20(9):e0331779. doi: 10.1371\/journal.pone.0331779. eCollection 2025.PMID:\u00a040961088\u00a0<\/li>\n<\/ul>\n\n\n\n<h4 class=\"wp-block-heading has-system-font-font-family\">2024<\/h4>\n\n\n\n<ul class=\"wp-block-list\">\n<li><a href=\"https:\/\/pubmed.ncbi.nlm.nih.gov\/39392878\/\">Longitudinal Assessment of Nasopharyngeal Biomarkers Post-COVID-19: Unveiling Persistent Markers and Severity Correlations.<\/a> Redondo-Calvo FJ, Rabanal-Ruiz Y, Verdugo-Moreno G, Bejarano-Ram\u00edrez N, Bodoque-Villar R,&nbsp;Dur\u00e1n-Prado M, Illescas S, Chicano-Galvez E, G\u00f3mez-Romero FJ, Martinez-Alarc\u00f3n J, Arias-Pardilla J, Lopez-Juarez P, Padin JF, Peinado JR, Serrano-Oviedo L.J Proteome Res. 2024 Nov 1;23(11):5064-5084. doi: 10.1021\/acs.jproteome.4c00536. Epub 2024 Oct 11.PMID:&nbsp;39392878&nbsp;<\/li>\n\n\n\n<li><a href=\"https:\/\/pubmed.ncbi.nlm.nih.gov\/38679217\/\">Differential accumulation of human \u03b2-amyloid and tau from enriched extracts in neuronal and endothelial cells.<\/a> Rabanal-Ruiz Y, Pedrero-Prieto CM, Sanchez-Rodriguez L, Flores-Cuadrado A, Saiz-Sanchez D, Frontinan-Rubio J, Ubeda-Banon I,&nbsp;Duran Prado M, Martinez-Marcos A, Peinado JR.Biochim Biophys Acta Mol Basis Dis. 2024 Jun;1870(5):167204. doi: 10.1016\/j.bbadis.2024.167204. Epub 2024 Apr 27<\/li>\n<\/ul>\n\n\n\n<h4 class=\"wp-block-heading has-system-font-font-family\">2023<\/h4>\n\n\n\n<ul class=\"wp-block-list\">\n<li><a href=\"https:\/\/pubmed.ncbi.nlm.nih.gov\/36978996\/\">Spatial and Temporal Protein Modules Signatures Associated with Alzheimer Disease in 3xTg-AD Mice Are Restored by Early Ubiquinol Supplementation<\/a>. Llanos-Gonz\u00e1lez E, Sancho-Bielsa FJ, Fronti\u00f1\u00e1n-Rubio J,&nbsp;Rabanal-Ru\u00edz Y, Garc\u00eda-Carpintero S, Chicano E, \u00dabeda-Banon I, Flores-Cuadrado A, Gim\u00e9nez-Llort L, Alca\u00edn FJ,&nbsp;Peinado JR,&nbsp;Dur\u00e1n-Prado M<strong>.<\/strong> Antioxidants (Basel). 2023 Mar 19;12(3):747. doi: 10.3390\/antiox12030747.PMID:&nbsp;36978996&nbsp;<\/li>\n\n\n\n<li><a href=\"https:\/\/pubmed.ncbi.nlm.nih.gov\/36905634\/\">Assessment of genotoxicity induced by subchronic exposure to graphene in HaCaT human skin cell line.<\/a> Fronti\u00f1an-Rubio J, Garc\u00eda-Carpintero S, Gonz\u00e1lez VJ, V\u00e1zquez E,&nbsp;Dur\u00e1n-Prado M. Nanotoxicology. 2023 Feb;17(1):42-61. doi: 10.1080\/17435390.2023.2183653. Epub 2023 Mar 11.PMID:&nbsp;36905634<\/li>\n\n\n\n<li><a href=\"https:\/\/pubmed.ncbi.nlm.nih.gov\/36319818\/\">CoQ<sub>10<\/sub>&nbsp;reduces glioblastoma growth and infiltration through proteome remodeling and inhibition of angiogenesis and inflammation.<\/a> Fronti\u00f1\u00e1n-Rubio J, Llanos-Gonz\u00e1lez E, Garc\u00eda-Carpintero S,&nbsp;Peinado JR, Ballesteros-Y\u00e1\u00f1ez I, Rayo MV, de la Fuente J, P\u00e9rez-Garc\u00eda VM, Perez-Romasanta LA, Malumbres M, Alca\u00edn FJ,&nbsp;Dur\u00e1n-Prado M. Cell Oncol (Dordr). 2023 Feb;46(1):65-77. doi: 10.1007\/s13402-022-00734-0. Epub 2022 Nov 2.PMID:&nbsp;36319818&nbsp;<\/li>\n\n\n\n<li><a href=\"https:\/\/pubmed.ncbi.nlm.nih.gov\/36538410\/\">Easy and Versatile Synthesis of Bulk Quantities of Highly Enriched&nbsp;<sup>13<\/sup>C-Graphene Materials for Biological and Safety Applications.<\/a> Gonz\u00e1lez V, Fronti\u00f1an-Rubio J, Gomez MV, Montini T,&nbsp;Dur\u00e1n-Prado M, Fornasiero P, Prato M, V\u00e1zquez E. ACS Nano. 2023 Jan 10;17(1):606-620. doi: 10.1021\/acsnano.2c09799. Epub 2022 Dec 20.PMID:&nbsp;36538410<\/li>\n<\/ul>\n\n\n\n<h4 class=\"wp-block-heading\">2022<\/h4>\n\n\n\n<ul class=\"wp-block-list\">\n<li><a href=\"https:\/\/pubmed.ncbi.nlm.nih.gov\/36153580\/\">APOE in the bullseye of neurodegenerative diseases: impact of the APOE genotype in Alzheimer&#8217;s disease pathology and brain diseases.<\/a>&nbsp;Fern\u00e1ndez-Calle R, Konings SC, Fronti\u00f1\u00e1n-Rubio J, Garc\u00eda-Revilla J, Camprub\u00ed-Ferrer L, Svensson M, Martinson I, Boza-Serrano A, Venero JL, Nielsen HM, Gouras GK, Deierborg T.&nbsp;Mol Neurodegener. 2022 Sep 24;17(1):62. doi: 10.1186\/s13024-022-00566-4.PMID:&nbsp;36153580&nbsp;<\/li>\n\n\n\n<li><a href=\"https:\/\/pubmed.ncbi.nlm.nih.gov\/35611947\/\">Subchronic Graphene Exposure Reshapes Skin Cell Metabolism.<\/a>&nbsp;Fronti\u00f1an-Rubio J, Llanos-Gonz\u00e1lez E, Gonz\u00e1lez VJ, V\u00e1zquez E,&nbsp;Dur\u00e1n-Prado M.&nbsp;J Proteome Res. 2022 Jul 1;21(7):1675-1685. doi: 10.1021\/acs.jproteome.2c00064.&nbsp;Epub 2022 May 25.PMID:&nbsp;35611947&nbsp;<\/li>\n\n\n\n<li><a href=\"https:\/\/pubmed.ncbi.nlm.nih.gov\/35538131\/\">Rapid and efficient testing of the toxicity of graphene-related materials in primary human lung cells.<\/a>&nbsp;Fronti\u00f1an-Rubio J, Gonz\u00e1lez VJ, V\u00e1zquez E,&nbsp;Dur\u00e1n-Prado M.&nbsp;Sci Rep. 2022 May 10;12(1):7664. doi: 10.1038\/s41598-022-11840-2.PMID:&nbsp;35538131&nbsp;<\/li>\n\n\n\n<li><a href=\"https:\/\/pubmed.ncbi.nlm.nih.gov\/35123194\/\">Intrinsic and selective activity of functionalized carbon nanotube\/nanocellulose platforms against colon cancer cells.<\/a>Gonz\u00e1lez-Dom\u00ednguez JM, Grasa L, Fronti\u00f1\u00e1n-Rubio J, Ab\u00e1s E, Dom\u00ednguez-Alfaro A, Mesonero JE, Criado A, Ans\u00f3n-Casaos A.&nbsp;Colloids Surf B Biointerfaces.&nbsp;2022 Apr;212:112363. doi: 10.1016\/j.colsurfb.2022.112363. Epub 2022 Jan 25.PMID:&nbsp;35123194<\/li>\n<\/ul>\n\n\n\n<h4 class=\"wp-block-heading\">2021<\/h4>\n\n\n\n<ul class=\"wp-block-list\">\n<li><a href=\"https:\/\/pubmed.ncbi.nlm.nih.gov\/34829677\/\">The Protective Effect of Ubiquinone against the Amyloid Peptide in Endothelial Cells Is Isoprenoid Chain Length-Dependent.<\/a>&nbsp;Fronti\u00f1\u00e1n-Rubio J,&nbsp;Rabanal-Ruiz Y,&nbsp;Dur\u00e1n-Prado M, Alcain FJ.&nbsp;Antioxidants (Basel).&nbsp;2021 Nov 13;10(11):1806. doi: 10.3390\/antiox10111806.PMID:&nbsp;34829677&nbsp;<\/li>\n\n\n\n<li><a href=\"https:\/\/pubmed.ncbi.nlm.nih.gov\/34573996\/\">Biological Significance of the Protein Changes Occurring in the Cerebrospinal Fluid of Alzheimer&#8217;s Disease Patients: Getting Clues from Proteomic Studies.<\/a>&nbsp;Pedrero-Prieto CM, Fronti\u00f1\u00e1n-Rubio J, Alca\u00edn FJ,&nbsp;Dur\u00e1n-Prado M,&nbsp;Peinado JR,&nbsp;Rabanal-Ruiz Y.&nbsp;Diagnostics (Basel).&nbsp;2021 Sep 9;11(9):1655. doi: 10.3390\/diagnostics11091655.PMID:&nbsp;34573996&nbsp;<\/li>\n\n\n\n<li><a href=\"https:\/\/pubmed.ncbi.nlm.nih.gov\/34068578\/\">The Use of Coenzyme Q10 in Cardiovascular Diseases.<\/a>&nbsp;Rabanal-Ruiz Y, Llanos-Gonz\u00e1lez E, Alcain FJ.&nbsp;Antioxidants (Basel).&nbsp;2021 May 10;10(5):755. doi: 10.3390\/antiox10050755.PMID:&nbsp;34068578&nbsp;<\/li>\n\n\n\n<li><a href=\"https:\/\/pubmed.ncbi.nlm.nih.gov\/33498250\/\">Ubiquinol Supplementation Improves Gender-Dependent Cerebral Vasoreactivity and Ameliorates Chronic Inflammation and Endothelial Dysfunction in Patients with Mild Cognitive Impairment.<\/a>&nbsp;Garc\u00eda-Carpintero S, Dom\u00ednguez-B\u00e9rtalo J, Pedrero-Prieto C, Fronti\u00f1\u00e1n-Rubio J, Amo-Salas M,&nbsp;Dur\u00e1n-Prado M, Garc\u00eda-P\u00e9rez E, Vaamonde J, Alcain FJ.&nbsp;Antioxidants (Basel). 2021 Jan 20;10(2):143. doi: 10.3390\/antiox10020143.PMID:&nbsp;33498250&nbsp;<\/li>\n<\/ul>\n\n\n\n<h4 class=\"wp-block-heading\">2020<\/h4>\n\n\n\n<ul class=\"wp-block-list\">\n<li><a href=\"https:\/\/pubmed.ncbi.nlm.nih.gov\/33110217\/\">Sublethal exposure of small few-layer graphene promotes metabolic alterations in human skin cells.<\/a>&nbsp;Fronti\u00f1an-Rubio J, Gomez MV, Gonz\u00e1lez VJ,&nbsp;Dur\u00e1n-Prado M, V\u00e1zquez E.&nbsp;Sci Rep. 2020 Oct 27;10(1):18407. doi: 10.1038\/s41598-020-75448-0.PMID:&nbsp;33110217&nbsp;<\/li>\n\n\n\n<li><a href=\"https:\/\/pubmed.ncbi.nlm.nih.gov\/31720741\/\">Transcriptional block of AMPK-induced autophagy promotes glutamate excitotoxicity in nutrient-deprived SH-SY5Y neuroblastoma cells.<\/a>&nbsp;Vucicevic L, Misirkic M, Ciric D, Martinovic T, Jovanovic M, Isakovic A, Markovic I, Saponjic J, Foretz M,&nbsp;Rabanal-Ruiz Y, Korolchuk VI, Trajkovic V.&nbsp;Cell Mol Life Sci. 2020 Sep;77(17):3383-3399. doi: 10.1007\/s00018-019-03356-2.&nbsp;Epub 2019 Nov 12.PMID:&nbsp;31720741<\/li>\n\n\n\n<li><a href=\"https:\/\/pubmed.ncbi.nlm.nih.gov\/32518535\/\">A comprehensive systematic review of CSF proteins and peptides that define Alzheimer&#8217;s disease.<\/a>&nbsp;Pedrero-Prieto CM, Garc\u00eda-Carpintero S, Fronti\u00f1\u00e1n-Rubio J, Llanos-Gonz\u00e1lez E, Aguilera Garc\u00eda C, Alca\u00edn FJ, Lindberg I,&nbsp;Dur\u00e1n-Prado M,&nbsp;Peinado JR,&nbsp;Rabanal-Ruiz Y.&nbsp;Clin Proteomics.&nbsp;2020 Jun 5;17:21. doi: 10.1186\/s12014-020-09276-9. eCollection 2020.PMID:&nbsp;32518535&nbsp;<\/li>\n\n\n\n<li><a href=\"https:\/\/pubmed.ncbi.nlm.nih.gov\/32063825\/\">Interplay Between Mitochondrial Oxidative Disorders and Proteostasis in Alzheimer&#8217;s Disease.<\/a>&nbsp;Llanos-Gonz\u00e1lez E, Henares-Chavarino \u00c1A, Pedrero-Prieto CM, Garc\u00eda-Carpintero S, Fronti\u00f1\u00e1n-Rubio J, Sancho-Bielsa FJ, Alcain FJ,&nbsp;Peinado JR,&nbsp;Rabanal-Ru\u00edz Y,&nbsp;Dur\u00e1n-Prado M.&nbsp;Front Neurosci. 2020 Jan 29;13:1444. doi: 10.3389\/fnins.2019.01444. eCollection 2019.PMID:&nbsp;32063825&nbsp;<\/li>\n<\/ul>\n<\/div>\n<\/section>\n\n\n\n<figure class=\"wp-block-image size-large\"><img loading=\"lazy\" decoding=\"async\" width=\"1024\" height=\"581\" src=\"https:\/\/blog.uclm.es\/Geon\/wp-content\/uploads\/sites\/235\/2023\/01\/fnins-13-01444-g001-1024x581.jpg\" alt=\"\" class=\"wp-image-568\" srcset=\"https:\/\/blog.uclm.es\/Geon\/wp-content\/uploads\/sites\/235\/2023\/01\/fnins-13-01444-g001-1024x581.jpg 1024w, https:\/\/blog.uclm.es\/Geon\/wp-content\/uploads\/sites\/235\/2023\/01\/fnins-13-01444-g001-300x170.jpg 300w, https:\/\/blog.uclm.es\/Geon\/wp-content\/uploads\/sites\/235\/2023\/01\/fnins-13-01444-g001-768x436.jpg 768w, https:\/\/blog.uclm.es\/Geon\/wp-content\/uploads\/sites\/235\/2023\/01\/fnins-13-01444-g001-1536x872.jpg 1536w, https:\/\/blog.uclm.es\/Geon\/wp-content\/uploads\/sites\/235\/2023\/01\/fnins-13-01444-g001-1200x681.jpg 1200w, https:\/\/blog.uclm.es\/Geon\/wp-content\/uploads\/sites\/235\/2023\/01\/fnins-13-01444-g001.jpg 1895w\" sizes=\"auto, (max-width: 1024px) 100vw, 1024px\" \/><\/figure>\n\n\n\n<div class=\"wp-block-columns is-layout-flex wp-container-core-columns-is-layout-28f84493 wp-block-columns-is-layout-flex\">\n<div class=\"wp-block-column is-layout-flow wp-block-column-is-layout-flow\">\n<figure class=\"wp-block-image size-large\"><img loading=\"lazy\" decoding=\"async\" width=\"771\" height=\"1024\" src=\"https:\/\/blog.uclm.es\/Geon\/wp-content\/uploads\/sites\/235\/2023\/01\/EJL40m0X0AAJAgh-771x1024.jpg\" alt=\"\" class=\"wp-image-500\" srcset=\"https:\/\/blog.uclm.es\/Geon\/wp-content\/uploads\/sites\/235\/2023\/01\/EJL40m0X0AAJAgh-771x1024.jpg 771w, https:\/\/blog.uclm.es\/Geon\/wp-content\/uploads\/sites\/235\/2023\/01\/EJL40m0X0AAJAgh-226x300.jpg 226w, https:\/\/blog.uclm.es\/Geon\/wp-content\/uploads\/sites\/235\/2023\/01\/EJL40m0X0AAJAgh-768x1020.jpg 768w, https:\/\/blog.uclm.es\/Geon\/wp-content\/uploads\/sites\/235\/2023\/01\/EJL40m0X0AAJAgh-1156x1536.jpg 1156w, https:\/\/blog.uclm.es\/Geon\/wp-content\/uploads\/sites\/235\/2023\/01\/EJL40m0X0AAJAgh-1541x2048.jpg 1541w, https:\/\/blog.uclm.es\/Geon\/wp-content\/uploads\/sites\/235\/2023\/01\/EJL40m0X0AAJAgh-1200x1594.jpg 1200w, https:\/\/blog.uclm.es\/Geon\/wp-content\/uploads\/sites\/235\/2023\/01\/EJL40m0X0AAJAgh-1980x2631.jpg 1980w, https:\/\/blog.uclm.es\/Geon\/wp-content\/uploads\/sites\/235\/2023\/01\/EJL40m0X0AAJAgh-scaled.jpg 1927w\" sizes=\"auto, (max-width: 771px) 100vw, 771px\" \/><\/figure>\n<\/div>\n<\/div>\n","protected":false},"excerpt":{"rendered":"<p>2026 2025 2024 2023 2022 2021 2020<\/p>\n","protected":false},"author":7,"featured_media":0,"parent":0,"menu_order":3,"comment_status":"closed","ping_status":"closed","template":"","meta":{"footnotes":""},"class_list":["post-17","page","type-page","status-publish","hentry"],"_links":{"self":[{"href":"https:\/\/blog.uclm.es\/Geon\/wp-json\/wp\/v2\/pages\/17","targetHints":{"allow":["GET"]}}],"collection":[{"href":"https:\/\/blog.uclm.es\/Geon\/wp-json\/wp\/v2\/pages"}],"about":[{"href":"https:\/\/blog.uclm.es\/Geon\/wp-json\/wp\/v2\/types\/page"}],"author":[{"embeddable":true,"href":"https:\/\/blog.uclm.es\/Geon\/wp-json\/wp\/v2\/users\/7"}],"replies":[{"embeddable":true,"href":"https:\/\/blog.uclm.es\/Geon\/wp-json\/wp\/v2\/comments?post=17"}],"version-history":[{"count":25,"href":"https:\/\/blog.uclm.es\/Geon\/wp-json\/wp\/v2\/pages\/17\/revisions"}],"predecessor-version":[{"id":770,"href":"https:\/\/blog.uclm.es\/Geon\/wp-json\/wp\/v2\/pages\/17\/revisions\/770"}],"wp:attachment":[{"href":"https:\/\/blog.uclm.es\/Geon\/wp-json\/wp\/v2\/media?parent=17"}],"curies":[{"name":"wp","href":"https:\/\/api.w.org\/{rel}","templated":true}]}}