{"id":876,"date":"2025-09-03T08:04:17","date_gmt":"2025-09-03T08:04:17","guid":{"rendered":"https:\/\/blog.uclm.es\/ComisionCulturaFDCS\/?page_id=876"},"modified":"2025-09-03T08:05:26","modified_gmt":"2025-09-03T08:05:26","slug":"milton-friedman","status":"publish","type":"page","link":"https:\/\/blog.uclm.es\/ComisionCulturaFDCS\/milton-friedman\/","title":{"rendered":"MILTON FRIEDMAN"},"content":{"rendered":"\n<blockquote class=\"wp-block-quote is-layout-flow wp-block-quote-is-layout-flow\"><div class=\"wp-block-image is-style-default\">\n<figure class=\"aligncenter size-large\"><img loading=\"lazy\" decoding=\"async\" width=\"1024\" height=\"341\" src=\"https:\/\/blog.uclm.es\/ComisionCulturaFDCS\/wp-content\/uploads\/sites\/218\/2025\/09\/Friedman-blog-cabecera-1024x341.png\" alt=\"\" class=\"wp-image-877\" srcset=\"https:\/\/blog.uclm.es\/ComisionCulturaFDCS\/wp-content\/uploads\/sites\/218\/2025\/09\/Friedman-blog-cabecera-1024x341.png 1024w, https:\/\/blog.uclm.es\/ComisionCulturaFDCS\/wp-content\/uploads\/sites\/218\/2025\/09\/Friedman-blog-cabecera-300x100.png 300w, https:\/\/blog.uclm.es\/ComisionCulturaFDCS\/wp-content\/uploads\/sites\/218\/2025\/09\/Friedman-blog-cabecera-768x256.png 768w, https:\/\/blog.uclm.es\/ComisionCulturaFDCS\/wp-content\/uploads\/sites\/218\/2025\/09\/Friedman-blog-cabecera-500x166.png 500w, https:\/\/blog.uclm.es\/ComisionCulturaFDCS\/wp-content\/uploads\/sites\/218\/2025\/09\/Friedman-blog-cabecera.png 1280w\" sizes=\"auto, (max-width: 1024px) 100vw, 1024px\" \/><\/figure>\n<\/div><\/blockquote>\n\n\n\n<figure class=\"wp-block-pullquote\"><blockquote><p>\u201cLa sociedad que antepone la igualdad a la libertad no tendr\u00e1 ninguna de las dos cosas.<br>La sociedad que antepone la libertad a la igualdad obtendr\u00e1 una gran medida de ambas\u201d<\/p><\/blockquote><\/figure>\n\n\n\n<h2 class=\"wp-block-heading\"><strong><h4><span style=\"color: #FF914D\"><strong>BIOGRAF\u00cdA<\/strong><\/span><\/h4><\/strong><\/h2>\n\n\n<p style=\"text-align: justify;margin: 6.0pt 0cm 6.0pt 0cm\"><span style=\"font-family: 'Cambria',serif\">Milton Friedman fue uno de los economistas contempor\u00e1neos m\u00e1s importantes y ganador del Premio Nobel de Econom\u00eda en 1976. Es mundialmente conocido por ser una de las figuras m\u00e1s influyentes del siglo XX, especialmente en el desarrollo del pensamiento econ\u00f3mico liberal, y su legado sigue siendo clave para comprender el funcionamiento actual de la econom\u00eda global.<\/span><\/p>\n<p style=\"text-align: justify;margin: 6.0pt 0cm 6.0pt 0cm\"><span style=\"font-family: 'Cambria',serif\">Nacido en 1912 en Estados Unidos, en el seno de una familia jud\u00eda de escasos recursos, tuvo que costear sus propios estudios en la Universidad de Rutgers. Tras graduarse, se traslad\u00f3 a Chicago, donde comenz\u00f3 a trabajar como investigador. Sin embargo, el estallido de la Segunda Guerra Mundial lo llev\u00f3 a colaborar en el dise\u00f1o de pol\u00edticas p\u00fablicas y a obtener una beca para estudiar en la Universidad de Cambridge, donde entonces se debat\u00edan intensamente las ideas de John Maynard Keynes.<\/span><\/p>\n<p style=\"text-align: justify;margin: 6.0pt 0cm 6.0pt 0cm\"><span style=\"font-family: 'Cambria',serif\">Desde entonces, Friedman trabaj\u00f3 como economista y se desempe\u00f1\u00f3 como profesor en prestigiosas instituciones y universidades. Tambi\u00e9n tuvo un rol activo en la pol\u00edtica, vincul\u00e1ndose con el Partido Republicano y actuando como asesor econ\u00f3mico de varios presidentes en Estados Unidos y en Reino Unido. En 1976, fue galardonado con el Premio Nobel de Econom\u00eda por sus contribuciones al an\u00e1lisis del consumo, la historia monetaria y la teor\u00eda monetaria..<\/span><\/p>\n\n\n<hr class=\"wp-block-separator has-alpha-channel-opacity\" \/>\n\n\n\n<h2 class=\"wp-block-heading\"><strong><h4><span style=\"color: #FF914D\"><strong>APORTACIONES<\/strong><\/span><\/h4><\/strong><\/h2>\n\n\n<p style=\"text-align: justify;margin: 6.0pt 0cm 6.0pt 0cm\"><span style=\"font-family: 'Cambria',serif\">Fue el autor m\u00e1s destacado de la llamada escuela monetarista. Entre sus principales aportaciones a la econom\u00eda destacan sus reflexiones sobre el papel de la pol\u00edtica monetaria en la estabilidad econ\u00f3mica, as\u00ed como sus an\u00e1lisis sobre la gesti\u00f3n de los recursos y el consumo basado en el ingreso permanente. Estas ideas han tenido un impacto duradero, influyendo en la toma de decisiones econ\u00f3micas, especialmente en momentos de crisis financieras y reformas estructurales. Entre sus ideas m\u00e1s relevantes se encuentran:<\/span><\/p>\n<p style=\"text-align: justify;margin: 6pt 0cm;padding-left: 40px\"><span style=\"font-family: 'Cambria',serif\"><em>Teor\u00eda de la renta permanente<\/em>. Friedman plante\u00f3 que el consumo de las personas no depende \u00fanicamente del ingreso actual, sino de lo que esperan ganar en el futuro. Seg\u00fan esta teor\u00eda, las personas tienden a mantener un nivel de consumo estable a lo largo de su vida, bas\u00e1ndose en sus expectativas, y no solo en los ingresos inmediatos.<\/span><\/p>\n<p style=\"text-align: justify;margin: 6pt 0cm;padding-left: 40px\"><span style=\"font-family: 'Cambria',serif\">Defensa del <em>libre mercado<\/em>. Fue un firme defensor del libre mercado como el sistema m\u00e1s eficiente para asignar recursos y fomentar la innovaci\u00f3n. Sosten\u00eda que el sistema de precios permite coordinar la oferta y la demanda de manera m\u00e1s eficaz que cualquier forma de planificaci\u00f3n centralizada.<\/span><\/p>\n<p style=\"text-align: justify;margin: 6pt 0cm;padding-left: 40px\"><span style=\"font-family: 'Cambria',serif\"><em>Monetarismo<\/em>. Dentro de la escuela neocl\u00e1sica, desarroll\u00f3 la teor\u00eda monetarista, que tuvo gran influencia en las pol\u00edticas econ\u00f3micas de muchos pa\u00edses. En ella, destac\u00f3 la importancia de controlar la oferta monetaria como factor clave para el crecimiento econ\u00f3mico y la inflaci\u00f3n. Esto lo llev\u00f3 a criticar las ideas keynesianas, que priorizaban el gasto p\u00fablico y la intervenci\u00f3n estatal a trav\u00e9s de la pol\u00edtica fiscal.<\/span><\/p>\n\n\n<hr class=\"wp-block-separator has-alpha-channel-opacity\" \/>\n\n\n\n<h2 class=\"wp-block-heading\"><strong><h4><span style=\"color: #FF914D\"><strong>OBRAS PRINCIPALES<\/strong><\/span><\/h4><\/strong><\/h2>\n\n\n<p style=\"text-align: justify;margin: 6pt 0cm;padding-left: 40px\"><span style=\"font-family: 'Cambria',serif\"><em>Capitalismo y libertad<\/em> (1962). Con este libro, Friedman trata de explicar una s\u00edntesis de la c\u00faspide de su filosof\u00eda econ\u00f3mica, enfoc\u00e1ndose en el an\u00e1lisis del capitalismo financiero y el c\u00f3mo afecta en la sociedad. Por otro lado, defiende que la libertad econ\u00f3mica es esencial para la libertad pol\u00edtica y social, manifestando una reducci\u00f3n del gobierno en la econom\u00eda y una defensa del capitalismo, para alcanzar la libertad individual y el progreso econ\u00f3mico.<\/span><\/p>\n<p style=\"text-align: justify;margin: 6pt 0cm;padding-left: 40px\"><span style=\"font-family: 'Cambria',serif\"><em>Libre para elegir<\/em> (1980). Este libro, aparte de llevarse a la pantalla, mostraba la idea de que los mercados libres y las decisiones individuales ayudan al crecimiento econ\u00f3mico y la prosperidad del pa\u00eds. Tambi\u00e9n destac\u00f3 que a las personas a las que se les deja actuar libremente generan un orden que beneficia a toda la sociedad.<\/span><\/p>\n\n\n<hr class=\"wp-block-separator has-alpha-channel-opacity\" \/>\n\n\n\n<figure class=\"wp-block-image size-large\"><img loading=\"lazy\" decoding=\"async\" width=\"1024\" height=\"486\" src=\"https:\/\/blog.uclm.es\/ComisionCulturaFDCS\/wp-content\/uploads\/sites\/218\/2025\/09\/Friedman-blog-linea-1024x486.png\" alt=\"\" class=\"wp-image-887\" srcset=\"https:\/\/blog.uclm.es\/ComisionCulturaFDCS\/wp-content\/uploads\/sites\/218\/2025\/09\/Friedman-blog-linea-1024x486.png 1024w, https:\/\/blog.uclm.es\/ComisionCulturaFDCS\/wp-content\/uploads\/sites\/218\/2025\/09\/Friedman-blog-linea-300x143.png 300w, https:\/\/blog.uclm.es\/ComisionCulturaFDCS\/wp-content\/uploads\/sites\/218\/2025\/09\/Friedman-blog-linea-768x365.png 768w, https:\/\/blog.uclm.es\/ComisionCulturaFDCS\/wp-content\/uploads\/sites\/218\/2025\/09\/Friedman-blog-linea-500x238.png 500w, https:\/\/blog.uclm.es\/ComisionCulturaFDCS\/wp-content\/uploads\/sites\/218\/2025\/09\/Friedman-blog-linea.png 1280w\" sizes=\"auto, (max-width: 1024px) 100vw, 1024px\" \/><\/figure>\n\n\n\n<hr class=\"wp-block-separator has-alpha-channel-opacity\" \/>\n\n\n\n<h2 class=\"wp-block-heading\"><strong><h4><span style=\"color: #FF914D\"><strong>REFERENCIAS<\/strong><\/span><\/h4><\/strong><\/h2>\n\n\n<p style=\"text-align: justify;margin: 4.0pt 0cm 4.0pt 0cm\"><span style=\"font-family: 'calibri',serif\"><a href=\"https:\/\/www.bbva.com\/es\/economia-y-finanzas\/la-hipotesis-la-renta-permanente\/\">La hip\u00f3tesis de la renta permanente<\/a><\/span><\/p>\n\n<p style=\"text-align: justify;margin: 4.0pt 0cm 4.0pt 0cm\"><span style=\"font-family: 'calibri',serif\"><a href=\"https:\/\/www.billin.net\/glosario\/monetarismo\/\">\u00bfQu\u00e9 es el monetarismo?<\/a><\/span><\/p>\n\n<p style=\"text-align: justify;margin: 4.0pt 0cm 4.0pt 0cm\"><span style=\"font-family: 'calibri',serif\"><a href=\"https:\/\/www.libremercado.com\/2007-11-22\/fundacion-heritage-miltonfriedman-\nel-padre-de-la-libertad-economica-5195459\/\">Milton Friedman, el padre de la libertad econ\u00f3mica.<\/a><\/span><\/p>\n\n<p style=\"text-align: justify;margin: 4.0pt 0cm 4.0pt 0cm\"><span style=\"font-family: 'calibri',serif\"><a href=\"https:\/\/es.wikipedia.org\/wiki\/Milton_Friedman\/\">Wikipedia: Milton Friedman<\/a><\/span><\/p>\n\n<p style=\"text-align: justify;margin: 4.0pt 0cm 4.0pt 0cm\"><span style=\"font-family: 'calibri',serif\"><a href=\"https:\/\/www.sdelsol.com\/glosario\/milton-friedman\/?srsltid=AfmBOoplyU0XLw_\n3wbpgoltcFQFWlz71gIpNvimb9LM7RPN95rMEGjY\/\">Glosario: Milton Friedman<\/a><\/span><\/p>\n\n\n<hr class=\"wp-block-separator has-alpha-channel-opacity\" \/>\n\n\n<p><span style=\"color: #333333\"><strong>Agradecimientos.<\/strong><\/span><\/p>\n<p>Responsables del proyecto: Mar\u00eda Jes\u00fas Guti\u00e9rrez Pedrero y Alberto Mu\u00f1oz Arenas.<\/p>\n<p>Profesora consultada: Mar\u00eda del Carmen D\u00edaz Rold\u00e1n.<\/p>","protected":false},"excerpt":{"rendered":"<p>\u201cLa sociedad que antepone la igualdad a la libertad no tendr\u00e1 ninguna de las dos cosas.La sociedad que antepone la libertad a la igualdad obtendr\u00e1 una gran medida de ambas\u201d BIOGRAF\u00cdA Milton Friedman fue uno de los economistas contempor\u00e1neos m\u00e1s &hellip; <a href=\"https:\/\/blog.uclm.es\/ComisionCulturaFDCS\/milton-friedman\/\">Sigue leyendo <span class=\"meta-nav\">&rarr;<\/span><\/a><\/p>\n","protected":false},"author":101,"featured_media":0,"parent":0,"menu_order":0,"comment_status":"closed","ping_status":"closed","template":"","meta":{"footnotes":""},"class_list":["post-876","page","type-page","status-publish","hentry"],"_links":{"self":[{"href":"https:\/\/blog.uclm.es\/ComisionCulturaFDCS\/wp-json\/wp\/v2\/pages\/876","targetHints":{"allow":["GET"]}}],"collection":[{"href":"https:\/\/blog.uclm.es\/ComisionCulturaFDCS\/wp-json\/wp\/v2\/pages"}],"about":[{"href":"https:\/\/blog.uclm.es\/ComisionCulturaFDCS\/wp-json\/wp\/v2\/types\/page"}],"author":[{"embeddable":true,"href":"https:\/\/blog.uclm.es\/ComisionCulturaFDCS\/wp-json\/wp\/v2\/users\/101"}],"replies":[{"embeddable":true,"href":"https:\/\/blog.uclm.es\/ComisionCulturaFDCS\/wp-json\/wp\/v2\/comments?post=876"}],"version-history":[{"count":19,"href":"https:\/\/blog.uclm.es\/ComisionCulturaFDCS\/wp-json\/wp\/v2\/pages\/876\/revisions"}],"predecessor-version":[{"id":901,"href":"https:\/\/blog.uclm.es\/ComisionCulturaFDCS\/wp-json\/wp\/v2\/pages\/876\/revisions\/901"}],"wp:attachment":[{"href":"https:\/\/blog.uclm.es\/ComisionCulturaFDCS\/wp-json\/wp\/v2\/media?parent=876"}],"curies":[{"name":"wp","href":"https:\/\/api.w.org\/{rel}","templated":true}]}}