{"id":804,"date":"2025-09-01T10:26:53","date_gmt":"2025-09-01T10:26:53","guid":{"rendered":"https:\/\/blog.uclm.es\/ComisionCulturaFDCS\/?page_id=804"},"modified":"2025-09-02T07:31:01","modified_gmt":"2025-09-02T07:31:01","slug":"hans-kelsen","status":"publish","type":"page","link":"https:\/\/blog.uclm.es\/ComisionCulturaFDCS\/hans-kelsen\/","title":{"rendered":"HANS KELSEN"},"content":{"rendered":"\n<figure class=\"wp-block-image size-large\"><img loading=\"lazy\" decoding=\"async\" width=\"1024\" height=\"364\" src=\"https:\/\/blog.uclm.es\/ComisionCulturaFDCS\/wp-content\/uploads\/sites\/218\/2025\/09\/Hans-Kelsen-1024x364.png\" alt=\"\" class=\"wp-image-807\" srcset=\"https:\/\/blog.uclm.es\/ComisionCulturaFDCS\/wp-content\/uploads\/sites\/218\/2025\/09\/Hans-Kelsen-1024x364.png 1024w, https:\/\/blog.uclm.es\/ComisionCulturaFDCS\/wp-content\/uploads\/sites\/218\/2025\/09\/Hans-Kelsen-300x107.png 300w, https:\/\/blog.uclm.es\/ComisionCulturaFDCS\/wp-content\/uploads\/sites\/218\/2025\/09\/Hans-Kelsen-768x273.png 768w, https:\/\/blog.uclm.es\/ComisionCulturaFDCS\/wp-content\/uploads\/sites\/218\/2025\/09\/Hans-Kelsen-500x178.png 500w, https:\/\/blog.uclm.es\/ComisionCulturaFDCS\/wp-content\/uploads\/sites\/218\/2025\/09\/Hans-Kelsen.png 1489w\" sizes=\"auto, (max-width: 1024px) 100vw, 1024px\" \/><\/figure>\n\n\n\n<blockquote class=\"wp-block-quote is-layout-flow wp-block-quote-is-layout-flow\"><\/blockquote>\n\n\n\n<figure class=\"wp-block-pullquote\"><blockquote><p>\u201cEl Derecho es un sistema de normas que regula el<br>comportamiento humano.\u201d<\/p><\/blockquote><\/figure>\n\n\n\n<h2 class=\"wp-block-heading\"><strong><h4><span style=\"color: #810947\"><strong>BIOGRAF\u00cdA<\/strong><\/span><\/h4><\/strong><\/h2>\n\n\n<p style=\"text-align: justify;margin: 6.0pt 0cm 6.0pt 0cm\"><span style=\"font-family: 'Cambria',serif\">Hans Kelsen (1881-1973) fue un jurista nacido en Praga, que en ese entonces pertenec\u00eda al Imperio Austroh\u00fangaro. Es reconocido por ser uno de los principales exponentes del positivismo jur\u00eddico y por haber desarrollado la Teor\u00eda Pura del Derecho, una de las m\u00e1s influyentes en la ciencia jur\u00eddica contempor\u00e1nea. <\/span><\/p>\n<p style=\"text-align: justify;margin: 6.0pt 0cm 6.0pt 0cm\"><span style=\"font-family: 'Cambria',serif\">Estudi\u00f3 derecho en la Universidad de Viena, donde tambi\u00e9n fue profesor. Su carrera acad\u00e9mica y profesional estuvo marcada por su participaci\u00f3n en la redacci\u00f3n de la Constituci\u00f3n de Austria de 1920, la cual estableci\u00f3 un sistema de control de constitucionalidad, que se extendi\u00f3 con posteriroridad por toda Europa. <\/span><\/p>\n<p style=\"text-align: justify;margin: 6.0pt 0cm 6.0pt 0cm\"><span style=\"font-family: 'Cambria',serif\">Debido al ascenso del nazismo en Alemania y Austria, Kelsen, de ascendencia jud\u00eda, se vio obligado a emigrar. Pas\u00f3 por diversas universidades en Europa antes de establecerse en los Estados Unidos, donde trabaj\u00f3 como profesor en la Universidad de Harvard y en la Universidad de California en Berkeley. Durante su estancia en Estados Unidos, continu\u00f3 desarrollando sus teor\u00edas sobre el derecho y la justicia. <\/span><\/p>\n<p style=\"text-align: justify;margin: 6.0pt 0cm 6.0pt 0cm\"><span style=\"font-family: 'Cambria',serif\">Falleci\u00f3 en 1973 en Berkeley, California, dejando un legado que a\u00fan influye en el estudio del derecho en todo el mundo. <\/span><\/p>\n\n\n<hr class=\"wp-block-separator has-alpha-channel-opacity\" \/>\n\n\n\n<h2 class=\"wp-block-heading\"><strong><h4><span style=\"color: #810947\"><strong>APORTACIONES<\/strong><\/span><\/h4><\/strong><\/h2>\n\n\n\n<ul class=\"wp-block-list\">\n<li><\/li>\n<\/ul>\n\n\n\n<ul class=\"wp-block-list\">\n<li>Positivismo Jur\u00eddico: Es uno de los principales exponentes del positivismo jur\u00eddico, argumentando que el derecho es un sistema normativo aut\u00f3nomo que debe estudiarse sin referencia a criterios morales o pol\u00edticos. En este contexto, desarroll\u00f3 la Teor\u00eda Pura del Derecho, que busca analizar el derecho de manera independiente de otras ciencias sociales, consider\u00e1ndolo un sistema de normas autosuficiente y libre de influencias externas.<\/li>\n\n\n\n<li>Pir\u00e1mide normativa: Propuso un sistema jer\u00e1rquico de normas donde la Constituci\u00f3n es la norma fundamental (Grundnorm) de la cual derivan todas las dem\u00e1s normas. En este modelo, las normas inferiores deben ser coherentes con las normas superiores.<\/li>\n\n\n\n<li>Control de constitucionalidad concentrado: Dise\u00f1\u00f3 el modelo de Tribunal Constitucional para la Constituci\u00f3n de Austria de 1920, estableciendo un mecanismo de control de constitucionalidad que se extendi\u00f3 por el resto de Europa.<\/li>\n<\/ul>\n\n\n\n<hr class=\"wp-block-separator has-alpha-channel-opacity\" \/>\n\n\n\n<h2 class=\"wp-block-heading\"><strong><h4><span style=\"color: #810947\"><strong>OBRAS PRINCIPALES<\/strong><\/span><\/h4><\/strong><\/h2>\n\n\n<p style=\"padding-left: 40px\"><em>De la esencia y valor de la democracia<\/em> (1920): Argumenta que la esencia de la democracia radica en la transacci\u00f3n, el debate y el compromiso, y destaca la importancia del principio de mayor\u00eda-minor\u00eda.<\/p>\n<p style=\"padding-left: 40px\"><em>Teor\u00eda General del Estado<\/em> (1934): Aborda la relaci\u00f3n entre el derecho y moral, y entre el derecho y la sociedad.<\/p>\n<p style=\"padding-left: 40px\"><em>Teor\u00eda Pura del Derecho<\/em> (1934, segunda edici\u00f3n en 1960): Obra fundamental en la que expone su concepci\u00f3n del derecho como un sistema normativo independiente.<\/p>\n<p style=\"padding-left: 40px\"><em>Teor\u00eda general del Derecho y del Estado<\/em> (1945): Desarrolla su teor\u00eda pura del derecho, que busca separar el derecho de la pol\u00edtica y la moral para analizarlo como un sistema normativo aut\u00f3nomo<\/p>\n\n\n<hr class=\"wp-block-separator has-alpha-channel-opacity\" \/>\n\n\n\n<figure class=\"wp-block-image size-large\"><img loading=\"lazy\" decoding=\"async\" width=\"1024\" height=\"516\" src=\"https:\/\/blog.uclm.es\/ComisionCulturaFDCS\/wp-content\/uploads\/sites\/218\/2025\/09\/Hans-Kesler-linea-de-la-vida-1024x516.png\" alt=\"\" class=\"wp-image-830\" srcset=\"https:\/\/blog.uclm.es\/ComisionCulturaFDCS\/wp-content\/uploads\/sites\/218\/2025\/09\/Hans-Kesler-linea-de-la-vida-1024x516.png 1024w, https:\/\/blog.uclm.es\/ComisionCulturaFDCS\/wp-content\/uploads\/sites\/218\/2025\/09\/Hans-Kesler-linea-de-la-vida-300x151.png 300w, https:\/\/blog.uclm.es\/ComisionCulturaFDCS\/wp-content\/uploads\/sites\/218\/2025\/09\/Hans-Kesler-linea-de-la-vida-768x387.png 768w, https:\/\/blog.uclm.es\/ComisionCulturaFDCS\/wp-content\/uploads\/sites\/218\/2025\/09\/Hans-Kesler-linea-de-la-vida-1536x774.png 1536w, https:\/\/blog.uclm.es\/ComisionCulturaFDCS\/wp-content\/uploads\/sites\/218\/2025\/09\/Hans-Kesler-linea-de-la-vida-500x252.png 500w, https:\/\/blog.uclm.es\/ComisionCulturaFDCS\/wp-content\/uploads\/sites\/218\/2025\/09\/Hans-Kesler-linea-de-la-vida.png 1643w\" sizes=\"auto, (max-width: 1024px) 100vw, 1024px\" \/><\/figure>\n\n\n\n<hr class=\"wp-block-separator has-alpha-channel-opacity\" \/>\n\n\n\n<h2 class=\"wp-block-heading\"><strong><h4><span style=\"color: #810947\"><strong>REFERENCIAS<\/strong><\/span><\/h4><\/strong><\/h2>\n\n\n<p><em><a href=\"https:\/\/es.wikipedia.org\/wiki\/Hans_Kelsen\">https:\/\/es.wikipedia.org\/wiki\/Hans_Kelsen<\/a><\/em><\/p>\n<p><em>Ulises Schmill Ord\u00f3\u00f1ez Publicado: 15-11-2010 en la Revista DOXA. Cuadernos de Filosof\u00eda del Derecho <a href=\"https:\/\/rua.ua.es\/dspace\/bitstream\/10045\/32590\/1\/Doxa_33_01.pdf\">https:\/\/rua.ua.es\/dspace\/bitstream\/10045\/32590\/1\/Doxa_33_01.pdf<\/a><\/em><\/p>\n<p><em><a href=\"https:\/\/arboldelademocracia.cuaieed.unam.mx\/autor\/hans-kelsen\/\">https:\/\/arboldelademocracia.cuaieed.unam.mx\/autor\/hans-kelsen\/<\/a><\/em><\/p>\n<p><em><a href=\"https:\/\/archivos.juridicas.unam.mx\/www\/bjv\/libros\/12\/5684\/3.pdf\">https:\/\/archivos.juridicas.unam.mx\/www\/bjv\/libros\/12\/5684\/3.pdf<\/a><\/em><\/p>\n<p><em>Canva. \u00abHerramienta de dise\u00f1o gr\u00e1fico Canva\u00bb. <a href=\"https:\/\/www.canva.com\/es_es\/\">https:\/\/www.canva.com\/es_es\/<\/a>.<\/em><\/p>\n<p><em>Las im\u00e1genes utilizadas en este sitio web fueron generadas por inteligencia artificial utilizando la herramienta de dise\u00f1o gr\u00e1fico Canva.<\/em><\/p>\n\n\n<hr class=\"wp-block-separator has-alpha-channel-opacity\" \/>\n\n\n<p><span style=\"color: #810947\"><strong>Agradecimientos.<\/strong><\/span><\/p>\n<p>Responsables del proyecto: Mar\u00eda Jes\u00fas Guti\u00e9rrez Pedrero y Alberto Mu\u00f1oz Arenas.<\/p>\n<p>Profesor consultado: Tom\u00e1s Vidal Mar\u00edn.<\/p>","protected":false},"excerpt":{"rendered":"<p>\u201cEl Derecho es un sistema de normas que regula elcomportamiento humano.\u201d BIOGRAF\u00cdA Hans Kelsen (1881-1973) fue un jurista nacido en Praga, que en ese entonces pertenec\u00eda al Imperio Austroh\u00fangaro. Es reconocido por ser uno de los principales exponentes del positivismo &hellip; <a href=\"https:\/\/blog.uclm.es\/ComisionCulturaFDCS\/hans-kelsen\/\">Sigue leyendo <span class=\"meta-nav\">&rarr;<\/span><\/a><\/p>\n","protected":false},"author":101,"featured_media":0,"parent":0,"menu_order":0,"comment_status":"closed","ping_status":"closed","template":"","meta":{"footnotes":""},"class_list":["post-804","page","type-page","status-publish","hentry"],"_links":{"self":[{"href":"https:\/\/blog.uclm.es\/ComisionCulturaFDCS\/wp-json\/wp\/v2\/pages\/804","targetHints":{"allow":["GET"]}}],"collection":[{"href":"https:\/\/blog.uclm.es\/ComisionCulturaFDCS\/wp-json\/wp\/v2\/pages"}],"about":[{"href":"https:\/\/blog.uclm.es\/ComisionCulturaFDCS\/wp-json\/wp\/v2\/types\/page"}],"author":[{"embeddable":true,"href":"https:\/\/blog.uclm.es\/ComisionCulturaFDCS\/wp-json\/wp\/v2\/users\/101"}],"replies":[{"embeddable":true,"href":"https:\/\/blog.uclm.es\/ComisionCulturaFDCS\/wp-json\/wp\/v2\/comments?post=804"}],"version-history":[{"count":26,"href":"https:\/\/blog.uclm.es\/ComisionCulturaFDCS\/wp-json\/wp\/v2\/pages\/804\/revisions"}],"predecessor-version":[{"id":836,"href":"https:\/\/blog.uclm.es\/ComisionCulturaFDCS\/wp-json\/wp\/v2\/pages\/804\/revisions\/836"}],"wp:attachment":[{"href":"https:\/\/blog.uclm.es\/ComisionCulturaFDCS\/wp-json\/wp\/v2\/media?parent=804"}],"curies":[{"name":"wp","href":"https:\/\/api.w.org\/{rel}","templated":true}]}}