{"id":736,"date":"2025-02-28T09:00:43","date_gmt":"2025-02-28T09:00:43","guid":{"rendered":"https:\/\/blog.uclm.es\/ComisionCulturaFDCS\/?page_id=736"},"modified":"2026-03-13T07:05:45","modified_gmt":"2026-03-13T07:05:45","slug":"el-rosco-de-ade-derecho-y-rr-ll","status":"publish","type":"page","link":"https:\/\/blog.uclm.es\/ComisionCulturaFDCS\/el-rosco-de-ade-derecho-y-rr-ll\/","title":{"rendered":"EL ROSCO DE ADE, DERECHO Y RR.LL"},"content":{"rendered":"\n<p class=\"has-text-color has-medium-font-size\"><strong>\u00bfQu\u00e9 es?<\/strong><\/p>\n<p style=\"text-align: justify;margin: 6.0pt 0cm 6.0pt 0cm\"><span style=\"font-family: 'Cambria',serif\">Con motivo de la Semana Cultural de la Facultad de Derecho y Ciencias Sociales de Ciudad Real, desde la Comisi\u00f3n de Cultura, se ha organizado el concurso \u201cEl Rosco de ADE, DERECHO y RR.LL.\u201d.<\/span><\/p>\n<p>\n\n\n<p class=\"has-text-color has-medium-font-size\"><strong>\u00bfA qui\u00e9n va dirigido?<\/strong><\/p>\n<p style=\"text-align: justify;margin: 6.0pt 0cm 6.0pt 0cm\"><span style=\"font-family: 'Cambria',serif\">A todos los estudiantes de la Facultad.<\/span><\/p>\n<p><!-- \/wp:post-content --><\/p>\n<p class=\"has-text-color has-medium-font-size\"><strong>\u00bfC\u00f3mo participar?<\/strong><\/p>\n<p style=\"text-align: justify;margin: 6.0pt 0cm 6.0pt 0cm\"><span style=\"font-family: 'Cambria',serif\">Inscripci\u00f3n online, del 13 al 22 de marzo, a trav\u00e9s del link incluido en la publicidad del evento o a trav\u00e9s del siguiente enlace:\u00a0<\/span><a href=\"https:\/\/forms.gle\/fDQSwSFvVdQhU9Cv6\" target=\"_blank\" rel=\"noopener\"><span style=\"color: #008080\"><strong>Formulario de inscripci\u00f3n<\/strong><\/span><\/a><\/p>\n<p><!-- \/wp:paragraph --><\/p>\n<p class=\"has-text-color has-medium-font-size\"><strong>\u00bfQui\u00e9nes pueden participar en el concurso?<\/strong><\/p>\n<p style=\"text-align: justify;margin: 6.0pt 0cm 6.0pt 0cm\"><span style=\"font-family: 'Cambria',serif\">Puede participar en el concurso todo el alumnado de la Facultad, correspondiente a los Grados en ADE, Derecho y RR.LL. Los matriculados en el Doble Grado ADE-Derecho tendr\u00e1n que elegir si participan por ADE o por Derecho.<\/span><\/p>\n<p style=\"text-align: justify;margin: 6.0pt 0cm 6.0pt 0cm\"><span style=\"font-family: 'Cambria',serif\">Por razones organizativas, solamente los 30 primeros solicitantes, 10 de cada titulaci\u00f3n (ADE, RRLL y Derecho), por estricto orden temporal en la inscripci\u00f3n.<\/span><\/p>\n<p><!-- \/wp:paragraph --><\/p>\n<p class=\"has-text-color has-medium-font-size\"><strong>Instrucciones<\/strong><\/p>\n<p style=\"text-align: justify;margin: 6.0pt 0cm 6.0pt 0cm\"><span style=\"font-family: 'Cambria',serif\">Una vez recibidas las solicitudes online y cerrado el plazo de inscripci\u00f3n, se publicar\u00e1 la lista final de concursantes que incluye dos suplentes por cada titulaci\u00f3n.<\/span><\/p>\n<p style=\"text-align: justify;margin: 6.0pt 0cm 6.0pt 0cm\"><span style=\"font-family: 'Cambria',serif\">La lista se publicar\u00e1 en el espacio de la Delegaci\u00f3n\/Asociaci\u00f3n de estudiantes y, en su caso, se comunicar\u00e1 por e-mail a los interesados quienes deben confirmar su asistencia, enviando un correo a a estas dos direcciones: maria.valmana@uclm.es y alberto.munoz@uclm.es.<\/span><\/p>\n<p><!-- \/wp:paragraph --><\/p>\n<p class=\"has-text-color has-medium-font-size\"><strong>Desarrollo del concurso<\/strong><\/p>\n<p style=\"text-align: justify;margin: 6.0pt 0cm 6.0pt 0cm\"><span style=\"font-family: 'Cambria',serif\">El concurso tendr\u00e1 lugar el jueves, 26 de marzo, a las 10:00 h. en la Sala de Juicios de la Facultad. Todos los participantes deben estar presentes 10 minutos antes de comenzar el mismo.<\/span><\/p>\n<p style=\"text-align: justify;margin: 6.0pt 0cm 6.0pt 0cm\"><span style=\"font-family: 'Cambria',serif\">En primer lugar, se realizar\u00e1n tres pruebas Kahoot eliminatorias (una para cada titulaci\u00f3n ADE; RR.LL. y Derecho), de las que resultar\u00e1n elegidos los nueve participantes (tres por cada titulaci\u00f3n) que mejor puntuaci\u00f3n hayan obtenido.<\/span><\/p>\n<p style=\"text-align: justify;margin: 6.0pt 0cm 6.0pt 0cm\"><span style=\"font-family: 'Cambria',serif\">Los participantes elegidos compondr\u00e1n tres equipos interdisciplinares, es decir, formados por un alumno de cada titulaci\u00f3n.<\/span><\/p>\n<p style=\"text-align: justify;margin: 6.0pt 0cm 6.0pt 0cm\"><span style=\"font-family: 'Cambria',serif\">Las preguntas que conforman \u201cEl Rosco\u201d incluyen todas las letras del abecedario y tratar\u00e1n de temas relativos a las diferentes disciplinas de cada uno de los tres t\u00edtulo (ADE, Derecho, RR.LL.)<\/span><\/p>\n<p style=\"text-align: justify;margin: 6.0pt 0cm 6.0pt 0cm\"><span style=\"font-family: 'Cambria',serif\">El tiempo para finalizar el rosco es de 3 minutos.<\/span><\/p>\n<p style=\"text-align: justify;margin: 6.0pt 0cm 6.0pt 0cm\"><span style=\"font-family: 'Cambria',serif\">El equipo que tenga m\u00e1s aciertos ser\u00e1 el equipo ganador.<\/span><\/p>\n<p style=\"text-align: justify;margin: 6.0pt 0cm 6.0pt 0cm\"><span style=\"font-family: 'Cambria',serif\">En caso de empate se realizar\u00e1n 9 preguntas a\u00f1adidas con un tiempo m\u00e1ximo de 1,5 minutos.<\/span><\/p>\n<p><!-- \/wp:html --><\/p>","protected":false},"excerpt":{"rendered":"<p>\u00bfQu\u00e9 es? Con motivo de la Semana Cultural de la Facultad de Derecho y Ciencias Sociales de Ciudad Real, desde la Comisi\u00f3n de Cultura, se ha organizado el concurso \u201cEl Rosco de ADE, DERECHO y RR.LL.\u201d. \u00bfA qui\u00e9n va dirigido? &hellip; <a href=\"https:\/\/blog.uclm.es\/ComisionCulturaFDCS\/el-rosco-de-ade-derecho-y-rr-ll\/\">Sigue leyendo <span class=\"meta-nav\">&rarr;<\/span><\/a><\/p>\n","protected":false},"author":101,"featured_media":0,"parent":0,"menu_order":0,"comment_status":"closed","ping_status":"closed","template":"","meta":{"footnotes":""},"class_list":["post-736","page","type-page","status-publish","hentry"],"_links":{"self":[{"href":"https:\/\/blog.uclm.es\/ComisionCulturaFDCS\/wp-json\/wp\/v2\/pages\/736","targetHints":{"allow":["GET"]}}],"collection":[{"href":"https:\/\/blog.uclm.es\/ComisionCulturaFDCS\/wp-json\/wp\/v2\/pages"}],"about":[{"href":"https:\/\/blog.uclm.es\/ComisionCulturaFDCS\/wp-json\/wp\/v2\/types\/page"}],"author":[{"embeddable":true,"href":"https:\/\/blog.uclm.es\/ComisionCulturaFDCS\/wp-json\/wp\/v2\/users\/101"}],"replies":[{"embeddable":true,"href":"https:\/\/blog.uclm.es\/ComisionCulturaFDCS\/wp-json\/wp\/v2\/comments?post=736"}],"version-history":[{"count":23,"href":"https:\/\/blog.uclm.es\/ComisionCulturaFDCS\/wp-json\/wp\/v2\/pages\/736\/revisions"}],"predecessor-version":[{"id":906,"href":"https:\/\/blog.uclm.es\/ComisionCulturaFDCS\/wp-json\/wp\/v2\/pages\/736\/revisions\/906"}],"wp:attachment":[{"href":"https:\/\/blog.uclm.es\/ComisionCulturaFDCS\/wp-json\/wp\/v2\/media?parent=736"}],"curies":[{"name":"wp","href":"https:\/\/api.w.org\/{rel}","templated":true}]}}