{"id":476,"date":"2023-03-24T09:17:02","date_gmt":"2023-03-24T09:17:02","guid":{"rendered":"https:\/\/blog.uclm.es\/ComisionCulturaFDCS\/?page_id=476"},"modified":"2025-02-21T10:53:25","modified_gmt":"2025-02-21T10:53:25","slug":"emile-durkheim","status":"publish","type":"page","link":"https:\/\/blog.uclm.es\/ComisionCulturaFDCS\/emile-durkheim\/","title":{"rendered":"EMILE DURKHEIM"},"content":{"rendered":"<div class=\"wp-block-image\">\n<figure class=\"aligncenter size-full is-resized\"><img loading=\"lazy\" decoding=\"async\" src=\"https:\/\/blog.uclm.es\/ComisionCulturaFDCS\/wp-content\/uploads\/sites\/218\/2023\/04\/Emile-durkheim-1.jpg\" alt=\"\" class=\"wp-image-597\" width=\"625\" height=\"215\" srcset=\"https:\/\/blog.uclm.es\/ComisionCulturaFDCS\/wp-content\/uploads\/sites\/218\/2023\/04\/Emile-durkheim-1.jpg 800w, https:\/\/blog.uclm.es\/ComisionCulturaFDCS\/wp-content\/uploads\/sites\/218\/2023\/04\/Emile-durkheim-1-300x104.jpg 300w, https:\/\/blog.uclm.es\/ComisionCulturaFDCS\/wp-content\/uploads\/sites\/218\/2023\/04\/Emile-durkheim-1-768x265.jpg 768w, https:\/\/blog.uclm.es\/ComisionCulturaFDCS\/wp-content\/uploads\/sites\/218\/2023\/04\/Emile-durkheim-1-500x173.jpg 500w\" sizes=\"auto, (max-width: 625px) 100vw, 625px\" \/><\/figure>\n<\/div>\n\n\n<p>Emile Durkheim, franc\u00e9s de origen jud\u00edo es considerado uno de los soci\u00f3logos m\u00e1s influyentes del siglo XIX y principios del siglo XX.<\/p>\n\n\n\n<p>Naci\u00f3 en Epinal, el 15 de abril de 1858 y creci\u00f3 en una familia jud\u00eda de la cual con el tiempo se alejar\u00eda del juda\u00edsmo y comenzar\u00eda a interesarse por la filosof\u00eda y la ciencia, dando lugar a que, en 1879, ingresase a la \u00c9cole Normale Sup\u00e9rieure en Par\u00eds, donde estudiar\u00eda filosof\u00eda y sociolog\u00eda. Tras graduarse ense\u00f1\u00f3 filosof\u00eda en varias escuelas y universidades, siendo una de ellas la Universidad de Burdeos, donde pasar\u00eda a fundar el primer departamento de sociolog\u00eda en Francia y estudiar emp\u00edricamente la sociedad y la cultura.<\/p>\n\n\n\n<p>Entre sus aportaciones m\u00e1s importantes destacan su trabajo en la teor\u00eda sociol\u00f3gica y la metodolog\u00eda, y su enfoque en la importancia de la religi\u00f3n y la moral en la sociedad, lo cual pasar\u00eda a influir en el pensamiento sociol\u00f3gico y en muchas otras disciplinas.<\/p>\n\n\n\n<p>Uno de los temas centrales en la obra de Durkheim fue la importancia de la solidaridad social que desarrolla en su obra \u00abLa divisi\u00f3n del trabajo social\u00bb (1893). Para Durkheim la sociedad es m\u00e1s que la suma de sus partes individuales, y sostiene que la divisi\u00f3n del trabajo es un elemento fundamental en la organizaci\u00f3n social, donde la especializaci\u00f3n y diferenciaci\u00f3n de las tareas en una sociedad moderna contribuyen a la formaci\u00f3n de una estructura social compleja y c\u00f3mo esto influye en la forma en que las personas se relacionan entre s\u00ed.<\/p>\n\n\n\n<p>Describe la solidaridad social como la fuerza que une a los individuos en una sociedad y que juega un papel crucial para la supervivencia y la cohesi\u00f3n de esta. As\u00ed mismo habla de dos tipos de solidaridad, la solidaridad mec\u00e1nica que es t\u00edpica de las sociedades tradicionales en las que la gente comparte creencias, valores y roles similares, y la cohesi\u00f3n social se basa en la similitud; y la solidaridad org\u00e1nica que es caracter\u00edstica de las sociedades modernas en las que las personas se especializan en diferentes roles y tareas, y la interdependencia se basa en la complementariedad, aqu\u00ed la divisi\u00f3n del trabajo social tiene un efecto positivo, pues se promueve la cooperaci\u00f3n y la interdependencia entre los individuos en una sociedad compleja. Sin embargo, tambi\u00e9n deduce que la divisi\u00f3n del trabajo en exceso puede llevar a la anomia, que es una falta de normas y valores compartidos, lo que puede socavar la cohesi\u00f3n social y generar conflictos. <\/p>\n\n\n\n<p>\u00c9ste tambi\u00e9n estudi\u00f3 la religi\u00f3n y la moralidad, para Durkheim la religi\u00f3n y la moral son instituciones esenciales que contribuyen a la estabilidad y el orden social, proporcionando una fuente de cohesi\u00f3n social y sentido de comunidad a los miembros que formen parte de ella y que compartan los mismo principios e ideales, todo esto lo expone en su obra m\u00e1s famosa, \u00abLas formas elementales de la vida religiosa\u00bb (1912).<\/p>\n\n\n\n<p>Tambi\u00e9n hizo importantes contribuciones a la metodolog\u00eda sociol\u00f3gica, siendo uno de los primeros soci\u00f3logos en utilizar m\u00e9todos emp\u00edricos para estudiar la sociedad, pues para \u00e9l la sociolog\u00eda deb\u00eda basarse en la observaci\u00f3n y la recolecci\u00f3n de datos emp\u00edricos, en lugar de en la especulaci\u00f3n filos\u00f3fica, por lo que el mismo desarroll\u00f3 t\u00e9cnicas estad\u00edsticas para analizar los datos que recababa y que en un futuro ser\u00edan las bases para la sociolog\u00eda emp\u00edrica moderna.<\/p>\n\n\n\n<p>As\u00ed mismo, fue considerado un defensor activo de la educaci\u00f3n p\u00fablica y laicidad del estado, pues cre\u00eda que la educaci\u00f3n p\u00fablica era esencial para la formaci\u00f3n de una sociedad justa y equitativa, y que esta deb\u00eda ser accesible para todos los ciudadanos, independientemente de su origen o estatus social.<\/p>\n\n\n\n<p>Tras su muerte el 15 de noviembre de 1917, a los 59 a\u00f1os, debido a un ataque al coraz\u00f3n, \u00e9ste dejar\u00eda un legado duradero en la sociolog\u00eda y en muchas otras disciplinas, influyendo en la teor\u00eda y la pr\u00e1ctica de muchas \u00e1reas, incluyendo la psicolog\u00eda social, la antropolog\u00eda, la criminolog\u00eda y la ciencia pol\u00edtica.<\/p>\n\n\n<div class=\"wp-block-image\">\n<figure class=\"aligncenter size-large is-resized\"><img loading=\"lazy\" decoding=\"async\" src=\"https:\/\/blog.uclm.es\/ComisionCulturaFDCS\/wp-content\/uploads\/sites\/218\/2023\/04\/Linea-tiempo-1024x503.jpg\" alt=\"\" class=\"wp-image-601\" width=\"628\" height=\"308\" srcset=\"https:\/\/blog.uclm.es\/ComisionCulturaFDCS\/wp-content\/uploads\/sites\/218\/2023\/04\/Linea-tiempo-1024x503.jpg 1024w, https:\/\/blog.uclm.es\/ComisionCulturaFDCS\/wp-content\/uploads\/sites\/218\/2023\/04\/Linea-tiempo-300x147.jpg 300w, https:\/\/blog.uclm.es\/ComisionCulturaFDCS\/wp-content\/uploads\/sites\/218\/2023\/04\/Linea-tiempo-768x377.jpg 768w, https:\/\/blog.uclm.es\/ComisionCulturaFDCS\/wp-content\/uploads\/sites\/218\/2023\/04\/Linea-tiempo-500x245.jpg 500w, https:\/\/blog.uclm.es\/ComisionCulturaFDCS\/wp-content\/uploads\/sites\/218\/2023\/04\/Linea-tiempo.jpg 1416w\" sizes=\"auto, (max-width: 628px) 100vw, 628px\" \/><figcaption class=\"wp-element-caption\">Material de realizaci\u00f3n propia, Oumaima Zahiri Tahout-<\/figcaption><\/figure>\n<\/div>","protected":false},"excerpt":{"rendered":"<p>Emile Durkheim, franc\u00e9s de origen jud\u00edo es considerado uno de los soci\u00f3logos m\u00e1s influyentes del siglo XIX y principios del siglo XX. Naci\u00f3 en Epinal, el 15 de abril de 1858 y creci\u00f3 en una familia jud\u00eda de la cual &hellip; <a href=\"https:\/\/blog.uclm.es\/ComisionCulturaFDCS\/emile-durkheim\/\">Sigue leyendo <span class=\"meta-nav\">&rarr;<\/span><\/a><\/p>\n","protected":false},"author":427,"featured_media":0,"parent":0,"menu_order":0,"comment_status":"closed","ping_status":"closed","template":"","meta":{"footnotes":""},"class_list":["post-476","page","type-page","status-publish","hentry"],"_links":{"self":[{"href":"https:\/\/blog.uclm.es\/ComisionCulturaFDCS\/wp-json\/wp\/v2\/pages\/476","targetHints":{"allow":["GET"]}}],"collection":[{"href":"https:\/\/blog.uclm.es\/ComisionCulturaFDCS\/wp-json\/wp\/v2\/pages"}],"about":[{"href":"https:\/\/blog.uclm.es\/ComisionCulturaFDCS\/wp-json\/wp\/v2\/types\/page"}],"author":[{"embeddable":true,"href":"https:\/\/blog.uclm.es\/ComisionCulturaFDCS\/wp-json\/wp\/v2\/users\/427"}],"replies":[{"embeddable":true,"href":"https:\/\/blog.uclm.es\/ComisionCulturaFDCS\/wp-json\/wp\/v2\/comments?post=476"}],"version-history":[{"count":6,"href":"https:\/\/blog.uclm.es\/ComisionCulturaFDCS\/wp-json\/wp\/v2\/pages\/476\/revisions"}],"predecessor-version":[{"id":719,"href":"https:\/\/blog.uclm.es\/ComisionCulturaFDCS\/wp-json\/wp\/v2\/pages\/476\/revisions\/719"}],"wp:attachment":[{"href":"https:\/\/blog.uclm.es\/ComisionCulturaFDCS\/wp-json\/wp\/v2\/media?parent=476"}],"curies":[{"name":"wp","href":"https:\/\/api.w.org\/{rel}","templated":true}]}}