{"id":473,"date":"2023-03-24T09:16:31","date_gmt":"2023-03-24T09:16:31","guid":{"rendered":"https:\/\/blog.uclm.es\/ComisionCulturaFDCS\/?page_id=473"},"modified":"2025-02-21T10:53:14","modified_gmt":"2025-02-21T10:53:14","slug":"victoria-kent","status":"publish","type":"page","link":"https:\/\/blog.uclm.es\/ComisionCulturaFDCS\/victoria-kent\/","title":{"rendered":"VICTORIA KENT"},"content":{"rendered":"\n<figure class=\"wp-block-image size-large is-style-default\"><img loading=\"lazy\" decoding=\"async\" width=\"2777\" height=\"1125\" src=\"https:\/\/blog.uclm.es\/ComisionCulturaFDCS\/wp-content\/uploads\/sites\/218\/2023\/04\/10-1-edited-1.png\" alt=\"\" class=\"wp-image-611\" srcset=\"https:\/\/blog.uclm.es\/ComisionCulturaFDCS\/wp-content\/uploads\/sites\/218\/2023\/04\/10-1-edited-1.png 2777w, https:\/\/blog.uclm.es\/ComisionCulturaFDCS\/wp-content\/uploads\/sites\/218\/2023\/04\/10-1-edited-1-300x122.png 300w, https:\/\/blog.uclm.es\/ComisionCulturaFDCS\/wp-content\/uploads\/sites\/218\/2023\/04\/10-1-edited-1-1024x415.png 1024w, https:\/\/blog.uclm.es\/ComisionCulturaFDCS\/wp-content\/uploads\/sites\/218\/2023\/04\/10-1-edited-1-768x311.png 768w, https:\/\/blog.uclm.es\/ComisionCulturaFDCS\/wp-content\/uploads\/sites\/218\/2023\/04\/10-1-edited-1-1536x622.png 1536w, https:\/\/blog.uclm.es\/ComisionCulturaFDCS\/wp-content\/uploads\/sites\/218\/2023\/04\/10-1-edited-1-2048x830.png 2048w, https:\/\/blog.uclm.es\/ComisionCulturaFDCS\/wp-content\/uploads\/sites\/218\/2023\/04\/10-1-edited-1-500x203.png 500w\" sizes=\"auto, (max-width: 2777px) 100vw, 2777px\" \/><\/figure>\n\n\n<p><!-- [if gte mso 9]&gt;--><\/p>\n<p><!-- [if gte mso 9]&gt;--><\/p>\n<p style=\"text-align: justify\"><span style=\"font-family: 'Bell MT',serif\">Victoria Kent, nacida en M\u00e1laga en 1892, hija de Jos\u00e9 Kent Rom\u00e1n, comerciante de tejidos, y de Mar\u00eda Siano Gonz\u00e1lez, ambos de mentalidad liberal. <\/span><\/p>\n<p style=\"text-align: justify\"><span style=\"font-family: 'Bell MT',serif\">Creci\u00f3 en su ciudad natal M\u00e1laga, donde recibi\u00f3 su educaci\u00f3n y se form\u00f3 como maestra.<\/span><\/p>\n<p style=\"text-align: justify\"><span style=\"font-family: 'Bell MT',serif\">Tras ello, se traslad\u00f3 a Madrid para realizar sus estudios superiores, donde residi\u00f3 en la Residencia de Se\u00f1oritas de Madrid, cuya directora era Mar\u00eda de Maeztu, la cual tuvo gran influencia en su pensamiento e ideolog\u00eda.<\/span><\/p>\n<p><!-- \/wp:post-content --><!-- wp:paragraph {\"align\":\"justify\"} --><\/p>\n<p style=\"text-align: justify\"><span style=\"font-family: 'Bell MT',serif\">Ejerci\u00f3 unos a\u00f1os como maestra y se afili\u00f3 a la <strong><span style=\"font-family: 'Bell MT',serif\">Asociaci\u00f3n Nacional de Mujeres Espa\u00f1ola y al Lyceum Club<\/span><\/strong>, del cual fue vicepresidenta.<\/span><\/p>\n<p><!-- \/wp:paragraph --><!-- wp:paragraph {\"align\":\"justify\"} --><\/p>\n<p style=\"text-align: justify\"><span style=\"font-family: 'Bell MT',serif\">En el a\u00f1o 1924, obtuvo su doctorado en Derecho, cuya tesis fue sobre la reforma de las prisiones, esto, la llev\u00f3 en 1925 a ser la primera mujer en ingresar en el Colegio de Abogados de Madrid.<\/span><\/p>\n<p><!-- \/wp:paragraph --><!-- wp:paragraph {\"align\":\"justify\"} --><\/p>\n<p style=\"text-align: justify\"><span style=\"font-family: 'Bell MT',serif\">En ejercicio de su profesi\u00f3n, hizo historia al convertirse en la primera mujer abogada en intervenir en un Consejo de Guerra y Marina, donde consigui\u00f3 la libertad de \u00c1lvaro de Albornoz, enjuiciado por rebeli\u00f3n republicana.<\/span><\/p>\n<p><!-- \/wp:paragraph --><!-- wp:paragraph {\"align\":\"justify\"} --><\/p>\n<p style=\"text-align: justify\"><span style=\"font-family: 'Bell MT',serif\">Victoria Kent obtuvo el puesto como diputada, en 1931, siendo una de las tres \u00fanicas diputadas, junto a Margarita Nelken y Clara Campoamor.<\/span><\/p>\n<p><!-- \/wp:paragraph --><!-- wp:paragraph {\"align\":\"just\"} --><\/p>\n<p style=\"text-align: justify\"><span style=\"font-family: 'Bell MT',serif\">Si bien, de mentalidad <strong><span style=\"font-family: 'Bell MT',serif\">liberal <\/span><\/strong>y contrario a su compa\u00f1era diputada Clara Campoamor, Victoria Kent era <strong><span style=\"font-family: 'Bell MT',serif\">contraria al voto femenino<\/span><\/strong>, ya que, consideraba que el voto estar\u00eda influenciado por la presencia de la iglesia, as\u00ed como, por la falta de educaci\u00f3n de las mujeres, lo cual, derivar\u00eda en un voto de signo conservador, y supondr\u00eda un perjuicio para la Rep\u00fablica.<\/span><\/p>\n<p><!-- \/wp:paragraph --><!-- wp:paragraph {\"align\":\"left\"} --><\/p>\n<p style=\"text-align: justify\"><span style=\"font-family: 'Bell MT',serif\">En abril de 1931 Alcal\u00e1 Zamora la nombr\u00f3 directora de prisiones, cargo que ocup\u00f3 hasta 1932, donde impuls\u00f3 medidas para mejorar la vida de los presos, en especial de las mujeres que se encontraban en prisi\u00f3n.<\/span><\/p>\n<p><!-- \/wp:paragraph --><!-- wp:paragraph {\"align\":\"left\"} --><\/p>\n<p style=\"text-align: justify\"><span style=\"font-family: 'Bell MT',serif\">Al estallido de la Guerra Civil, colabor\u00f3 en la <strong><span style=\"font-family: 'Bell MT',serif\">creaci\u00f3n de refugios para los hijos de los milicianos<\/span><\/strong>, as\u00ed como, prest\u00f3 su ayuda para <strong><span style=\"font-family: 'Bell MT',serif\">evacuarlos a Par\u00eds<\/span><\/strong>, lo cual, la llev\u00f3 a ser secretaria de la Embajada de Par\u00eds entre 1937 y 1939, con el fin de ayudar a los ni\u00f1os evacuados y de rescatar a los refugiados espa\u00f1oles de los campos de concentraci\u00f3n que se crearon en Francia.<\/span><\/p>\n<p><!-- \/wp:paragraph --><!-- wp:paragraph {\"align\":\"left\"} --><\/p>\n<p style=\"text-align: justify\"><span style=\"font-family: 'Bell MT',serif\">Victoria Kent fue <strong><span style=\"font-family: 'Bell MT',serif\">juzgada y condenada por el Tribunal Especial de la Represi\u00f3n de la Masoner\u00eda y el Comunismo<\/span><\/strong>, que se instaur\u00f3 por el bando franquista en 1940.<\/span><\/p>\n<p><!-- \/wp:paragraph --><!-- wp:paragraph {\"align\":\"left\"} --><\/p>\n<p style=\"text-align: justify\"><span style=\"font-family: 'Bell MT',serif\">Se exili\u00f3 en M\u00e9xico, donde contribuy\u00f3 a la creaci\u00f3n de la <strong><span style=\"font-family: 'Bell MT',serif\">Uni\u00f3n de intelectuales espa\u00f1oles<\/span><\/strong>, en 1944, y fund\u00f3 la <strong><span style=\"font-family: 'Bell MT',serif\">escuela de Capacitaci\u00f3n para el Personal de Prisiones<\/span><\/strong>, en 1949, de la que ocup\u00f3 el cargo de directora por dos a\u00f1os, as\u00ed como, realiz\u00f3 actividades docentes.<\/span><\/p>\n<p><!-- \/wp:paragraph --><!-- wp:paragraph {\"align\":\"left\"} --><\/p>\n<p style=\"text-align: justify\"><span style=\"font-family: 'Bell MT',serif\">A petici\u00f3n de la ONU, se traslad\u00f3 a Nueva York, en 1950, donde trabaj\u00f3 en la secci\u00f3n de asuntos sociales y fund\u00f3 la revista <em><span style=\"font-family: 'Bell MT',serif\">Ib\u00e9rica<\/span><\/em>, en la que colaboraron distintos intelectuales espa\u00f1oles exiliados y se mantuvo desde 1954 hasta 1974, en colaboraci\u00f3n con la mecenas Louise Crane. Fue galardonada en 1986 con la medalla de la Orden de San Raimundo de Pe\u00f1afort, un galard\u00f3n otorgado a aquellos cuyos m\u00e9ritos Intervienen en la administraci\u00f3n de justicia, el cultivo y aplicaci\u00f3n del estudio del derecho, en general, y, que recibe ese nombre por San Raimundo de Pe\u00f1afort, patr\u00f3n de los juristas.<\/span><\/p>\n<p><!-- \/wp:paragraph --><!-- wp:paragraph {\"align\":\"left\"} --><\/p>\n<p style=\"text-align: justify\"><span style=\"font-family: 'Bell MT',serif\">Victoria Kent regres\u00f3 a Espa\u00f1a tras d\u00e9cadas de exilio en 1977, cuando se restaur\u00f3 la democracia, estancia que no tuvo una extensa duraci\u00f3n, ya que, regres\u00f3 a Nueva York, donde falleci\u00f3 a la edad de 95 a\u00f1os, en 1987.<\/span><\/p>\n<p><img loading=\"lazy\" decoding=\"async\" class=\"wp-image-614  alignnone\" src=\"https:\/\/blog.uclm.es\/ComisionCulturaFDCS\/wp-content\/uploads\/sites\/218\/2023\/04\/9-1.png\" alt=\"\" width=\"611\" height=\"103\" \/><\/p>\n<p style=\"text-align: justify\"><span style=\"font-family: 'Bell MT',serif\">Entre sus obras, se pueden encontrar distintos g\u00e9neros literarios, en funci\u00f3n de la \u00e9poca en la que se encontraba, por ejemplo, una <strong>serie de ensayos y conferencias<\/strong> que versan sobre los derechos de las mujeres y la falta de \u00e9stos, as\u00ed como, las condiciones de vida en las prisiones. Adem\u00e1s, public\u00f3, a finales de los 70, otras conferencias que prest\u00f3 durante su cargo como directora de prisiones, y otros textos, entre los cuales se incluyen cartas, pr\u00f3logos, etc.<\/span><\/p>\n<figure class=\"wp-block-image size-full is-resized\">\n<figure class=\"wp-block-image size-large is-style-default\">\n<p><!-- \/wp:paragraph --><\/p>\n<\/figure>\n<p><!-- \/wp:image --><\/p>\n<\/figure>\n<p><!-- \/wp:image --><\/p>\n<p><!-- [if gte mso 9]&gt;--><\/p>\n<p><!-- [if gte mso 9]&gt;--><\/p>\n<p><!-- [if gte mso 9]&gt;--><\/p>\n<p><!-- \/wp:paragraph --><!-- wp:paragraph {\"align\":\"left\"} --><\/p>\n<p style=\"text-align: justify\"><span style=\"font-family: 'Bell MT',serif\">Sin embargo, su aportaci\u00f3n m\u00e1s importante a la literatura ser\u00eda la <strong>edici\u00f3n de la revista ib\u00e9rica<\/strong>, la cual surgi\u00f3 con el objetivo de informar al pueblo estadounidense de la situaci\u00f3n de Espa\u00f1a, sometida al r\u00e9gimen dictatorial de Francisco Franco y, en la que participaron autores como Salvador de Madariaga, Enrique Tierno Galv\u00e1n, entre otros, los cuales firmaban sus escritos mediante seud\u00f3nimos.<\/span><\/p>\n<p><!-- \/wp:paragraph --><!-- wp:paragraph {\"align\":\"left\"} --><\/p>\n<p style=\"text-align: justify\"><span style=\"font-family: 'Bell MT',serif\">A su vez, mediante el sobrenombre de \u201cMadame Duval\u201d, public\u00f3 en 1974, la novela \u201c<strong>Cuatro a\u00f1os en Par\u00eds 1940 \u2013 1944<\/strong>\u201d, la cual, relataba de forma narrativa y a trav\u00e9s del protagonista, su experiencia durante esos a\u00f1os en contante huida del r\u00e9gimen franquistas y de la Gestapo, durante la ocupaci\u00f3n nazi. <\/span><\/p>\n<p class=\"has-text-align-left\">\u00a0<\/p>\n<p class=\"has-text-align-left\"><img loading=\"lazy\" decoding=\"async\" class=\"alignnone wp-image-613 size-full\" src=\"https:\/\/blog.uclm.es\/ComisionCulturaFDCS\/wp-content\/uploads\/sites\/218\/2023\/04\/8-e1682494550612.png\" alt=\"\" width=\"2718\" height=\"1192\" srcset=\"https:\/\/blog.uclm.es\/ComisionCulturaFDCS\/wp-content\/uploads\/sites\/218\/2023\/04\/8-e1682494550612.png 2718w, https:\/\/blog.uclm.es\/ComisionCulturaFDCS\/wp-content\/uploads\/sites\/218\/2023\/04\/8-e1682494550612-300x132.png 300w, https:\/\/blog.uclm.es\/ComisionCulturaFDCS\/wp-content\/uploads\/sites\/218\/2023\/04\/8-e1682494550612-1024x449.png 1024w, https:\/\/blog.uclm.es\/ComisionCulturaFDCS\/wp-content\/uploads\/sites\/218\/2023\/04\/8-e1682494550612-768x337.png 768w, https:\/\/blog.uclm.es\/ComisionCulturaFDCS\/wp-content\/uploads\/sites\/218\/2023\/04\/8-e1682494550612-1536x674.png 1536w, https:\/\/blog.uclm.es\/ComisionCulturaFDCS\/wp-content\/uploads\/sites\/218\/2023\/04\/8-e1682494550612-2048x898.png 2048w, https:\/\/blog.uclm.es\/ComisionCulturaFDCS\/wp-content\/uploads\/sites\/218\/2023\/04\/8-e1682494550612-500x219.png 500w\" sizes=\"auto, (max-width: 2718px) 100vw, 2718px\" \/><\/p>\n<p><!-- \/wp:paragraph --><\/p>\n<p><!-- wp:paragraph --><\/p>\n<p><!-- \/wp:paragraph --><\/p>\n<p><!-- wp:paragraph --><\/p>\n<p><!-- \/wp:paragraph --><\/p>\n<p><!-- wp:paragraph --><\/p>\n<p><!-- \/wp:paragraph --><\/p>\n<p><!-- wp:paragraph --><\/p>\n<p><!-- \/wp:paragraph --><\/p>\n<p><!-- \/wp:paragraph --><\/p>\n<p><!-- wp:paragraph --><\/p>\n<p>\u00a0<\/p>\n<p><span style=\"color: #993366\"><em><strong><span style=\"font-family: 'Bell MT',serif\">Referencias<\/span><\/strong><\/em><\/span><\/p>\n<ul>\n<li><span style=\"font-family: 'Bell MT',serif\">Centro de Archivos de Informaci\u00f3n Documental (CIDA).<\/span><\/li>\n<li><span style=\"font-family: 'Bell MT',serif\">Fern\u00e1ndez, Tom\u00e1s y Tamaro, Elena. &lt;&lt; Bibliograf\u00eda de Victoria Kent&gt;&gt;. En Biograf\u00edas y Vidas. la enciclopedia biogr\u00e1fica en l\u00ednea [Internet].\u00a0 \u00a0 \u00a0 \u00a0 \u00a0 \u00a0 \u00a0 \u00a0 \u00a0 \u00a0 \u00a0 \u00a0 \u00a0 \u00a0 \u00a0 \u00a0 \u00a0 \u00a0 \u00a0 \u00a0 \u00a0 \u00a0 \u00a0 \u00a0 \u00a0 \u00a0 \u00a0 \u00a0 \u00a0 \u00a0 \u00a0 \u00a0 <\/span><span style=\"font-family: 'Bell MT',serif\">Barcelona, Espa\u00f1a, 2004<\/span><\/li>\n<li><span style=\"font-family: 'Bell MT',serif\">Colaboradores de Wikipedia. \u00abVictoria Kent\u00bb. <em>Wikipedia, la enciclopedia libre. 2023.<\/em><\/span><\/li>\n<\/ul>\n<p><span style=\"color: #993366\"><em><strong><span style=\"font-family: 'Bell MT',serif\">Agradecimientos<\/span><\/strong><\/em><\/span><\/p>\n<ul>\n<li><span style=\"font-family: 'Bell MT',serif\">Ana Cristina Rodr\u00edguez Yag\u00fce, Profesora titular de la Universidad.<\/span><\/li>\n<\/ul>\n<p><span style=\"color: #993366\"><em><strong><span style=\"font-family: 'Bell MT',serif\">Direcci\u00f3n y supervisi\u00f3n del taller de creaci\u00f3n y dise\u00f1o de Carteles<\/span><\/strong><\/em><\/span><\/p>\n<ul>\n<li><span style=\"color: #000000\"><span style=\"font-family: 'Bell MT',serif\">Mar\u00eda<\/span><span style=\"font-family: 'Bell MT',serif\"> Jes\u00fas Guti\u00e9rrez Pedrero<\/span><\/span><\/li>\n<li><span style=\"color: #000000\"><span style=\"font-family: 'Bell MT',serif\">Alberto Mu\u00f1oz Arenas<\/span><\/span><\/li>\n<\/ul>\n<p><span style=\"color: #993366\"><em><strong><span style=\"font-family: 'Bell MT',serif\">Dise\u00f1o dibujo Victoria Kent<\/span><\/strong><\/em><\/span><\/p>\n<ul>\n<li><span style=\"color: #000000\"><span style=\"font-family: 'Bell MT',serif\">Luc\u00eda Rodr\u00edguez Colmenar<\/span><\/span><\/li>\n<\/ul>\n<p><span style=\"color: #993366\"><em><strong><span style=\"font-family: 'Bell MT',serif\">Dise\u00f1o de Cartel y b\u00fasqueda de informaci\u00f3n sobre Victoria Kent:<\/span><\/strong><\/em><\/span><\/p>\n<ul>\n<li><span style=\"font-family: 'Bell MT',serif\">Alba Balseras Usero.<\/span><\/li>\n<li><span style=\"font-family: 'Bell MT',serif\">Celia Rodr\u00edguez Colmenar.<\/span><\/li>\n<\/ul>\n<p><!-- \/wp:paragraph --><\/p>\n<p><!-- wp:list --><\/p>\n<ul>\n<li style=\"list-style-type: none\">\n<ul><!-- wp:list-item --><\/ul>\n<\/li>\n<\/ul>\n<p><!-- \/wp:list-item --><\/p>\n<p><!-- wp:list-item --><\/p>\n<p>Jovellanos fue un hombre culto, que se caracteriz\u00f3 siempre por un hondo patriotismo y una gran preocupaci\u00f3n por los distintos problemas de Espa\u00f1a, lo que le llev\u00f3 a reflexionar sobre la reforma de las instituciones y costumbres vigentes. Su visi\u00f3n en este sentido fue tan penetrante que muchos de<\/p>","protected":false},"excerpt":{"rendered":"<p>Victoria Kent, nacida en M\u00e1laga en 1892, hija de Jos\u00e9 Kent Rom\u00e1n, comerciante de tejidos, y de Mar\u00eda Siano Gonz\u00e1lez, ambos de mentalidad liberal. Creci\u00f3 en su ciudad natal M\u00e1laga, donde recibi\u00f3 su educaci\u00f3n y se form\u00f3 como maestra. Tras &hellip; <a href=\"https:\/\/blog.uclm.es\/ComisionCulturaFDCS\/victoria-kent\/\">Sigue leyendo <span class=\"meta-nav\">&rarr;<\/span><\/a><\/p>\n","protected":false},"author":426,"featured_media":619,"parent":0,"menu_order":0,"comment_status":"closed","ping_status":"closed","template":"","meta":{"footnotes":""},"class_list":["post-473","page","type-page","status-publish","has-post-thumbnail","hentry"],"_links":{"self":[{"href":"https:\/\/blog.uclm.es\/ComisionCulturaFDCS\/wp-json\/wp\/v2\/pages\/473","targetHints":{"allow":["GET"]}}],"collection":[{"href":"https:\/\/blog.uclm.es\/ComisionCulturaFDCS\/wp-json\/wp\/v2\/pages"}],"about":[{"href":"https:\/\/blog.uclm.es\/ComisionCulturaFDCS\/wp-json\/wp\/v2\/types\/page"}],"author":[{"embeddable":true,"href":"https:\/\/blog.uclm.es\/ComisionCulturaFDCS\/wp-json\/wp\/v2\/users\/426"}],"replies":[{"embeddable":true,"href":"https:\/\/blog.uclm.es\/ComisionCulturaFDCS\/wp-json\/wp\/v2\/comments?post=473"}],"version-history":[{"count":32,"href":"https:\/\/blog.uclm.es\/ComisionCulturaFDCS\/wp-json\/wp\/v2\/pages\/473\/revisions"}],"predecessor-version":[{"id":718,"href":"https:\/\/blog.uclm.es\/ComisionCulturaFDCS\/wp-json\/wp\/v2\/pages\/473\/revisions\/718"}],"wp:featuredmedia":[{"embeddable":true,"href":"https:\/\/blog.uclm.es\/ComisionCulturaFDCS\/wp-json\/wp\/v2\/media\/619"}],"wp:attachment":[{"href":"https:\/\/blog.uclm.es\/ComisionCulturaFDCS\/wp-json\/wp\/v2\/media?parent=473"}],"curies":[{"name":"wp","href":"https:\/\/api.w.org\/{rel}","templated":true}]}}