{"id":472,"date":"2023-03-24T09:16:21","date_gmt":"2023-03-24T09:16:21","guid":{"rendered":"https:\/\/blog.uclm.es\/ComisionCulturaFDCS\/?page_id=472"},"modified":"2025-03-03T16:20:39","modified_gmt":"2025-03-03T16:20:39","slug":"francisco-de-vitoria","status":"publish","type":"page","link":"https:\/\/blog.uclm.es\/ComisionCulturaFDCS\/francisco-de-vitoria\/","title":{"rendered":"FRANCISCO DE VITORIA"},"content":{"rendered":"\n<figure class=\"wp-block-image size-large is-resized\"><img loading=\"lazy\" decoding=\"async\" width=\"1024\" height=\"430\" src=\"https:\/\/blog.uclm.es\/ComisionCulturaFDCS\/wp-content\/uploads\/sites\/218\/2023\/09\/Vitoria-1024x430.png\" alt=\"\" class=\"wp-image-660\" style=\"width:613px;height:257px\" srcset=\"https:\/\/blog.uclm.es\/ComisionCulturaFDCS\/wp-content\/uploads\/sites\/218\/2023\/09\/Vitoria-1024x430.png 1024w, https:\/\/blog.uclm.es\/ComisionCulturaFDCS\/wp-content\/uploads\/sites\/218\/2023\/09\/Vitoria-300x126.png 300w, https:\/\/blog.uclm.es\/ComisionCulturaFDCS\/wp-content\/uploads\/sites\/218\/2023\/09\/Vitoria-768x322.png 768w, https:\/\/blog.uclm.es\/ComisionCulturaFDCS\/wp-content\/uploads\/sites\/218\/2023\/09\/Vitoria-1536x645.png 1536w, https:\/\/blog.uclm.es\/ComisionCulturaFDCS\/wp-content\/uploads\/sites\/218\/2023\/09\/Vitoria-2048x860.png 2048w, https:\/\/blog.uclm.es\/ComisionCulturaFDCS\/wp-content\/uploads\/sites\/218\/2023\/09\/Vitoria-500x210.png 500w\" sizes=\"auto, (max-width: 1024px) 100vw, 1024px\" \/><\/figure>\n\n\n<p class=\"has-text-color has-medium-font-size\" style=\"color: #810947\"><strong>Biograf\u00eda.<\/strong><\/p>\n<p style=\"text-align: justify;margin: 6.0pt 0cm 6.0pt 0cm\"><span style=\"font-family: 'Cambria',serif\">Francisco de Vitoria Compludo naci\u00f3 en Burgos en 1483. Miembro de la orden religiosa de los dominicos, fue te\u00f3logo, economista, jurista y fundador de la Escuela de Salamanca. Comenz\u00f3 su formaci\u00f3n en el Estudio General de la orden dominicana de Burgos en el a\u00f1o 1505, termin\u00e1ndolos en el convento de Santiago de Par\u00eds hacia el a\u00f1o 1508. En esa misma ciudad fue profesor desde el a\u00f1o 1513 hasta 1523.<\/span><\/p>\n<p style=\"text-align: justify;margin: 6.0pt 0cm 6.0pt 0cm\"><span style=\"font-family: 'Cambria',serif\">De 1523 a 1526 fue profesor de Teolog\u00eda en Valladolid, sede de la Canciller\u00eda Real y, por tanto, adonde llegaban las vicisitudes derivadas del trato que los encomenderos daban a los nativos americanos. Es ya en 1526 cuando comienza a residir en Salamanca, donde obtiene la c\u00e1tedra principal de Teolog\u00eda de dicha universidad y donde seguir\u00e1 impartiendo clases sobre la <em>Suma de la Teolog\u00eda<\/em> de santo Tom\u00e1s de Aquino hasta 1546. Como consecuencia de las guerras europeas y los problemas que llegaban de Am\u00e9rica, Vitoria se interes\u00f3 especialmente por el estudio de los \u201cderechos humanos\u201d y por c\u00f3mo se relacionaban los pueblos entre s\u00ed. Igualmente, realiz\u00f3 una fuerte oposici\u00f3n a todo lo relacionado con la guerra. En el a\u00f1o 1545 fue invitado por el emperador Carlos V para acudir al Concilio de Trento como te\u00f3logo imperial, aunque tuvo que rechazar la invitaci\u00f3n por encontrarse muy enfermo. Finalmente, falleci\u00f3 en Salamanca en 1546.<\/span><\/p>\n<p><!-- \/wp:post-content --><\/p>\n<p><!-- wp:paragraph {\"style\":{\"color\":{\"text\":\"#810947\"}},\"fontSize\":\"medium\"} --><\/p>\n<p class=\"has-text-color has-medium-font-size\" style=\"color: #810947\"><strong>Aportaciones.<\/strong><\/p>\n<p><!-- \/wp:paragraph --><\/p>\n<p style=\"text-align: justify;margin: 6.0pt 0cm 6.0pt 0cm\"><span style=\"font-family: 'Cambria',serif\">La doctrina de Vitoria se basa en la consideraci\u00f3n del hombre como un ser libre, social y racional, que est\u00e1 a su vez hecho como imagen y semejanza de Dios; siendo esta la ra\u00edz de su dignidad y la causa de sus derechos y obligaciones. As\u00ed, el ejercicio del poder y de la autoridad, seg\u00fan Vitoria, se encuentra limitado por los derechos de los individuos (entre ellos, los derechos personales e inalienables, tales como la vida o la libertad).<\/span><\/p>\n<p style=\"text-align: justify;margin: 6.0pt 0cm 6.0pt 0cm\"><span style=\"font-family: 'Cambria',serif\">Su pensamiento encuentra fundamento en el derecho de gentes y en el derecho natural, de tal manera que, para \u00e9l, los derechos de los seres humanos se basan en su propia naturaleza, por lo que tendr\u00edan car\u00e1cter universal. De esta manera, es Vitoria quien formula por primera vez el concepto de <em>Orbis<\/em>, entendiendo que el mundo ser\u00eda una unidad pol\u00edtica de la que emanan leyes que, posteriormente, pueden ser aplicadas a todos los seres humanos y a todos los Estados. Es por esto por lo que Francisco de Vitoria est\u00e1 considerado como el padre del Derecho Internacional P\u00fablico.<\/span><\/p>\n<p style=\"text-align: justify;margin: 6.0pt 0cm 6.0pt 0cm\"><span style=\"font-family: 'Cambria',serif\">Asimismo, se cuestiona por cu\u00e1l es la consideraci\u00f3n jur\u00eddica que debe darse a los individuos del nuevo continente (Am\u00e9rica); argumentando que los indios, como seres humanos, poseen derechos, puesto que el ser humano es titular de derechos dado que es un ser racional y pese a que no pueda ejercerlos en alg\u00fan momento concreto. De esta manera, sus pensamientos y doctrinas acerca de los derechos subjetivos supondr\u00edan un excelente aporte a la teor\u00eda de los derechos fundamentales, ya que las teor\u00edas de Vitoria se fundamentan en la dignidad de los individuos.<\/span><\/p>\n<p style=\"text-align: justify;margin: 6.0pt 0cm 6.0pt 0cm\"><span style=\"font-family: 'Cambria',serif\">Sus relecciones sobre la guerra, el poder civil y los indios tendr\u00e1n una marcada influencia en la Escuela de Salamanca, as\u00ed como en otros pensadores europeos.\u00a0<\/span><\/p>\n<p><!-- wp:paragraph {\"style\":{\"color\":{\"text\":\"#810947\"}},\"fontSize\":\"medium\"} --><\/p>\n<p class=\"has-text-color has-medium-font-size\" style=\"color: #810947\"><strong>Obras.<\/strong><\/p>\n<p><!-- \/wp:paragraph --><\/p>\n<p style=\"text-align: justify;margin: 6.0pt 0cm 6.0pt 0cm\"><span style=\"font-family: 'Cambria',serif\">Entre las obras de Vitoria podemos destacar las <em>Relecciones Teol\u00f3gicas, <\/em>las relecciones <em>Sobre el derecho de la guerra, De indis y De Jure belli Hispanorum in barbaros<\/em>, del a\u00f1o 1532. Igualmente, fue colaborador de su maestro, P. Crockaer, en la elaboraci\u00f3n de la edici\u00f3n impresa de la obra de Santo Tom\u00e1s de Aquino <em>Suma de la Teolog\u00eda<\/em>.<\/span><\/p>\n<p><!-- wp:paragraph {\"style\":{\"color\":{\"text\":\"#810947\"}},\"fontSize\":\"medium\"} --><\/p>\n<p class=\"has-text-color has-medium-font-size\" style=\"color: #810947\"><strong>L\u00ednea de vida.<\/strong><\/p>\n<p><!-- \/wp:paragraph --><\/p>\n<p><!-- wp:image {\"id\":671,\"sizeSlug\":\"large\",\"linkDestination\":\"none\"} --><\/p>\n<figure class=\"wp-block-image size-large\"><img loading=\"lazy\" decoding=\"async\" width=\"1024\" height=\"479\" class=\"wp-image-671\" src=\"https:\/\/blog.uclm.es\/ComisionCulturaFDCS\/wp-content\/uploads\/sites\/218\/2023\/09\/FdV-1024x479.jpg\" alt=\"\" srcset=\"https:\/\/blog.uclm.es\/ComisionCulturaFDCS\/wp-content\/uploads\/sites\/218\/2023\/09\/FdV-1024x479.jpg 1024w, https:\/\/blog.uclm.es\/ComisionCulturaFDCS\/wp-content\/uploads\/sites\/218\/2023\/09\/FdV-300x140.jpg 300w, https:\/\/blog.uclm.es\/ComisionCulturaFDCS\/wp-content\/uploads\/sites\/218\/2023\/09\/FdV-768x359.jpg 768w, https:\/\/blog.uclm.es\/ComisionCulturaFDCS\/wp-content\/uploads\/sites\/218\/2023\/09\/FdV-500x234.jpg 500w, https:\/\/blog.uclm.es\/ComisionCulturaFDCS\/wp-content\/uploads\/sites\/218\/2023\/09\/FdV.jpg 1151w\" sizes=\"auto, (max-width: 1024px) 100vw, 1024px\" \/><\/figure>\n<p><!-- \/wp:image --><\/p>\n<p><!-- wp:paragraph {\"style\":{\"color\":{\"text\":\"#810947\"}},\"fontSize\":\"medium\"} --><\/p>\n<p class=\"has-text-color has-medium-font-size\" style=\"color: #810947\"><strong>Cr\u00e9ditos<\/strong>.<\/p>\n<p><!-- \/wp:paragraph --><\/p>\n<p>Real Academia de la Historia.<\/p>\n<p>GOTI ORDE\u00d1ANA, J.: Los derechos fundamentales en la doctrina de Francisco de Vitoria. <em>Anuario de Derecho Eclesi\u00e1stico del Estado<\/em>, n\u00fam. 13, 1997, p\u00e1gs. 51-76.<\/p>\n<p>Agradecimiento a la Profesora D\u00f1a. Mar\u00eda Soledad Campos D\u00edez.<\/p>","protected":false},"excerpt":{"rendered":"<p>Biograf\u00eda. Francisco de Vitoria Compludo naci\u00f3 en Burgos en 1483. Miembro de la orden religiosa de los dominicos, fue te\u00f3logo, economista, jurista y fundador de la Escuela de Salamanca. Comenz\u00f3 su formaci\u00f3n en el Estudio General de la orden dominicana &hellip; <a href=\"https:\/\/blog.uclm.es\/ComisionCulturaFDCS\/francisco-de-vitoria\/\">Sigue leyendo <span class=\"meta-nav\">&rarr;<\/span><\/a><\/p>\n","protected":false},"author":422,"featured_media":0,"parent":0,"menu_order":0,"comment_status":"closed","ping_status":"closed","template":"","meta":{"footnotes":""},"class_list":["post-472","page","type-page","status-publish","hentry"],"_links":{"self":[{"href":"https:\/\/blog.uclm.es\/ComisionCulturaFDCS\/wp-json\/wp\/v2\/pages\/472","targetHints":{"allow":["GET"]}}],"collection":[{"href":"https:\/\/blog.uclm.es\/ComisionCulturaFDCS\/wp-json\/wp\/v2\/pages"}],"about":[{"href":"https:\/\/blog.uclm.es\/ComisionCulturaFDCS\/wp-json\/wp\/v2\/types\/page"}],"author":[{"embeddable":true,"href":"https:\/\/blog.uclm.es\/ComisionCulturaFDCS\/wp-json\/wp\/v2\/users\/422"}],"replies":[{"embeddable":true,"href":"https:\/\/blog.uclm.es\/ComisionCulturaFDCS\/wp-json\/wp\/v2\/comments?post=472"}],"version-history":[{"count":12,"href":"https:\/\/blog.uclm.es\/ComisionCulturaFDCS\/wp-json\/wp\/v2\/pages\/472\/revisions"}],"predecessor-version":[{"id":754,"href":"https:\/\/blog.uclm.es\/ComisionCulturaFDCS\/wp-json\/wp\/v2\/pages\/472\/revisions\/754"}],"wp:attachment":[{"href":"https:\/\/blog.uclm.es\/ComisionCulturaFDCS\/wp-json\/wp\/v2\/media?parent=472"}],"curies":[{"name":"wp","href":"https:\/\/api.w.org\/{rel}","templated":true}]}}