{"id":471,"date":"2023-03-24T09:16:24","date_gmt":"2023-03-24T09:16:24","guid":{"rendered":"https:\/\/blog.uclm.es\/ComisionCulturaFDCS\/?page_id=471"},"modified":"2025-02-21T10:53:07","modified_gmt":"2025-02-21T10:53:07","slug":"gaspar-melchor-de-jovellanos","status":"publish","type":"page","link":"https:\/\/blog.uclm.es\/ComisionCulturaFDCS\/gaspar-melchor-de-jovellanos\/","title":{"rendered":"GASPAR MELCHOR DE JOVELLANOS"},"content":{"rendered":"\n<blockquote class=\"wp-block-quote is-layout-flow wp-block-quote-is-layout-flow\">\n<div class=\"wp-block-columns is-layout-flex wp-container-core-columns-is-layout-9d6595d7 wp-block-columns-is-layout-flex\">\n<div class=\"wp-block-column is-layout-flow wp-block-column-is-layout-flow\">\n<figure class=\"wp-block-image size-full\"><img loading=\"lazy\" decoding=\"async\" width=\"450\" height=\"551\" src=\"https:\/\/blog.uclm.es\/ComisionCulturaFDCS\/wp-content\/uploads\/sites\/218\/2023\/09\/jovellanos2-1.jpg\" alt=\"\" class=\"wp-image-657\" srcset=\"https:\/\/blog.uclm.es\/ComisionCulturaFDCS\/wp-content\/uploads\/sites\/218\/2023\/09\/jovellanos2-1.jpg 450w, https:\/\/blog.uclm.es\/ComisionCulturaFDCS\/wp-content\/uploads\/sites\/218\/2023\/09\/jovellanos2-1-245x300.jpg 245w\" sizes=\"auto, (max-width: 450px) 100vw, 450px\" \/><\/figure>\n<\/div>\n\n\n\n<div class=\"wp-block-column is-layout-flow wp-block-column-is-layout-flow\">\n<blockquote class=\"wp-block-quote is-layout-flow wp-block-quote-is-layout-flow\">\n<p class=\"has-medium-font-size\">Yo no sigo un partido, sino la santa y justa causa que sostiene mi patria<\/p>\n<\/blockquote>\n<\/div>\n<\/div>\n<\/blockquote>\n\n\n<p style=\"text-align: justify;margin: 6.0pt 0cm 6.0pt 0cm\"><span style=\"font-family: 'Cambria',serif\">Naci\u00f3 el 5 de enero de 1744 en Gij\u00f3n, en una familia culta de sentimientos patri\u00f3ticos; siendo el d\u00e9cimo hijo del matrimonio formado por Don Francisco Gregorio de Jovellanos y Do\u00f1a Francisca Apolinaria Jove Ram\u00edrez.<\/span><\/p>\n<p style=\"text-align: justify;margin: 6.0pt 0cm 6.0pt 0cm\"><span style=\"font-family: 'Cambria',serif\">En su tierra natal estudi\u00f3 sus primeras letras y la Gram\u00e1tica Latina; y m\u00e1s tarde, filosof\u00eda en Oviedo. Posteriormente, en \u00c1vila, empez\u00f3 la carrera de Leyes y C\u00e1nones, lo que le concedi\u00f3 una beca para estudiar en el colegio de San Idelfonso en Alcal\u00e1. Jovellanos con una primera tonsura, se inclin\u00f3 inicialmente hacia la carrera eclesi\u00e1stica, por consejo familiar; pero finalmente se decidi\u00f3 por la judicatura. Siendo su primer cargo, alcalde de la sala del Crimen de la Real Audiencia de Sevilla.<\/span><\/p>\n<p style=\"text-align: justify;margin: 6.0pt 0cm 6.0pt 0cm\"><span style=\"font-family: 'Cambria',serif\">Tuvo tambi\u00e9n asiento en la Sociedad de Amigos del Pa\u00eds, introduciendo: escuelas y mejoras en el campo de la agricultura (donde cosech\u00f3 \u00e9xitos). Este periodo estuvo marcado por el impulso reformista del reinado de Carlos III. Por propuesta del mismo monarca, elabor\u00f3 una de las reformas m\u00e1s importantes, la <em>Ley de la Reforma Agraria.<\/em><\/span><\/p>\n<p style=\"text-align: justify;margin: 6.0pt 0cm 6.0pt 0cm\"><span style=\"font-family: 'Cambria',serif\">Fue expulsado de Madrid y se le nombr\u00f3 embajador en Rusia, m\u00e1s tarde ministro de Gracia y Justicia por Godoy; su visi\u00f3n reformista de los problemas legislativos, se enfrent\u00f3 con las nuevas orientaciones pol\u00edticas, por lo que, fue destituido al cabo de unos pocos meses.<\/span><\/p>\n<p style=\"text-align: justify;margin: 6.0pt 0cm 6.0pt 0cm\"><span style=\"font-family: 'Cambria',serif\">La persecuci\u00f3n contra los ilustrados desencadenada en 1800 provoc\u00f3 su arresto, y en 1801 fue encarcelado en el castillo de Bellver y en la Cartuja de Valldemosa. Tras ser puesto en libertad por Jos\u00e9 Bonaparte en 1808, prosigui\u00f3 su labor pol\u00edtica formando parte de la Junta Central hasta 1810. De regreso a Gij\u00f3n, falleci\u00f3 en el asturiano puerto de Vega el 29 de noviembre de 1811.<\/span><\/p>\n\n\n<h2 class=\"wp-block-heading has-text-color has-medium-font-size\" style=\"color:#810947\">Aportaciones.<\/h2>\n\n\n\n<p style=\"text-align: justify;margin: 6.0pt 0cm 6.0pt 0cm\"><span style=\"font-family: 'Cambria',serif\">Principal promotor de las Cortes de C\u00e1diz, l\u00edder intelectual de su generaci\u00f3n, escritor, economista, pol\u00edtico, pero sobro todo reformador y hombre de Estado.<\/p>\n\n\n\n<p style=\"text-align: justify;margin: 6.0pt 0cm 6.0pt 0cm\"><span style=\"font-family: 'Cambria',serif\">Jovellanos es sin duda una de las figuras m\u00e1s representativas de la Ilustraci\u00f3n espa\u00f1ola. Adem\u00e1s de estar convencido de que la ilustraci\u00f3n es la base de toda prosperidad social distingue entre la soberan\u00eda, que es quien detenta el poder, es decir, el gobierno soberano; y la supremac\u00eda, que es quien posee la legitimidad \u00faltima, o el pueblo. Por tanto, piensa que la econom\u00eda es la ciencia de la pol\u00edtica, pero, est\u00e1 en contra de algunas interpretaciones de Adam Smith, ya que cree en la necesidad de intervenci\u00f3n del Estado junto con la libertad de mercado.<\/p>\n\n\n\n<h2 class=\"wp-block-heading has-text-color has-medium-font-size\" style=\"color:#810947\">Obras.<\/h2>\n\n\n<p style=\"text-align: justify;margin: 6.0pt 0cm 6.0pt 0cm\"><span style=\"font-family: 'Cambria',serif\">La obra de Jovellanos es prol\u00edfica y variada, suele dividirse en sus creaciones literarias y art\u00edsticas. Su producci\u00f3n literaria abarc\u00f3 el teatro, aunque su inter\u00e9s como dramaturgo era escaso, y en poes\u00eda, en cambio, alcanz\u00f3 relativo \u00e9xito.<\/span><\/p>\n<p style=\"text-align: justify;margin: 6.0pt 0cm 6.0pt 0cm\"><span style=\"font-family: 'Cambria',serif\">Su gusto art\u00edstico y sensible caracteriza estos escritos de car\u00e1cter t\u00e9cnico o pol\u00edtico que pese a versar sobre temas que a priori podr\u00edan resultar \u00e1ridos y serios gozan de una gran viveza y de un gran colorido.<\/span><\/p>\n<p style=\"text-align: justify;margin: 6.0pt 0cm 6.0pt 0cm\"><span style=\"font-family: 'Cambria',serif\">Jovellanos fue un hombre culto, que se caracteriz\u00f3 siempre por un hondo patriotismo y una gran preocupaci\u00f3n por los distintos problemas de Espa\u00f1a, lo que le llev\u00f3 a reflexionar sobre la reforma de las instituciones y costumbres vigentes. Su visi\u00f3n en este sentido fue tan penetrante que muchos de sus an\u00e1lisis siguen teniendo validez, como las ideas expuestas en su Informe sobre el <em>Expediente de la Ley Agraria <\/em>(1795), que propone al Rey una reforma profunda del campo espa\u00f1ol que contribuya a la recuperaci\u00f3n de la econom\u00eda nacional que redundar\u00e1n en la prosperidad econ\u00f3mica de la naci\u00f3n.<\/span><\/p>\n<p style=\"text-align: justify;margin: 6.0pt 0cm 6.0pt 0cm\"><span style=\"font-family: 'Cambria',serif\">Cabe destacar tambi\u00e9n su <em>Memoria para el arreglo de la polic\u00eda de espect\u00e1culos y diversiones p\u00fablicas <\/em>(1790), donde recoge los hechos y noticias sobre espect\u00e1culos y diversiones p\u00fablicas de las respectivas provincias de Espa\u00f1a a lo largo de su historia; tambi\u00e9n el <em>Reglamento&nbsp;&nbsp; del&nbsp;&nbsp; Colegio Imperial de Calatrava<\/em>, a juicio de algunos, el plan de m\u00e1s logrado que hasta entonces hubo en Europa; y la <em>Memoria sobre educaci\u00f3n P\u00fablica<\/em><\/span><\/p>\n\n\n<h2 class=\"wp-block-heading has-text-color has-medium-font-size\" style=\"color:#810947\">L\u00ednea de vida.<\/h2>\n\n\n\n<figure class=\"wp-block-image size-large\"><img loading=\"lazy\" decoding=\"async\" width=\"1024\" height=\"271\" src=\"https:\/\/blog.uclm.es\/ComisionCulturaFDCS\/wp-content\/uploads\/sites\/218\/2023\/09\/jovellanos-1024x271.png\" alt=\"\" class=\"wp-image-654\" srcset=\"https:\/\/blog.uclm.es\/ComisionCulturaFDCS\/wp-content\/uploads\/sites\/218\/2023\/09\/jovellanos-1024x271.png 1024w, https:\/\/blog.uclm.es\/ComisionCulturaFDCS\/wp-content\/uploads\/sites\/218\/2023\/09\/jovellanos-300x79.png 300w, https:\/\/blog.uclm.es\/ComisionCulturaFDCS\/wp-content\/uploads\/sites\/218\/2023\/09\/jovellanos-768x203.png 768w, https:\/\/blog.uclm.es\/ComisionCulturaFDCS\/wp-content\/uploads\/sites\/218\/2023\/09\/jovellanos-1536x407.png 1536w, https:\/\/blog.uclm.es\/ComisionCulturaFDCS\/wp-content\/uploads\/sites\/218\/2023\/09\/jovellanos-2048x543.png 2048w, https:\/\/blog.uclm.es\/ComisionCulturaFDCS\/wp-content\/uploads\/sites\/218\/2023\/09\/jovellanos-500x132.png 500w\" sizes=\"auto, (max-width: 1024px) 100vw, 1024px\" \/><\/figure>\n\n\n\n<hr class=\"wp-block-separator has-alpha-channel-opacity\" \/>\n\n\n\n<h2 class=\"wp-block-heading has-text-color has-medium-font-size\" style=\"color:#810947\">Cr\u00e9ditos.<\/h2>\n\n\n<p><em>Agradecimiento a <\/em>Jos\u00e9 Antonio Negr\u00edn de la Pe\u00f1a.<\/p>\n<p><em>Referencia bibliogr\u00e1fica:<\/em><\/p>\n<p>https:\/\/uvadoc.uva.es\/bitstream\/handle\/10324\/56833\/TFG-E-1634.pdf?sequence=1 https:\/\/carmenpagan.files.wordpress.com\/2012\/07\/c-texto-ley-de-bases-de-la-reforma-agraria.pdf https:\/\/<a href=\"http:\/\/www.jstor.org\/stable\/43398770?seq=3\">www.jstor.org\/stable\/43398770?seq=3<\/a><\/p>\n<p>Y apuntes proporcionados por el profesor Jos\u00e9 Antonio Negr\u00edn de la Pe\u00f1a.<\/p>","protected":false},"excerpt":{"rendered":"<p>Naci\u00f3 el 5 de enero de 1744 en Gij\u00f3n, en una familia culta de sentimientos patri\u00f3ticos; siendo el d\u00e9cimo hijo del matrimonio formado por Don Francisco Gregorio de Jovellanos y Do\u00f1a Francisca Apolinaria Jove Ram\u00edrez. En su tierra natal estudi\u00f3 &hellip; <a href=\"https:\/\/blog.uclm.es\/ComisionCulturaFDCS\/gaspar-melchor-de-jovellanos\/\">Sigue leyendo <span class=\"meta-nav\">&rarr;<\/span><\/a><\/p>\n","protected":false},"author":101,"featured_media":0,"parent":0,"menu_order":0,"comment_status":"closed","ping_status":"closed","template":"","meta":{"footnotes":""},"class_list":["post-471","page","type-page","status-publish","hentry"],"_links":{"self":[{"href":"https:\/\/blog.uclm.es\/ComisionCulturaFDCS\/wp-json\/wp\/v2\/pages\/471","targetHints":{"allow":["GET"]}}],"collection":[{"href":"https:\/\/blog.uclm.es\/ComisionCulturaFDCS\/wp-json\/wp\/v2\/pages"}],"about":[{"href":"https:\/\/blog.uclm.es\/ComisionCulturaFDCS\/wp-json\/wp\/v2\/types\/page"}],"author":[{"embeddable":true,"href":"https:\/\/blog.uclm.es\/ComisionCulturaFDCS\/wp-json\/wp\/v2\/users\/101"}],"replies":[{"embeddable":true,"href":"https:\/\/blog.uclm.es\/ComisionCulturaFDCS\/wp-json\/wp\/v2\/comments?post=471"}],"version-history":[{"count":10,"href":"https:\/\/blog.uclm.es\/ComisionCulturaFDCS\/wp-json\/wp\/v2\/pages\/471\/revisions"}],"predecessor-version":[{"id":777,"href":"https:\/\/blog.uclm.es\/ComisionCulturaFDCS\/wp-json\/wp\/v2\/pages\/471\/revisions\/777"}],"wp:attachment":[{"href":"https:\/\/blog.uclm.es\/ComisionCulturaFDCS\/wp-json\/wp\/v2\/media?parent=471"}],"curies":[{"name":"wp","href":"https:\/\/api.w.org\/{rel}","templated":true}]}}