{"id":373,"date":"2023-01-21T11:07:42","date_gmt":"2023-01-21T10:07:42","guid":{"rendered":"https:\/\/blog.uclm.es\/21staadee\/?page_id=373"},"modified":"2025-11-06T17:43:07","modified_gmt":"2025-11-06T16:43:07","slug":"curso-3","status":"publish","type":"page","link":"https:\/\/blog.uclm.es\/21staadee\/curso-3\/","title":{"rendered":"Encuestas"},"content":{"rendered":"\n<p>En ConectaNEE queremos conocer de primera mano las necesidades reales de los Centros de Educaci\u00f3n Especial. Para ello, hemos creado dos encuestas breves dirigidas a <strong>docentes<\/strong> y <strong>familias<\/strong>, con el objetivo de recoger informaci\u00f3n que nos permita desarrollar soluciones educativas y tecnol\u00f3gicas realmente \u00fatiles.<\/p>\n\n\n\n<p>Tu participaci\u00f3n es fundamental para mejorar la inclusi\u00f3n, compartir experiencias y construir juntos un espacio de apoyo accesible para todos. Nos ayudar\u00e1s a:<\/p>\n\n\n\n<p>\u2705 identificar necesidades del alumnado<br>\u2705 conocer recursos que faltan en los centros<br>\u2705 detectar barreras tecnol\u00f3gicas o materiales<br>\u2705 proponer ideas que puedan convertirse en soluciones reales<br>\u2705 fortalecer la inclusi\u00f3n educativa<\/p>\n\n\n\n<div class=\"wp-block-group is-nowrap is-layout-flex wp-container-core-group-is-layout-ad2f72ca wp-block-group-is-layout-flex\">\n<figure class=\"wp-block-image size-large\"><img loading=\"lazy\" decoding=\"async\" width=\"1024\" height=\"768\" src=\"https:\/\/blog.uclm.es\/21staadee\/wp-content\/uploads\/sites\/168\/2023\/03\/WhatsApp-Image-2023-03-26-at-22.28.23-1024x768.jpeg\" alt=\"\" class=\"wp-image-466\" srcset=\"https:\/\/blog.uclm.es\/21staadee\/wp-content\/uploads\/sites\/168\/2023\/03\/WhatsApp-Image-2023-03-26-at-22.28.23-1024x768.jpeg 1024w, https:\/\/blog.uclm.es\/21staadee\/wp-content\/uploads\/sites\/168\/2023\/03\/WhatsApp-Image-2023-03-26-at-22.28.23-300x225.jpeg 300w, https:\/\/blog.uclm.es\/21staadee\/wp-content\/uploads\/sites\/168\/2023\/03\/WhatsApp-Image-2023-03-26-at-22.28.23-768x576.jpeg 768w, https:\/\/blog.uclm.es\/21staadee\/wp-content\/uploads\/sites\/168\/2023\/03\/WhatsApp-Image-2023-03-26-at-22.28.23-1536x1152.jpeg 1536w, https:\/\/blog.uclm.es\/21staadee\/wp-content\/uploads\/sites\/168\/2023\/03\/WhatsApp-Image-2023-03-26-at-22.28.23-400x300.jpeg 400w, https:\/\/blog.uclm.es\/21staadee\/wp-content\/uploads\/sites\/168\/2023\/03\/WhatsApp-Image-2023-03-26-at-22.28.23.jpeg 1600w\" sizes=\"auto, (max-width: 1024px) 100vw, 1024px\" \/><figcaption class=\"wp-element-caption\">Trabajo de grupo durante el curso<\/figcaption><\/figure>\n<\/div>\n\n\n\n<div class=\"wp-block-group is-nowrap is-layout-flex wp-container-core-group-is-layout-ad2f72ca wp-block-group-is-layout-flex\">\t<div id=\"respond\" class=\"comment-respond wp-block-post-comments-form\">\n\t\t<h3 id=\"reply-title\" class=\"comment-reply-title\">Deja una respuesta <small><a rel=\"nofollow\" id=\"cancel-comment-reply-link\" href=\"\/21staadee\/wp-json\/wp\/v2\/pages\/373#respond\" style=\"display:none;\">Cancelar la respuesta<\/a><\/small><\/h3><form action=\"https:\/\/blog.uclm.es\/21staadee\/wp-comments-post.php\" method=\"post\" id=\"commentform\" class=\"comment-form\"><p class=\"comment-notes\"><span id=\"email-notes\">Tu direcci\u00f3n de correo electr\u00f3nico no ser\u00e1 publicada.<\/span> <span class=\"required-field-message\">Los campos obligatorios est\u00e1n marcados con <span class=\"required\">*<\/span><\/span><\/p><p class=\"comment-form-comment\"><label for=\"comment\">Comentario <span class=\"required\">*<\/span><\/label> <textarea id=\"comment\" name=\"comment\" cols=\"45\" rows=\"8\" maxlength=\"65525\" required><\/textarea><\/p><p class=\"comment-form-author\"><label for=\"author\">Nombre <span class=\"required\">*<\/span><\/label> <input id=\"author\" name=\"author\" type=\"text\" value=\"\" size=\"30\" maxlength=\"245\" autocomplete=\"name\" required \/><\/p>\n<p class=\"comment-form-email\"><label for=\"email\">Correo electr\u00f3nico <span class=\"required\">*<\/span><\/label> <input id=\"email\" name=\"email\" type=\"email\" value=\"\" size=\"30\" maxlength=\"100\" aria-describedby=\"email-notes\" autocomplete=\"email\" required \/><\/p>\n<p class=\"comment-form-url\"><label for=\"url\">Web<\/label> <input id=\"url\" name=\"url\" type=\"url\" value=\"\" size=\"30\" maxlength=\"200\" autocomplete=\"url\" \/><\/p>\n<p class=\"comment-form-cookies-consent\"><input id=\"wp-comment-cookies-consent\" name=\"wp-comment-cookies-consent\" type=\"checkbox\" value=\"yes\" \/> <label for=\"wp-comment-cookies-consent\">Guarda mi nombre, correo electr\u00f3nico y web en este navegador para la pr\u00f3xima vez que comente.<\/label><\/p>\n<p class=\"form-submit\"><input name=\"submit\" type=\"submit\" id=\"submit\" class=\"submit\" value=\"Publicar el comentario\" \/> <input type='hidden' name='comment_post_ID' value='373' id='comment_post_ID' \/>\n<input type='hidden' name='comment_parent' id='comment_parent' value='0' \/>\n<\/p><\/form>\t<\/div><!-- #respond -->\n\t<\/div>\n\n\n\n<p class=\"has-large-font-size\"><strong>\ud83e\udde9 Encuesta para profesionales de Centros de Educaci\u00f3n Especial<\/strong><\/p>\n\n\n\n<p>En ConectaNEE queremos construir una red colaborativa entre profesionales de los Centros de Educaci\u00f3n Especial. Esta encuesta tiene como objetivo identificar <strong>necesidades reales del aula<\/strong>, dificultades en el acceso a recursos, barreras tecnol\u00f3gicas y propuestas de mejora que puedan servir para desarrollar soluciones compartidas.<\/p>\n\n\n\n<p>Tu experiencia es fundamental. Las respuestas son completamente <strong>an\u00f3nimas<\/strong> (si se prefiere) y se utilizar\u00e1n \u00fanicamente para mejorar la pr\u00e1ctica educativa y para orientar el desarrollo de herramientas accesibles dentro de la plataforma ConectaNEE.<\/p>\n\n\n\n<p>Gracias por dedicar unos minutos a participar.<\/p>\n\n\n\n<p>Pinche en el bot\u00f3n naranja para realizar la encuesta. Se le dirigir\u00e1 a GoogleForms.<\/p>\n\n\n\n<div class=\"wp-block-buttons is-layout-flex wp-block-buttons-is-layout-flex\">\n<div class=\"wp-block-button\"><a class=\"wp-block-button__link wp-element-button\">Docentes y profesionales de CEE<\/a><\/div>\n<\/div>\n\n\n\n<p class=\"has-large-font-size\"><strong>\u2764\ufe0f Encuesta para familias del alumnado<\/strong><\/p>\n\n\n\n<p><br>ConectaNEE nace con el prop\u00f3sito de escuchar, comprender y dar respuesta a las necesidades reales de los alumnos y sus familias. Esta encuesta busca recoger informaci\u00f3n sobre el d\u00eda a d\u00eda del alumnado, las dificultades que encuentran, los apoyos que consideran necesarios y las propuestas que desean compartir.<\/p>\n\n\n\n<p>Tu opini\u00f3n es esencial para construir soluciones inclusivas y adaptadas. La encuesta es <strong>an\u00f3nima<\/strong> (si se prefiere), r\u00e1pida y est\u00e1 dise\u00f1ada para que puedas expresarte con total libertad.<\/p>\n\n\n\n<p>Gracias por colaborar y por ayudar a mejorar la educaci\u00f3n de todos.<\/p>\n\n\n\n<p>Pinche en el bot\u00f3n naranja para realizar la encuesta. Se le dirigir\u00e1 a GoogleForms.<\/p>\n\n\n\n<div class=\"wp-block-buttons is-layout-flex wp-block-buttons-is-layout-flex\">\n<div class=\"wp-block-button\"><a class=\"wp-block-button__link wp-element-button\">Familias<\/a><\/div>\n<\/div>\n","protected":false},"excerpt":{"rendered":"<p>En ConectaNEE queremos conocer de primera mano las necesidades reales de los Centros de Educaci\u00f3n Especial. Para ello, hemos creado dos encuestas breves dirigidas a docentes y familias, con el objetivo de recoger informaci\u00f3n que nos permita desarrollar soluciones educativas y tecnol\u00f3gicas realmente \u00fatiles. Tu participaci\u00f3n es fundamental para mejorar la inclusi\u00f3n, compartir experiencias y &hellip; <a href=\"https:\/\/blog.uclm.es\/21staadee\/curso-3\/\" class=\"more-link\">Seguir leyendo <span class=\"screen-reader-text\">Encuestas<\/span> <span class=\"meta-nav\">&rarr;<\/span><\/a><\/p>\n","protected":false},"author":552,"featured_media":523,"parent":0,"menu_order":0,"comment_status":"open","ping_status":"closed","template":"","meta":{"footnotes":""},"class_list":["post-373","page","type-page","status-publish","has-post-thumbnail","hentry"],"_links":{"self":[{"href":"https:\/\/blog.uclm.es\/21staadee\/wp-json\/wp\/v2\/pages\/373","targetHints":{"allow":["GET"]}}],"collection":[{"href":"https:\/\/blog.uclm.es\/21staadee\/wp-json\/wp\/v2\/pages"}],"about":[{"href":"https:\/\/blog.uclm.es\/21staadee\/wp-json\/wp\/v2\/types\/page"}],"author":[{"embeddable":true,"href":"https:\/\/blog.uclm.es\/21staadee\/wp-json\/wp\/v2\/users\/552"}],"replies":[{"embeddable":true,"href":"https:\/\/blog.uclm.es\/21staadee\/wp-json\/wp\/v2\/comments?post=373"}],"version-history":[{"count":6,"href":"https:\/\/blog.uclm.es\/21staadee\/wp-json\/wp\/v2\/pages\/373\/revisions"}],"predecessor-version":[{"id":522,"href":"https:\/\/blog.uclm.es\/21staadee\/wp-json\/wp\/v2\/pages\/373\/revisions\/522"}],"wp:featuredmedia":[{"embeddable":true,"href":"https:\/\/blog.uclm.es\/21staadee\/wp-json\/wp\/v2\/media\/523"}],"wp:attachment":[{"href":"https:\/\/blog.uclm.es\/21staadee\/wp-json\/wp\/v2\/media?parent=373"}],"curies":[{"name":"wp","href":"https:\/\/api.w.org\/{rel}","templated":true}]}}